{"id":48605,"date":"2024-04-21T04:43:10","date_gmt":"2024-04-20T20:43:10","guid":{"rendered":"https:\/\/xoxdoll.com\/?post_type=product&#038;p=48605"},"modified":"2024-12-20T20:56:13","modified_gmt":"2024-12-20T12:56:13","slug":"custom-made-2016-barbie-doll-for-stamina-training","status":"publish","type":"product","link":"https:\/\/hoxdoll.com\/de\/produkt\/custom-made-2016-barbie-doll-for-stamina-training\/","title":{"rendered":"168 cm gro\u00dfe, ma\u00dfgeschneiderte Barbie-Puppe aus dem Jahr 2016 f\u00fcr Ausdauertraining \u2013 Talyah"},"content":{"rendered":"<h4>Sexpuppe Fotos<\/h4>\n<p><a href=\"https:\/\/hoxdoll.com\/wp-content\/uploads\/2024\/04\/niko-sex-doll-pJx26g13.jpg\"><img fetchpriority=\"high\" decoding=\"async\" class=\"alignnone size-medium wp-image-48637\" src=\"https:\/\/hoxdoll.com\/wp-content\/uploads\/2024\/04\/niko-sex-doll-pJx26g13-400x267.jpg\" alt=\"\" width=\"400\" height=\"267\" srcset=\"https:\/\/hoxdoll.com\/wp-content\/uploads\/2024\/04\/niko-sex-doll-pJx26g13-400x267.jpg 400w, https:\/\/hoxdoll.com\/wp-content\/uploads\/2024\/04\/niko-sex-doll-pJx26g13-430x287.jpg 430w, https:\/\/hoxdoll.com\/wp-content\/uploads\/2024\/04\/niko-sex-doll-pJx26g13-150x100.jpg 150w, https:\/\/hoxdoll.com\/wp-content\/uploads\/2024\/04\/niko-sex-doll-pJx26g13-700x467.jpg 700w, https:\/\/hoxdoll.com\/wp-content\/uploads\/2024\/04\/niko-sex-doll-pJx26g13-768x512.jpg 768w, https:\/\/hoxdoll.com\/wp-content\/uploads\/2024\/04\/niko-sex-doll-pJx26g13-860x573.jpg 860w, https:\/\/hoxdoll.com\/wp-content\/uploads\/2024\/04\/niko-sex-doll-pJx26g13.jpg 900w\" sizes=\"(max-width: 400px) 100vw, 400px\" \/><\/a> <a href=\"https:\/\/hoxdoll.com\/wp-content\/uploads\/2024\/04\/niko-sex-doll-pJx26g12.jpg\"><img decoding=\"async\" class=\"alignnone size-medium wp-image-48633\" src=\"https:\/\/hoxdoll.com\/wp-content\/uploads\/2024\/04\/niko-sex-doll-pJx26g12-400x267.jpg\" alt=\"\" width=\"400\" height=\"267\" srcset=\"https:\/\/hoxdoll.com\/wp-content\/uploads\/2024\/04\/niko-sex-doll-pJx26g12-400x267.jpg 400w, https:\/\/hoxdoll.com\/wp-content\/uploads\/2024\/04\/niko-sex-doll-pJx26g12-430x287.jpg 430w, https:\/\/hoxdoll.com\/wp-content\/uploads\/2024\/04\/niko-sex-doll-pJx26g12-150x100.jpg 150w, https:\/\/hoxdoll.com\/wp-content\/uploads\/2024\/04\/niko-sex-doll-pJx26g12-700x467.jpg 700w, https:\/\/hoxdoll.com\/wp-content\/uploads\/2024\/04\/niko-sex-doll-pJx26g12-768x512.jpg 768w, https:\/\/hoxdoll.com\/wp-content\/uploads\/2024\/04\/niko-sex-doll-pJx26g12-860x573.jpg 860w, https:\/\/hoxdoll.com\/wp-content\/uploads\/2024\/04\/niko-sex-doll-pJx26g12.jpg 900w\" sizes=\"(max-width: 400px) 100vw, 400px\" \/><\/a> <a href=\"https:\/\/hoxdoll.com\/wp-content\/uploads\/2024\/04\/niko-sex-doll-pJx26g11.jpg\"><img decoding=\"async\" class=\"alignnone size-medium wp-image-48630\" src=\"https:\/\/hoxdoll.com\/wp-content\/uploads\/2024\/04\/niko-sex-doll-pJx26g11-200x300.jpg\" alt=\"\" width=\"200\" height=\"300\" srcset=\"https:\/\/hoxdoll.com\/wp-content\/uploads\/2024\/04\/niko-sex-doll-pJx26g11-200x300.jpg 200w, https:\/\/hoxdoll.com\/wp-content\/uploads\/2024\/04\/niko-sex-doll-pJx26g11-430x645.jpg 430w, https:\/\/hoxdoll.com\/wp-content\/uploads\/2024\/04\/niko-sex-doll-pJx26g11-150x225.jpg 150w, https:\/\/hoxdoll.com\/wp-content\/uploads\/2024\/04\/niko-sex-doll-pJx26g11-533x800.jpg 533w, https:\/\/hoxdoll.com\/wp-content\/uploads\/2024\/04\/niko-sex-doll-pJx26g11.jpg 600w\" sizes=\"(max-width: 200px) 100vw, 200px\" \/><\/a> <a href=\"https:\/\/hoxdoll.com\/wp-content\/uploads\/2024\/04\/niko-sex-doll-pJx26g10.jpg\"><img loading=\"lazy\" decoding=\"async\" class=\"alignnone size-medium wp-image-48627\" src=\"https:\/\/hoxdoll.com\/wp-content\/uploads\/2024\/04\/niko-sex-doll-pJx26g10-200x300.jpg\" alt=\"\" width=\"200\" height=\"300\" srcset=\"https:\/\/hoxdoll.com\/wp-content\/uploads\/2024\/04\/niko-sex-doll-pJx26g10-200x300.jpg 200w, https:\/\/hoxdoll.com\/wp-content\/uploads\/2024\/04\/niko-sex-doll-pJx26g10-430x645.jpg 430w, https:\/\/hoxdoll.com\/wp-content\/uploads\/2024\/04\/niko-sex-doll-pJx26g10-150x225.jpg 150w, https:\/\/hoxdoll.com\/wp-content\/uploads\/2024\/04\/niko-sex-doll-pJx26g10-533x800.jpg 533w, https:\/\/hoxdoll.com\/wp-content\/uploads\/2024\/04\/niko-sex-doll-pJx26g10.jpg 600w\" sizes=\"(max-width: 200px) 100vw, 200px\" \/><\/a> <a href=\"https:\/\/hoxdoll.com\/wp-content\/uploads\/2024\/04\/niko-sex-doll-pJx26g14.jpg\"><img loading=\"lazy\" decoding=\"async\" class=\"alignnone size-medium wp-image-48642\" src=\"https:\/\/hoxdoll.com\/wp-content\/uploads\/2024\/04\/niko-sex-doll-pJx26g14-400x267.jpg\" alt=\"\" width=\"400\" height=\"267\" srcset=\"https:\/\/hoxdoll.com\/wp-content\/uploads\/2024\/04\/niko-sex-doll-pJx26g14-400x267.jpg 400w, https:\/\/hoxdoll.com\/wp-content\/uploads\/2024\/04\/niko-sex-doll-pJx26g14-430x287.jpg 430w, https:\/\/hoxdoll.com\/wp-content\/uploads\/2024\/04\/niko-sex-doll-pJx26g14-150x100.jpg 150w, https:\/\/hoxdoll.com\/wp-content\/uploads\/2024\/04\/niko-sex-doll-pJx26g14-700x467.jpg 700w, https:\/\/hoxdoll.com\/wp-content\/uploads\/2024\/04\/niko-sex-doll-pJx26g14-768x512.jpg 768w, https:\/\/hoxdoll.com\/wp-content\/uploads\/2024\/04\/niko-sex-doll-pJx26g14-860x573.jpg 860w, https:\/\/hoxdoll.com\/wp-content\/uploads\/2024\/04\/niko-sex-doll-pJx26g14.jpg 900w\" sizes=\"(max-width: 400px) 100vw, 400px\" \/><\/a><\/p>\n<h4>Ma\u00dfe einer echten Puppe<\/h4>\n<table width=\"286\">\n<tbody>\n<tr>\n<td width=\"165\">Material<\/td>\n<td width=\"121\">TPE<\/td>\n<\/tr>\n<tr>\n<td width=\"165\">H\u00f6he<\/td>\n<td width=\"121\">168 cm<\/td>\n<\/tr>\n<tr>\n<td width=\"165\">Brust<\/td>\n<td width=\"121\">79 cm<\/td>\n<\/tr>\n<tr>\n<td width=\"165\">Taille<\/td>\n<td width=\"121\">52 cm<\/td>\n<\/tr>\n<tr>\n<td width=\"165\">H\u00fcfte<\/td>\n<td width=\"121\">86,5 cm<\/td>\n<\/tr>\n<tr>\n<td width=\"165\">Schulter<\/td>\n<td width=\"121\">31 cm<\/td>\n<\/tr>\n<tr>\n<td width=\"165\">Arm<\/td>\n<td width=\"121\">57 cm<\/td>\n<\/tr>\n<tr>\n<td width=\"165\">Hand<\/td>\n<td width=\"121\">14 cm<\/td>\n<\/tr>\n<tr>\n<td width=\"165\">Bein<\/td>\n<td width=\"121\">91,5 cm<\/td>\n<\/tr>\n<tr>\n<td width=\"165\">F\u00fc\u00dfe<\/td>\n<td width=\"121\">17 cm<\/td>\n<\/tr>\n<tr>\n<td width=\"165\">Orale Tiefe<\/td>\n<td width=\"121\">12 cm<\/td>\n<\/tr>\n<tr>\n<td width=\"165\">Vaginale Tiefe<\/td>\n<td width=\"121\">20 cm<\/td>\n<\/tr>\n<tr>\n<td width=\"165\">Anale Tiefe<\/td>\n<td width=\"121\">15 cm<\/td>\n<\/tr>\n<tr>\n<td width=\"165\">Gewicht<\/td>\n<td width=\"121\">35 kg<\/td>\n<\/tr>\n<\/tbody>\n<\/table>\n<h4>Mehr Informationen<\/h4>\n<p>Do you want a luxury fatty patty sex doll? Well, we have the most expensive, luxury sex doll. Fucking sex dolls like the piper dolls and the jessica sex dolls only sets you up for the best sex. The harmony demo sex doll is propped to show you her beautiful kash doll feet. She is perfect down to her toes, and using her as a barbie doll will make you never want to participate in a chinese sex doll share again. You can dress her up as you need, so you can have a halloween sex doll, or even a policewoman. Anything you want is all yours with this love doll. Extra care was taken in the 3D sex doll factory to make sure that she came out perfect for all of byour explorations of pleasure, and you will join the hundreds of reviews for this doll singing all of her praises.<\/p>\n\t\t<div data-elementor-type=\"section\" data-elementor-id=\"15658\" class=\"elementor elementor-15658\" data-elementor-post-type=\"elementor_library\">\n\t\t\t<div class=\"wd-negative-gap elementor-element elementor-element-661c34e elementor-hidden-desktop elementor-hidden-tablet elementor-hidden-mobile e-flex e-con-boxed e-con e-parent\" data-id=\"661c34e\" data-element_type=\"container\" data-core-v316-plus=\"true\">\n\t\t\t\t\t<div class=\"e-con-inner\">\n\t\t\t\t<div class=\"elementor-element elementor-element-370f68d elementor-widget elementor-widget-wd_text_block\" data-id=\"370f68d\" data-element_type=\"widget\" data-widget_type=\"wd_text_block.default\">\n\t\t\t\t<div class=\"elementor-widget-container\">\n\t\t\t\t\t<div class=\"wd-text-block reset-last-child text-left\">\n\t\t\t\n\t\t\t<p class=\"wd-entities-title title post-title\">Produktbeschreibungsbereich<\/p>\n\t\t\t\t\t<\/div>\n\t\t\t\t<\/div>\n\t\t\t\t<\/div>\n\t\t\t\t\t<\/div>\n\t\t\t\t<\/div>\n\t\t<div class=\"elementor-element elementor-element-84fa065 e-con-full e-flex e-con e-parent\" data-id=\"84fa065\" data-element_type=\"container\" data-core-v316-plus=\"true\">\n\t\t<div class=\"wd-negative-gap elementor-element elementor-element-dcb9bc2 e-flex e-con-boxed e-con e-child\" data-id=\"dcb9bc2\" data-element_type=\"container\" data-settings=\"{&quot;background_background&quot;:&quot;classic&quot;}\">\n\t\t\t\t\t<div class=\"e-con-inner\">\n\t\t\t\t<div class=\"elementor-element elementor-element-1384ec5 elementor-widget__width-initial elementor-widget elementor-widget-wd_text_block\" data-id=\"1384ec5\" data-element_type=\"widget\" data-widget_type=\"wd_text_block.default\">\n\t\t\t\t<div class=\"elementor-widget-container\">\n\t\t\t\t\t<div class=\"wd-text-block reset-last-child text-left\">\n\t\t\t\n\t\t\t<p>Welche Funktionen hat eine Sexpuppe?<\/p>\n\t\t\t\t\t<\/div>\n\t\t\t\t<\/div>\n\t\t\t\t<\/div>\n\t\t\t\t\t<\/div>\n\t\t\t\t<\/div>\n\t\t\t\t<\/div>\n\t\t<div class=\"wd-negative-gap elementor-element elementor-element-bc20dd2 e-flex e-con-boxed e-con e-parent\" data-id=\"bc20dd2\" data-element_type=\"container\" data-core-v316-plus=\"true\">\n\t\t\t\t\t<div class=\"e-con-inner\">\n\t\t\t\t<div class=\"elementor-element elementor-element-fc8a1ce wd-width-100 elementor-widget elementor-widget-wd_title\" data-id=\"fc8a1ce\" data-element_type=\"widget\" data-widget_type=\"wd_title.default\">\n\t\t\t\t<div class=\"elementor-widget-container\">\n\t\t\t\t\t<div class=\"title-wrapper set-mb-s reset-last-child wd-title-color-default wd-title-style-default wd-title-size-default text-center\">\n\n\t\t\t\n\t\t\t<div class=\"liner-continer\">\n\t\t\t\t<h4 class=\"woodmart-title-container title wd-fontsize-l\">Sexpuppen-Skelett-Show<\/h4> \n\t\t\t\t\t\t\t<\/div>\n\n\t\t\t\t\t<\/div>\n\t\t\t\t<\/div>\n\t\t\t\t<\/div>\n\t\t\t\t<div class=\"elementor-element elementor-element-b409bc2 elementor-widget elementor-widget-image\" data-id=\"b409bc2\" data-element_type=\"widget\" data-widget_type=\"image.default\">\n\t\t\t\t<div class=\"elementor-widget-container\">\n\t\t\t<style>\/*! elementor - v3.20.0 - 20-03-2024 *\/\n.elementor-widget-image{text-align:center}.elementor-widget-image a{display:inline-block}.elementor-widget-image a img[src$=\".svg\"]{width:48px}.elementor-widget-image img{vertical-align:middle;display:inline-block}<\/style>\t\t\t\t\t\t\t\t\t\t<img loading=\"lazy\" decoding=\"async\" width=\"1300\" height=\"601\" src=\"https:\/\/hoxdoll.com\/wp-content\/uploads\/2024\/03\/pages-skeleton-1-1300x601.jpg\" class=\"attachment-large size-large wp-image-51679\" alt=\"\" srcset=\"https:\/\/hoxdoll.com\/wp-content\/uploads\/2024\/03\/pages-skeleton-1-1300x601.jpg 1300w, https:\/\/hoxdoll.com\/wp-content\/uploads\/2024\/03\/pages-skeleton-1-400x185.jpg 400w, https:\/\/hoxdoll.com\/wp-content\/uploads\/2024\/03\/pages-skeleton-1-768x355.jpg 768w, https:\/\/hoxdoll.com\/wp-content\/uploads\/2024\/03\/pages-skeleton-1-18x8.jpg 18w, https:\/\/hoxdoll.com\/wp-content\/uploads\/2024\/03\/pages-skeleton-1-860x397.jpg 860w, https:\/\/hoxdoll.com\/wp-content\/uploads\/2024\/03\/pages-skeleton-1-430x199.jpg 430w, https:\/\/hoxdoll.com\/wp-content\/uploads\/2024\/03\/pages-skeleton-1-700x323.jpg 700w, https:\/\/hoxdoll.com\/wp-content\/uploads\/2024\/03\/pages-skeleton-1-150x69.jpg 150w, https:\/\/hoxdoll.com\/wp-content\/uploads\/2024\/03\/pages-skeleton-1.jpg 1500w\" sizes=\"(max-width: 1300px) 100vw, 1300px\" \/>\t\t\t\t\t\t\t\t\t\t\t\t\t<\/div>\n\t\t\t\t<\/div>\n\t\t\t\t\t<\/div>\n\t\t\t\t<\/div>\n\t\t\t\t<\/div>","protected":false},"excerpt":{"rendered":"<div data-elementor-type=\"section\" data-elementor-id=\"15655\" class=\"elementor elementor-15655\" data-elementor-post-type=\"elementor_library\">\n<div class=\"wd-negative-gap elementor-element elementor-element-a53fbc2 e-flex e-con-boxed e-con e-parent\" data-id=\"a53fbc2\" data-element_type=\"container\" data-settings=\"{&quot;background_background&quot;:&quot;classic&quot;}\" data-core-v316-plus=\"true\">\n<div class=\"e-con-inner\">\n<div class=\"elementor-element elementor-element-c85fa0f elementor-widget elementor-widget-heading\" data-id=\"c85fa0f\" data-element_type=\"widget\" data-widget_type=\"heading.default\">\n<div class=\"elementor-widget-container\">\n<style>\/*! elementor - v3.20.0 - 20-03-2024 *\/\n.elementor-heading-title{padding:0;margin:0;line-height:1}.elementor-widget-heading .elementor-heading-title[class*=elementor-size-]>a{color:inherit;font-size:inherit;line-height:inherit}.elementor-widget-heading .elementor-heading-title.elementor-size-small{font-size:15px}.elementor-widget-heading .elementor-heading-title.elementor-size-medium{font-size:19px}.elementor-widget-heading .elementor-heading-title.elementor-size-large{font-size:29px}.elementor-widget-heading .elementor-heading-title.elementor-size-xl{font-size:39px}.elementor-widget-heading .elementor-heading-title.elementor-size-xxl{font-size:59px}<\/style>\n<h2 class=\"elementor-heading-title elementor-size-default\">Genie\u00dfen Sie das Sonderangebot<\/h2>\n<\/p><\/div>\n<\/p><\/div>\n<div class=\"elementor-element elementor-element-c5ac267 elementor-widget elementor-widget-toggle\" data-id=\"c5ac267\" data-element_type=\"widget\" data-widget_type=\"toggle.default\">\n<div class=\"elementor-widget-container\">\n<style>.elementor-toggle{text-align:left}.elementor-toggle .elementor-tab-title{font-weight:700;line-height:1;margin:0;padding:15px;border-bottom:1px solid #d5d8dc;cursor:pointer;outline:none}.elementor-toggle .elementor-tab-title .elementor-toggle-icon{display:inline-block;width:1em}.elementor-toggle .elementor-tab-title .elementor-toggle-icon svg{margin-inline-start:-5px;width:1em;height:1em}.elementor-toggle .elementor-tab-title .elementor-toggle-icon.elementor-toggle-icon-right{float:right;text-align:right}.elementor-toggle .elementor-tab-title .elementor-toggle-icon.elementor-toggle-icon-left{float:left;text-align:left}.elementor-toggle .elementor-tab-title .elementor-toggle-icon .elementor-toggle-icon-closed{display:block}.elementor-toggle .elementor-tab-title .elementor-toggle-icon .elementor-toggle-icon-opened{display:none}.elementor-toggle .elementor-tab-title.elementor-active{border-bottom:none}.elementor-toggle .elementor-tab-title.elementor-active .elementor-toggle-icon-closed{display:none}.elementor-toggle .elementor-tab-title.elementor-active .elementor-toggle-icon-opened{display:block}.elementor-toggle .elementor-tab-content{padding:15px;border-bottom:1px solid #d5d8dc;display:none}@media (max-width:768px){.elementor-toggle .elementor-tab-title{padding:12px}.elementor-toggle .elementor-tab-content{padding:12px 10px}}.e-con-inner>.elementor-widget-toggle,.e-con>.elementor-widget-toggle{width:var(--container-widget-width);--flex-grow:var(--container-widget-flex-grow)}<\/style>\n<div class=\"elementor-toggle\">\n<div class=\"elementor-toggle-item\">\n<div id=\"elementor-tab-title-2071\" class=\"elementor-tab-title\" data-tab=\"1\" role=\"button\" aria-controls=\"elementor-tab-content-2071\" aria-expanded=\"false\">\n\t\t\t\t\t\t\t\t\t\t\t\t<span class=\"elementor-toggle-icon elementor-toggle-icon-right\" aria-hidden=\"true\"><br \/>\n\t\t\t\t\t\t\t\t\t\t\t\t\t\t\t<span class=\"elementor-toggle-icon-closed\"><svg class=\"e-font-icon-svg e-fas-angle-double-down\" viewbox=\"0 0 320 512\" xmlns=\"http:\/\/www.w3.org\/2000\/svg\"><path d=\"M143 256.3L7 120.3c-9.4-9.4-9.4-24.6 0-33.9l22.6-22.6c9.4-9.4 24.6-9.4 33.9 0l96.4 96.4 96.4-96.4c9.4-9.4 24.6-9.4 33.9 0L313 86.3c9.4 9.4 9.4 24.6 0 33.9l-136 136c-9.4 9.5-24.6 9.5-34 .1zm34 192l136-136c9.4-9.4 9.4-24.6 0-33.9l-22.6-22.6c-9.4-9.4-24.6-9.4-33.9 0L160 352.1l-96.4-96.4c-9.4-9.4-24.6-9.4-33.9 0L7 278.3c-9.4 9.4-9.4 24.6 0 33.9l136 136c9.4 9.5 24.6 9.5 34 .1z\"><\/path><\/svg><\/span><br \/>\n\t\t\t\t\t\t\t\t<span class=\"elementor-toggle-icon-opened\"><svg class=\"elementor-toggle-icon-opened e-font-icon-svg e-fas-angle-double-up\" viewbox=\"0 0 320 512\" xmlns=\"http:\/\/www.w3.org\/2000\/svg\"><path d=\"M177 255.7l136 136c9.4 9.4 9.4 24.6 0 33.9l-22.6 22.6c-9.4 9.4-24.6 9.4-33.9 0L160 351.9l-96.4 96.4c-9.4 9.4-24.6 9.4-33.9 0L7 425.7c-9.4-9.4-9.4-24.6 0-33.9l136-136c9.4-9.5 24.6-9.5 34-.1zm-34-192L7 199.7c-9.4 9.4-9.4 24.6 0 33.9l22.6 22.6c9.4 9.4 24.6 9.4 33.9 0l96.4-96.4 96.4 96.4c9.4 9.4 24.6 9.4 33.9 0l22.6-22.6c9.4-9.4 9.4-24.6 0-33.9l-136-136c-9.2-9.4-24.4-9.4-33.8 0z\"><\/path><\/svg><\/span><br \/>\n\t\t\t\t\t\t\t\t\t\t\t\t\t<\/span><br \/>\n\t\t\t\t\t\t\t\t\t\t\t\t<a class=\"elementor-toggle-title\" tabindex=\"0\">Echte autorisierte H\u00e4ndler<\/a>\n\t\t\t\t\t<\/div>\n<div id=\"elementor-tab-content-2071\" class=\"elementor-tab-content elementor-clearfix\" data-tab=\"1\" role=\"region\" aria-labelledby=\"elementor-tab-title-2071\">\n<p>HoxDoll ist ein autorisierter H\u00e4ndler f\u00fcr Sexpuppen. HoxDoll konzentriert sich darauf, aufstrebende chinesische Unternehmen mit gro\u00dfartiger Puppenkunst zu unterst\u00fctzen. HoxDoll bietet Puppenliebhabern weltweit hochwertige, preisg\u00fcnstige Sexpuppen an.<\/p>\n<\/div><\/div>\n<div class=\"elementor-toggle-item\">\n<div id=\"elementor-tab-title-2072\" class=\"elementor-tab-title\" data-tab=\"2\" role=\"button\" aria-controls=\"elementor-tab-content-2072\" aria-expanded=\"false\">\n\t\t\t\t\t\t\t\t\t\t\t\t<span class=\"elementor-toggle-icon elementor-toggle-icon-right\" aria-hidden=\"true\"><br \/>\n\t\t\t\t\t\t\t\t\t\t\t\t\t\t\t<span class=\"elementor-toggle-icon-closed\"><svg class=\"e-font-icon-svg e-fas-angle-double-down\" viewbox=\"0 0 320 512\" xmlns=\"http:\/\/www.w3.org\/2000\/svg\"><path d=\"M143 256.3L7 120.3c-9.4-9.4-9.4-24.6 0-33.9l22.6-22.6c9.4-9.4 24.6-9.4 33.9 0l96.4 96.4 96.4-96.4c9.4-9.4 24.6-9.4 33.9 0L313 86.3c9.4 9.4 9.4 24.6 0 33.9l-136 136c-9.4 9.5-24.6 9.5-34 .1zm34 192l136-136c9.4-9.4 9.4-24.6 0-33.9l-22.6-22.6c-9.4-9.4-24.6-9.4-33.9 0L160 352.1l-96.4-96.4c-9.4-9.4-24.6-9.4-33.9 0L7 278.3c-9.4 9.4-9.4 24.6 0 33.9l136 136c9.4 9.5 24.6 9.5 34 .1z\"><\/path><\/svg><\/span><br \/>\n\t\t\t\t\t\t\t\t<span class=\"elementor-toggle-icon-opened\"><svg class=\"elementor-toggle-icon-opened e-font-icon-svg e-fas-angle-double-up\" viewbox=\"0 0 320 512\" xmlns=\"http:\/\/www.w3.org\/2000\/svg\"><path d=\"M177 255.7l136 136c9.4 9.4 9.4 24.6 0 33.9l-22.6 22.6c-9.4 9.4-24.6 9.4-33.9 0L160 351.9l-96.4 96.4c-9.4 9.4-24.6 9.4-33.9 0L7 425.7c-9.4-9.4-9.4-24.6 0-33.9l136-136c9.4-9.5 24.6-9.5 34-.1zm-34-192L7 199.7c-9.4 9.4-9.4 24.6 0 33.9l22.6 22.6c9.4 9.4 24.6 9.4 33.9 0l96.4-96.4 96.4 96.4c9.4 9.4 24.6 9.4 33.9 0l22.6-22.6c9.4-9.4 9.4-24.6 0-33.9l-136-136c-9.2-9.4-24.4-9.4-33.8 0z\"><\/path><\/svg><\/span><br \/>\n\t\t\t\t\t\t\t\t\t\t\t\t\t<\/span><br \/>\n\t\t\t\t\t\t\t\t\t\t\t\t<a class=\"elementor-toggle-title\" tabindex=\"0\">Bestellung und Lieferung<\/a>\n\t\t\t\t\t<\/div>\n<div id=\"elementor-tab-content-2072\" class=\"elementor-tab-content elementor-clearfix\" data-tab=\"2\" role=\"region\" aria-labelledby=\"elementor-tab-title-2072\">\n<p>HoxDoll unterst\u00fctzt verschiedene Zahlungsarten wie Kreditkarten, Paypal und Bank\u00fcberweisungen.<\/p>\n<p>Wenn Sie Kreditkarten als Zahlungsmittel verwenden, sollte der Betrag $1100 nicht \u00fcberschreiten, da die Bestellung sonst nicht erfolgreich ist. Wenn Sie PayPal oder Bank\u00fcberweisungen verwenden, beachten Sie bitte, dass PayPal aufgrund der einzigartigen Beschaffenheit von Puppen nicht automatisch Geld abbuchen kann. Um eine Zahlung auf unser PayPal-Konto zu t\u00e4tigen, verwenden Sie bitte die PayPal-App oder -Website. Bitte senden Sie den Snapshot der erfolgreichen Zahlung, nachdem diese eingegangen ist. Wir verwenden Betrugsschutztechnologie (SSL-verschl\u00fcsselt), um Ihre Sicherheit zu gew\u00e4hrleisten, wie das Bild zeigt.<\/p>\n<\/div><\/div>\n<div class=\"elementor-toggle-item\">\n<div id=\"elementor-tab-title-2073\" class=\"elementor-tab-title\" data-tab=\"3\" role=\"button\" aria-controls=\"elementor-tab-content-2073\" aria-expanded=\"false\">\n\t\t\t\t\t\t\t\t\t\t\t\t<span class=\"elementor-toggle-icon elementor-toggle-icon-right\" aria-hidden=\"true\"><br \/>\n\t\t\t\t\t\t\t\t\t\t\t\t\t\t\t<span class=\"elementor-toggle-icon-closed\"><svg class=\"e-font-icon-svg e-fas-angle-double-down\" viewbox=\"0 0 320 512\" xmlns=\"http:\/\/www.w3.org\/2000\/svg\"><path d=\"M143 256.3L7 120.3c-9.4-9.4-9.4-24.6 0-33.9l22.6-22.6c9.4-9.4 24.6-9.4 33.9 0l96.4 96.4 96.4-96.4c9.4-9.4 24.6-9.4 33.9 0L313 86.3c9.4 9.4 9.4 24.6 0 33.9l-136 136c-9.4 9.5-24.6 9.5-34 .1zm34 192l136-136c9.4-9.4 9.4-24.6 0-33.9l-22.6-22.6c-9.4-9.4-24.6-9.4-33.9 0L160 352.1l-96.4-96.4c-9.4-9.4-24.6-9.4-33.9 0L7 278.3c-9.4 9.4-9.4 24.6 0 33.9l136 136c9.4 9.5 24.6 9.5 34 .1z\"><\/path><\/svg><\/span><br \/>\n\t\t\t\t\t\t\t\t<span class=\"elementor-toggle-icon-opened\"><svg class=\"elementor-toggle-icon-opened e-font-icon-svg e-fas-angle-double-up\" viewbox=\"0 0 320 512\" xmlns=\"http:\/\/www.w3.org\/2000\/svg\"><path d=\"M177 255.7l136 136c9.4 9.4 9.4 24.6 0 33.9l-22.6 22.6c-9.4 9.4-24.6 9.4-33.9 0L160 351.9l-96.4 96.4c-9.4 9.4-24.6 9.4-33.9 0L7 425.7c-9.4-9.4-9.4-24.6 0-33.9l136-136c9.4-9.5 24.6-9.5 34-.1zm-34-192L7 199.7c-9.4 9.4-9.4 24.6 0 33.9l22.6 22.6c9.4 9.4 24.6 9.4 33.9 0l96.4-96.4 96.4 96.4c9.4 9.4 24.6 9.4 33.9 0l22.6-22.6c9.4-9.4 9.4-24.6 0-33.9l-136-136c-9.2-9.4-24.4-9.4-33.8 0z\"><\/path><\/svg><\/span><br \/>\n\t\t\t\t\t\t\t\t\t\t\t\t\t<\/span><br \/>\n\t\t\t\t\t\t\t\t\t\t\t\t<a class=\"elementor-toggle-title\" tabindex=\"0\">Warum sollten Sie sich bei Sexpuppen f\u00fcr HoxDoll entscheiden?<\/a>\n\t\t\t\t\t<\/div>\n<div id=\"elementor-tab-content-2073\" class=\"elementor-tab-content elementor-clearfix\" data-tab=\"3\" role=\"region\" aria-labelledby=\"elementor-tab-title-2073\">\n<ul>\n<li>HoxDoll ist ein H\u00e4ndler f\u00fcr offiziell lizenzierte Sexpuppen.<\/li>\n<li>Ihre Zahlung ist vollkommen sicher und durch SSL gesch\u00fctzt. Sie m\u00fcssen sich keine Sorgen machen, dass Ihre Daten kompromittiert werden.<\/li>\n<li>Der Service bei HoxDoll ist professionell. Sie k\u00f6nnen unseren Kundendienst jederzeit erreichen, wenn Sie Fragen oder W\u00fcnsche haben. Um Ihnen bei der L\u00f6sung des Problems zu helfen, werden wir Ihnen innerhalb von 24 Stunden antworten.<\/li>\n<li>HoxDoll bietet kostenlosen Luftversand an. 99% der Bestellungen sind frei von zus\u00e4tzlichen Geb\u00fchren.<\/li>\n<\/ul>\n<\/div><\/div>\n<\/p><\/div>\n<\/p><\/div>\n<\/p><\/div>\n<\/p><\/div>\n<\/p><\/div>\n<\/p><\/div>","protected":false},"featured_media":48670,"comment_status":"open","ping_status":"closed","template":"","meta":{"rank_math_lock_modified_date":false},"product_brand":[],"product_cat":[102,106,97,92,74,96,113],"product_tag":[],"class_list":{"0":"post-48605","1":"product","2":"type-product","3":"status-publish","4":"has-post-thumbnail","6":"product_cat-160cm-169cm","7":"product_cat-31kg-35kg","8":"product_cat-asian-sex-doll","9":"product_cat-medium-breast-sex-doll","10":"product_cat-naked-sex-doll","11":"product_cat-skinny-sex-doll","12":"product_cat-tpe-sex-dolls","13":"tm-has-options","15":"first","16":"instock","17":"sale","18":"shipping-taxable","19":"purchasable","20":"product-type-simple"},"_links":{"self":[{"href":"https:\/\/hoxdoll.com\/de\/wp-json\/wp\/v2\/product\/48605","targetHints":{"allow":["GET"]}}],"collection":[{"href":"https:\/\/hoxdoll.com\/de\/wp-json\/wp\/v2\/product"}],"about":[{"href":"https:\/\/hoxdoll.com\/de\/wp-json\/wp\/v2\/types\/product"}],"replies":[{"embeddable":true,"href":"https:\/\/hoxdoll.com\/de\/wp-json\/wp\/v2\/comments?post=48605"}],"version-history":[{"count":5,"href":"https:\/\/hoxdoll.com\/de\/wp-json\/wp\/v2\/product\/48605\/revisions"}],"predecessor-version":[{"id":54436,"href":"https:\/\/hoxdoll.com\/de\/wp-json\/wp\/v2\/product\/48605\/revisions\/54436"}],"wp:featuredmedia":[{"embeddable":true,"href":"https:\/\/hoxdoll.com\/de\/wp-json\/wp\/v2\/media\/48670"}],"wp:attachment":[{"href":"https:\/\/hoxdoll.com\/de\/wp-json\/wp\/v2\/media?parent=48605"}],"wp:term":[{"taxonomy":"product_brand","embeddable":true,"href":"https:\/\/hoxdoll.com\/de\/wp-json\/wp\/v2\/product_brand?post=48605"},{"taxonomy":"product_cat","embeddable":true,"href":"https:\/\/hoxdoll.com\/de\/wp-json\/wp\/v2\/product_cat?post=48605"},{"taxonomy":"product_tag","embeddable":true,"href":"https:\/\/hoxdoll.com\/de\/wp-json\/wp\/v2\/product_tag?post=48605"}],"curies":[{"name":"wp","href":"https:\/\/api.w.org\/{rel}","templated":true}]}}