{"id":38715,"date":"2024-04-19T02:46:02","date_gmt":"2024-04-18T18:46:02","guid":{"rendered":"https:\/\/xoxdoll.com\/?post_type=product&#038;p=38715"},"modified":"2024-07-30T03:29:01","modified_gmt":"2024-07-29T19:29:01","slug":"artificial-velvet-hippie-sex-doll-reviews","status":"publish","type":"product","link":"https:\/\/hoxdoll.com\/de\/produkt\/artificial-velvet-hippie-sex-doll-reviews\/","title":{"rendered":"158 cm Kunstsamt-Hippie-Sexpuppe Bewertungen \u2013 Kathie"},"content":{"rendered":"<h4>Sexpuppe Fotos<\/h4>\n<p><a href=\"https:\/\/hoxdoll.com\/wp-content\/uploads\/2024\/04\/meiki-sex-doll-d6y8uj7.jpg\"><img fetchpriority=\"high\" decoding=\"async\" class=\"alignnone size-medium wp-image-38726\" src=\"https:\/\/hoxdoll.com\/wp-content\/uploads\/2024\/04\/meiki-sex-doll-d6y8uj7-400x267.jpg\" alt=\"\" width=\"400\" height=\"267\" srcset=\"https:\/\/hoxdoll.com\/wp-content\/uploads\/2024\/04\/meiki-sex-doll-d6y8uj7-400x267.jpg 400w, https:\/\/hoxdoll.com\/wp-content\/uploads\/2024\/04\/meiki-sex-doll-d6y8uj7-430x287.jpg 430w, https:\/\/hoxdoll.com\/wp-content\/uploads\/2024\/04\/meiki-sex-doll-d6y8uj7-150x100.jpg 150w, https:\/\/hoxdoll.com\/wp-content\/uploads\/2024\/04\/meiki-sex-doll-d6y8uj7-700x467.jpg 700w, https:\/\/hoxdoll.com\/wp-content\/uploads\/2024\/04\/meiki-sex-doll-d6y8uj7-768x512.jpg 768w, https:\/\/hoxdoll.com\/wp-content\/uploads\/2024\/04\/meiki-sex-doll-d6y8uj7-860x573.jpg 860w, https:\/\/hoxdoll.com\/wp-content\/uploads\/2024\/04\/meiki-sex-doll-d6y8uj7.jpg 900w\" sizes=\"(max-width: 400px) 100vw, 400px\" \/><\/a> <a href=\"https:\/\/hoxdoll.com\/wp-content\/uploads\/2024\/04\/meiki-sex-doll-d6y8uj6.jpg\"><img decoding=\"async\" class=\"alignnone size-medium wp-image-38725\" src=\"https:\/\/hoxdoll.com\/wp-content\/uploads\/2024\/04\/meiki-sex-doll-d6y8uj6-400x267.jpg\" alt=\"\" width=\"400\" height=\"267\" srcset=\"https:\/\/hoxdoll.com\/wp-content\/uploads\/2024\/04\/meiki-sex-doll-d6y8uj6-400x267.jpg 400w, https:\/\/hoxdoll.com\/wp-content\/uploads\/2024\/04\/meiki-sex-doll-d6y8uj6-430x287.jpg 430w, https:\/\/hoxdoll.com\/wp-content\/uploads\/2024\/04\/meiki-sex-doll-d6y8uj6-150x100.jpg 150w, https:\/\/hoxdoll.com\/wp-content\/uploads\/2024\/04\/meiki-sex-doll-d6y8uj6-700x467.jpg 700w, https:\/\/hoxdoll.com\/wp-content\/uploads\/2024\/04\/meiki-sex-doll-d6y8uj6-768x512.jpg 768w, https:\/\/hoxdoll.com\/wp-content\/uploads\/2024\/04\/meiki-sex-doll-d6y8uj6-860x573.jpg 860w, https:\/\/hoxdoll.com\/wp-content\/uploads\/2024\/04\/meiki-sex-doll-d6y8uj6.jpg 900w\" sizes=\"(max-width: 400px) 100vw, 400px\" \/><\/a> <a href=\"https:\/\/hoxdoll.com\/wp-content\/uploads\/2024\/04\/meiki-sex-doll-d6y8uj5.jpg\"><img decoding=\"async\" class=\"alignnone size-medium wp-image-38724\" src=\"https:\/\/hoxdoll.com\/wp-content\/uploads\/2024\/04\/meiki-sex-doll-d6y8uj5-400x267.jpg\" alt=\"\" width=\"400\" height=\"267\" srcset=\"https:\/\/hoxdoll.com\/wp-content\/uploads\/2024\/04\/meiki-sex-doll-d6y8uj5-400x267.jpg 400w, https:\/\/hoxdoll.com\/wp-content\/uploads\/2024\/04\/meiki-sex-doll-d6y8uj5-430x287.jpg 430w, https:\/\/hoxdoll.com\/wp-content\/uploads\/2024\/04\/meiki-sex-doll-d6y8uj5-150x100.jpg 150w, https:\/\/hoxdoll.com\/wp-content\/uploads\/2024\/04\/meiki-sex-doll-d6y8uj5-700x467.jpg 700w, https:\/\/hoxdoll.com\/wp-content\/uploads\/2024\/04\/meiki-sex-doll-d6y8uj5-768x512.jpg 768w, https:\/\/hoxdoll.com\/wp-content\/uploads\/2024\/04\/meiki-sex-doll-d6y8uj5-860x573.jpg 860w, https:\/\/hoxdoll.com\/wp-content\/uploads\/2024\/04\/meiki-sex-doll-d6y8uj5.jpg 900w\" sizes=\"(max-width: 400px) 100vw, 400px\" \/><\/a> <a href=\"https:\/\/hoxdoll.com\/wp-content\/uploads\/2024\/04\/meiki-sex-doll-d6y8uj4.jpg\"><img loading=\"lazy\" decoding=\"async\" class=\"alignnone size-medium wp-image-38723\" src=\"https:\/\/hoxdoll.com\/wp-content\/uploads\/2024\/04\/meiki-sex-doll-d6y8uj4-200x300.jpg\" alt=\"\" width=\"200\" height=\"300\" srcset=\"https:\/\/hoxdoll.com\/wp-content\/uploads\/2024\/04\/meiki-sex-doll-d6y8uj4-200x300.jpg 200w, https:\/\/hoxdoll.com\/wp-content\/uploads\/2024\/04\/meiki-sex-doll-d6y8uj4-430x645.jpg 430w, https:\/\/hoxdoll.com\/wp-content\/uploads\/2024\/04\/meiki-sex-doll-d6y8uj4-150x225.jpg 150w, https:\/\/hoxdoll.com\/wp-content\/uploads\/2024\/04\/meiki-sex-doll-d6y8uj4-533x800.jpg 533w, https:\/\/hoxdoll.com\/wp-content\/uploads\/2024\/04\/meiki-sex-doll-d6y8uj4.jpg 600w\" sizes=\"(max-width: 200px) 100vw, 200px\" \/><\/a> <a href=\"https:\/\/hoxdoll.com\/wp-content\/uploads\/2024\/04\/meiki-sex-doll-d6y8uj9.jpg\"><img loading=\"lazy\" decoding=\"async\" class=\"alignnone size-medium wp-image-38728\" src=\"https:\/\/hoxdoll.com\/wp-content\/uploads\/2024\/04\/meiki-sex-doll-d6y8uj9-400x267.jpg\" alt=\"\" width=\"400\" height=\"267\" srcset=\"https:\/\/hoxdoll.com\/wp-content\/uploads\/2024\/04\/meiki-sex-doll-d6y8uj9-400x267.jpg 400w, https:\/\/hoxdoll.com\/wp-content\/uploads\/2024\/04\/meiki-sex-doll-d6y8uj9-430x287.jpg 430w, https:\/\/hoxdoll.com\/wp-content\/uploads\/2024\/04\/meiki-sex-doll-d6y8uj9-150x100.jpg 150w, https:\/\/hoxdoll.com\/wp-content\/uploads\/2024\/04\/meiki-sex-doll-d6y8uj9-700x467.jpg 700w, https:\/\/hoxdoll.com\/wp-content\/uploads\/2024\/04\/meiki-sex-doll-d6y8uj9-768x512.jpg 768w, https:\/\/hoxdoll.com\/wp-content\/uploads\/2024\/04\/meiki-sex-doll-d6y8uj9-860x573.jpg 860w, https:\/\/hoxdoll.com\/wp-content\/uploads\/2024\/04\/meiki-sex-doll-d6y8uj9.jpg 900w\" sizes=\"(max-width: 400px) 100vw, 400px\" \/><\/a> <a href=\"https:\/\/hoxdoll.com\/wp-content\/uploads\/2024\/04\/meiki-sex-doll-d6y8uj8.jpg\"><img loading=\"lazy\" decoding=\"async\" class=\"alignnone size-medium wp-image-38727\" src=\"https:\/\/hoxdoll.com\/wp-content\/uploads\/2024\/04\/meiki-sex-doll-d6y8uj8-400x267.jpg\" alt=\"\" width=\"400\" height=\"267\" srcset=\"https:\/\/hoxdoll.com\/wp-content\/uploads\/2024\/04\/meiki-sex-doll-d6y8uj8-400x267.jpg 400w, https:\/\/hoxdoll.com\/wp-content\/uploads\/2024\/04\/meiki-sex-doll-d6y8uj8-430x287.jpg 430w, https:\/\/hoxdoll.com\/wp-content\/uploads\/2024\/04\/meiki-sex-doll-d6y8uj8-150x100.jpg 150w, https:\/\/hoxdoll.com\/wp-content\/uploads\/2024\/04\/meiki-sex-doll-d6y8uj8-700x467.jpg 700w, https:\/\/hoxdoll.com\/wp-content\/uploads\/2024\/04\/meiki-sex-doll-d6y8uj8-768x512.jpg 768w, https:\/\/hoxdoll.com\/wp-content\/uploads\/2024\/04\/meiki-sex-doll-d6y8uj8-860x573.jpg 860w, https:\/\/hoxdoll.com\/wp-content\/uploads\/2024\/04\/meiki-sex-doll-d6y8uj8.jpg 900w\" sizes=\"(max-width: 400px) 100vw, 400px\" \/><\/a><\/p>\n<h4>Ma\u00dfe einer echten Puppe<\/h4>\n<table width=\"286\">\n<tbody>\n<tr>\n<td width=\"165\">Material<\/td>\n<td width=\"121\">TPE<\/td>\n<\/tr>\n<tr>\n<td>H\u00f6he<\/td>\n<td>158 cm<\/td>\n<\/tr>\n<tr>\n<td>Schulterbreite<\/td>\n<td>33 cm<\/td>\n<\/tr>\n<tr>\n<td>Obere Brust<\/td>\n<td>76,5 cm<\/td>\n<\/tr>\n<tr>\n<td>Untere Brust<\/td>\n<td>55,5 cm<\/td>\n<\/tr>\n<tr>\n<td>Taille<\/td>\n<td>48 cm<\/td>\n<\/tr>\n<tr>\n<td>H\u00fcfte<\/td>\n<td>78 cm<\/td>\n<\/tr>\n<tr>\n<td>B\u00fcgell\u00e4nge<\/td>\n<td>43 cm<\/td>\n<\/tr>\n<tr>\n<td>Handl\u00e4nge<\/td>\n<td>17 cm<\/td>\n<\/tr>\n<tr>\n<td>Beinl\u00e4nge<\/td>\n<td>89 cm<\/td>\n<\/tr>\n<tr>\n<td>Fu\u00dfl\u00e4nge<\/td>\n<td>20 cm<\/td>\n<\/tr>\n<tr>\n<td>Mundtiefe<\/td>\n<td>15,5 cm<\/td>\n<\/tr>\n<tr>\n<td>Vaginatiefe<\/td>\n<td>18 cm<\/td>\n<\/tr>\n<tr>\n<td>Anustiefe<\/td>\n<td>15 cm<\/td>\n<\/tr>\n<tr>\n<td>Gewicht<\/td>\n<td>30,3 kg<\/td>\n<\/tr>\n<\/tbody>\n<\/table>\n<h4>Mehr Informationen<\/h4>\n<p>Gelegentlich freuen wir uns sehr, neue Produkte f\u00fcr unsere Puppenkollektion vorstellen zu k\u00f6nnen, und dies ist die Hippie-Puppe. Wie die meisten Barbie-Puppen vermittelt auch diese eine gewisse Freiheit und einen gewissen Geist, ihr Haar ist lang und offen und sie tr\u00e4gt lockere und lockere Kleidung. Bitte sehen Sie sich die Bilder an, auf denen Sie sehen k\u00f6nnen, wie sie aussieht; Ideal f\u00fcr Leute, die ihrem Schlafzimmer etwas Siebziger-Feeling verleihen m\u00f6chten oder einfach nur Spa\u00df beim Surfen im Internet haben m\u00f6chten.<\/p>\n<p>Diese Puppe ist jedoch nicht nur eine sch\u00f6ne Statue, die durch eine innenliegende, aufgewickelte Feder zum Leben erweckt wird. Schlie\u00dflich wissen wir, dass jeder unterschiedliche Bed\u00fcrfnisse hat, und deshalb bieten wir ihnen eine weitere M\u00f6glichkeit \u2013 die Miete unserer Sexpuppen. Richtige Professionalit\u00e4t im Gesch\u00e4ftsleben erfordert viel Verst\u00e4ndnis und Sauberkeit bei den Dienstleistungen, die wir anbieten, auch wenn sie gemietet werden.<\/p>\n<p>Arnold, lernen Sie unsere Hippie-Puppe kennen, die in Ihnen den Wunsch nach mehr sexueller Befriedigung wecken kann. Besuchen Sie unsere Website oder rufen Sie uns an! Stecken Sie sich ein paar Blumen ins Haar, tragen Sie ein G\u00e4nsebl\u00fcmchen-Frisur mit Stil und scheiteln Sie Ihr Haar in der Mitte f\u00fcr einen Moment der Freiheit, denn Ver\u00e4nderung ist m\u00f6glich.<\/p>\n\t\t<div data-elementor-type=\"section\" data-elementor-id=\"15658\" class=\"elementor elementor-15658\" data-elementor-post-type=\"elementor_library\">\n\t\t\t<div class=\"wd-negative-gap elementor-element elementor-element-661c34e elementor-hidden-desktop elementor-hidden-tablet elementor-hidden-mobile e-flex e-con-boxed e-con e-parent\" data-id=\"661c34e\" data-element_type=\"container\" data-core-v316-plus=\"true\">\n\t\t\t\t\t<div class=\"e-con-inner\">\n\t\t\t\t<div class=\"elementor-element elementor-element-370f68d elementor-widget elementor-widget-wd_text_block\" data-id=\"370f68d\" data-element_type=\"widget\" data-widget_type=\"wd_text_block.default\">\n\t\t\t\t<div class=\"elementor-widget-container\">\n\t\t\t\t\t<div class=\"wd-text-block reset-last-child text-left\">\n\t\t\t\n\t\t\t<p class=\"wd-entities-title title post-title\">Produktbeschreibungsbereich<\/p>\n\t\t\t\t\t<\/div>\n\t\t\t\t<\/div>\n\t\t\t\t<\/div>\n\t\t\t\t\t<\/div>\n\t\t\t\t<\/div>\n\t\t<div class=\"elementor-element elementor-element-84fa065 e-con-full e-flex e-con e-parent\" data-id=\"84fa065\" data-element_type=\"container\" data-core-v316-plus=\"true\">\n\t\t<div class=\"wd-negative-gap elementor-element elementor-element-dcb9bc2 e-flex e-con-boxed e-con e-child\" data-id=\"dcb9bc2\" data-element_type=\"container\" data-settings=\"{&quot;background_background&quot;:&quot;classic&quot;}\">\n\t\t\t\t\t<div class=\"e-con-inner\">\n\t\t\t\t<div class=\"elementor-element elementor-element-1384ec5 elementor-widget__width-initial elementor-widget elementor-widget-wd_text_block\" data-id=\"1384ec5\" data-element_type=\"widget\" data-widget_type=\"wd_text_block.default\">\n\t\t\t\t<div class=\"elementor-widget-container\">\n\t\t\t\t\t<div class=\"wd-text-block reset-last-child text-left\">\n\t\t\t\n\t\t\t<p>Welche Funktionen hat eine Sexpuppe?<\/p>\n\t\t\t\t\t<\/div>\n\t\t\t\t<\/div>\n\t\t\t\t<\/div>\n\t\t\t\t\t<\/div>\n\t\t\t\t<\/div>\n\t\t\t\t<\/div>\n\t\t<div class=\"wd-negative-gap elementor-element elementor-element-bc20dd2 e-flex e-con-boxed e-con e-parent\" data-id=\"bc20dd2\" data-element_type=\"container\" data-core-v316-plus=\"true\">\n\t\t\t\t\t<div class=\"e-con-inner\">\n\t\t\t\t<div class=\"elementor-element elementor-element-fc8a1ce wd-width-100 elementor-widget elementor-widget-wd_title\" data-id=\"fc8a1ce\" data-element_type=\"widget\" data-widget_type=\"wd_title.default\">\n\t\t\t\t<div class=\"elementor-widget-container\">\n\t\t\t\t\t<div class=\"title-wrapper set-mb-s reset-last-child wd-title-color-default wd-title-style-default wd-title-size-default text-center\">\n\n\t\t\t\n\t\t\t<div class=\"liner-continer\">\n\t\t\t\t<h4 class=\"woodmart-title-container title wd-fontsize-l\">Sexpuppen-Skelett-Show<\/h4> \n\t\t\t\t\t\t\t<\/div>\n\n\t\t\t\t\t<\/div>\n\t\t\t\t<\/div>\n\t\t\t\t<\/div>\n\t\t\t\t<div class=\"elementor-element elementor-element-b409bc2 elementor-widget elementor-widget-image\" data-id=\"b409bc2\" data-element_type=\"widget\" data-widget_type=\"image.default\">\n\t\t\t\t<div class=\"elementor-widget-container\">\n\t\t\t<style>\/*! elementor - v3.20.0 - 20-03-2024 *\/\n.elementor-widget-image{text-align:center}.elementor-widget-image a{display:inline-block}.elementor-widget-image a img[src$=\".svg\"]{width:48px}.elementor-widget-image img{vertical-align:middle;display:inline-block}<\/style>\t\t\t\t\t\t\t\t\t\t<img loading=\"lazy\" decoding=\"async\" width=\"1300\" height=\"601\" src=\"https:\/\/hoxdoll.com\/wp-content\/uploads\/2024\/03\/pages-skeleton-1-1300x601.jpg\" class=\"attachment-large size-large wp-image-51679\" alt=\"\" srcset=\"https:\/\/hoxdoll.com\/wp-content\/uploads\/2024\/03\/pages-skeleton-1-1300x601.jpg 1300w, https:\/\/hoxdoll.com\/wp-content\/uploads\/2024\/03\/pages-skeleton-1-400x185.jpg 400w, https:\/\/hoxdoll.com\/wp-content\/uploads\/2024\/03\/pages-skeleton-1-768x355.jpg 768w, https:\/\/hoxdoll.com\/wp-content\/uploads\/2024\/03\/pages-skeleton-1-18x8.jpg 18w, https:\/\/hoxdoll.com\/wp-content\/uploads\/2024\/03\/pages-skeleton-1-860x397.jpg 860w, https:\/\/hoxdoll.com\/wp-content\/uploads\/2024\/03\/pages-skeleton-1-430x199.jpg 430w, https:\/\/hoxdoll.com\/wp-content\/uploads\/2024\/03\/pages-skeleton-1-700x323.jpg 700w, https:\/\/hoxdoll.com\/wp-content\/uploads\/2024\/03\/pages-skeleton-1-150x69.jpg 150w, https:\/\/hoxdoll.com\/wp-content\/uploads\/2024\/03\/pages-skeleton-1.jpg 1500w\" sizes=\"(max-width: 1300px) 100vw, 1300px\" \/>\t\t\t\t\t\t\t\t\t\t\t\t\t<\/div>\n\t\t\t\t<\/div>\n\t\t\t\t\t<\/div>\n\t\t\t\t<\/div>\n\t\t\t\t<\/div>","protected":false},"excerpt":{"rendered":"<div data-elementor-type=\"section\" data-elementor-id=\"15655\" class=\"elementor elementor-15655\" data-elementor-post-type=\"elementor_library\">\n<div class=\"wd-negative-gap elementor-element elementor-element-a53fbc2 e-flex e-con-boxed e-con e-parent\" data-id=\"a53fbc2\" data-element_type=\"container\" data-settings=\"{&quot;background_background&quot;:&quot;classic&quot;}\" data-core-v316-plus=\"true\">\n<div class=\"e-con-inner\">\n<div class=\"elementor-element elementor-element-c85fa0f elementor-widget elementor-widget-heading\" data-id=\"c85fa0f\" data-element_type=\"widget\" data-widget_type=\"heading.default\">\n<div class=\"elementor-widget-container\">\n<style>\/*! elementor - v3.20.0 - 20-03-2024 *\/\n.elementor-heading-title{padding:0;margin:0;line-height:1}.elementor-widget-heading .elementor-heading-title[class*=elementor-size-]>a{color:inherit;font-size:inherit;line-height:inherit}.elementor-widget-heading .elementor-heading-title.elementor-size-small{font-size:15px}.elementor-widget-heading .elementor-heading-title.elementor-size-medium{font-size:19px}.elementor-widget-heading .elementor-heading-title.elementor-size-large{font-size:29px}.elementor-widget-heading .elementor-heading-title.elementor-size-xl{font-size:39px}.elementor-widget-heading .elementor-heading-title.elementor-size-xxl{font-size:59px}<\/style>\n<h2 class=\"elementor-heading-title elementor-size-default\">Genie\u00dfen Sie das Sonderangebot<\/h2>\n<\/p><\/div>\n<\/p><\/div>\n<div class=\"elementor-element elementor-element-c5ac267 elementor-widget elementor-widget-toggle\" data-id=\"c5ac267\" data-element_type=\"widget\" data-widget_type=\"toggle.default\">\n<div class=\"elementor-widget-container\">\n<style>.elementor-toggle{text-align:left}.elementor-toggle .elementor-tab-title{font-weight:700;line-height:1;margin:0;padding:15px;border-bottom:1px solid #d5d8dc;cursor:pointer;outline:none}.elementor-toggle .elementor-tab-title .elementor-toggle-icon{display:inline-block;width:1em}.elementor-toggle .elementor-tab-title .elementor-toggle-icon svg{margin-inline-start:-5px;width:1em;height:1em}.elementor-toggle .elementor-tab-title .elementor-toggle-icon.elementor-toggle-icon-right{float:right;text-align:right}.elementor-toggle .elementor-tab-title .elementor-toggle-icon.elementor-toggle-icon-left{float:left;text-align:left}.elementor-toggle .elementor-tab-title .elementor-toggle-icon .elementor-toggle-icon-closed{display:block}.elementor-toggle .elementor-tab-title .elementor-toggle-icon .elementor-toggle-icon-opened{display:none}.elementor-toggle .elementor-tab-title.elementor-active{border-bottom:none}.elementor-toggle .elementor-tab-title.elementor-active .elementor-toggle-icon-closed{display:none}.elementor-toggle .elementor-tab-title.elementor-active .elementor-toggle-icon-opened{display:block}.elementor-toggle .elementor-tab-content{padding:15px;border-bottom:1px solid #d5d8dc;display:none}@media (max-width:768px){.elementor-toggle .elementor-tab-title{padding:12px}.elementor-toggle .elementor-tab-content{padding:12px 10px}}.e-con-inner>.elementor-widget-toggle,.e-con>.elementor-widget-toggle{width:var(--container-widget-width);--flex-grow:var(--container-widget-flex-grow)}<\/style>\n<div class=\"elementor-toggle\">\n<div class=\"elementor-toggle-item\">\n<div id=\"elementor-tab-title-2071\" class=\"elementor-tab-title\" data-tab=\"1\" role=\"button\" aria-controls=\"elementor-tab-content-2071\" aria-expanded=\"false\">\n\t\t\t\t\t\t\t\t\t\t\t\t<span class=\"elementor-toggle-icon elementor-toggle-icon-right\" aria-hidden=\"true\"><br \/>\n\t\t\t\t\t\t\t\t\t\t\t\t\t\t\t<span class=\"elementor-toggle-icon-closed\"><svg class=\"e-font-icon-svg e-fas-angle-double-down\" viewbox=\"0 0 320 512\" xmlns=\"http:\/\/www.w3.org\/2000\/svg\"><path d=\"M143 256.3L7 120.3c-9.4-9.4-9.4-24.6 0-33.9l22.6-22.6c9.4-9.4 24.6-9.4 33.9 0l96.4 96.4 96.4-96.4c9.4-9.4 24.6-9.4 33.9 0L313 86.3c9.4 9.4 9.4 24.6 0 33.9l-136 136c-9.4 9.5-24.6 9.5-34 .1zm34 192l136-136c9.4-9.4 9.4-24.6 0-33.9l-22.6-22.6c-9.4-9.4-24.6-9.4-33.9 0L160 352.1l-96.4-96.4c-9.4-9.4-24.6-9.4-33.9 0L7 278.3c-9.4 9.4-9.4 24.6 0 33.9l136 136c9.4 9.5 24.6 9.5 34 .1z\"><\/path><\/svg><\/span><br \/>\n\t\t\t\t\t\t\t\t<span class=\"elementor-toggle-icon-opened\"><svg class=\"elementor-toggle-icon-opened e-font-icon-svg e-fas-angle-double-up\" viewbox=\"0 0 320 512\" xmlns=\"http:\/\/www.w3.org\/2000\/svg\"><path d=\"M177 255.7l136 136c9.4 9.4 9.4 24.6 0 33.9l-22.6 22.6c-9.4 9.4-24.6 9.4-33.9 0L160 351.9l-96.4 96.4c-9.4 9.4-24.6 9.4-33.9 0L7 425.7c-9.4-9.4-9.4-24.6 0-33.9l136-136c9.4-9.5 24.6-9.5 34-.1zm-34-192L7 199.7c-9.4 9.4-9.4 24.6 0 33.9l22.6 22.6c9.4 9.4 24.6 9.4 33.9 0l96.4-96.4 96.4 96.4c9.4 9.4 24.6 9.4 33.9 0l22.6-22.6c9.4-9.4 9.4-24.6 0-33.9l-136-136c-9.2-9.4-24.4-9.4-33.8 0z\"><\/path><\/svg><\/span><br \/>\n\t\t\t\t\t\t\t\t\t\t\t\t\t<\/span><br \/>\n\t\t\t\t\t\t\t\t\t\t\t\t<a class=\"elementor-toggle-title\" tabindex=\"0\">Echte autorisierte H\u00e4ndler<\/a>\n\t\t\t\t\t<\/div>\n<div id=\"elementor-tab-content-2071\" class=\"elementor-tab-content elementor-clearfix\" data-tab=\"1\" role=\"region\" aria-labelledby=\"elementor-tab-title-2071\">\n<p>HoxDoll ist ein autorisierter H\u00e4ndler f\u00fcr Sexpuppen. HoxDoll konzentriert sich darauf, aufstrebende chinesische Unternehmen mit gro\u00dfartiger Puppenkunst zu unterst\u00fctzen. HoxDoll bietet Puppenliebhabern weltweit hochwertige, preisg\u00fcnstige Sexpuppen an.<\/p>\n<\/div><\/div>\n<div class=\"elementor-toggle-item\">\n<div id=\"elementor-tab-title-2072\" class=\"elementor-tab-title\" data-tab=\"2\" role=\"button\" aria-controls=\"elementor-tab-content-2072\" aria-expanded=\"false\">\n\t\t\t\t\t\t\t\t\t\t\t\t<span class=\"elementor-toggle-icon elementor-toggle-icon-right\" aria-hidden=\"true\"><br \/>\n\t\t\t\t\t\t\t\t\t\t\t\t\t\t\t<span class=\"elementor-toggle-icon-closed\"><svg class=\"e-font-icon-svg e-fas-angle-double-down\" viewbox=\"0 0 320 512\" xmlns=\"http:\/\/www.w3.org\/2000\/svg\"><path d=\"M143 256.3L7 120.3c-9.4-9.4-9.4-24.6 0-33.9l22.6-22.6c9.4-9.4 24.6-9.4 33.9 0l96.4 96.4 96.4-96.4c9.4-9.4 24.6-9.4 33.9 0L313 86.3c9.4 9.4 9.4 24.6 0 33.9l-136 136c-9.4 9.5-24.6 9.5-34 .1zm34 192l136-136c9.4-9.4 9.4-24.6 0-33.9l-22.6-22.6c-9.4-9.4-24.6-9.4-33.9 0L160 352.1l-96.4-96.4c-9.4-9.4-24.6-9.4-33.9 0L7 278.3c-9.4 9.4-9.4 24.6 0 33.9l136 136c9.4 9.5 24.6 9.5 34 .1z\"><\/path><\/svg><\/span><br \/>\n\t\t\t\t\t\t\t\t<span class=\"elementor-toggle-icon-opened\"><svg class=\"elementor-toggle-icon-opened e-font-icon-svg e-fas-angle-double-up\" viewbox=\"0 0 320 512\" xmlns=\"http:\/\/www.w3.org\/2000\/svg\"><path d=\"M177 255.7l136 136c9.4 9.4 9.4 24.6 0 33.9l-22.6 22.6c-9.4 9.4-24.6 9.4-33.9 0L160 351.9l-96.4 96.4c-9.4 9.4-24.6 9.4-33.9 0L7 425.7c-9.4-9.4-9.4-24.6 0-33.9l136-136c9.4-9.5 24.6-9.5 34-.1zm-34-192L7 199.7c-9.4 9.4-9.4 24.6 0 33.9l22.6 22.6c9.4 9.4 24.6 9.4 33.9 0l96.4-96.4 96.4 96.4c9.4 9.4 24.6 9.4 33.9 0l22.6-22.6c9.4-9.4 9.4-24.6 0-33.9l-136-136c-9.2-9.4-24.4-9.4-33.8 0z\"><\/path><\/svg><\/span><br \/>\n\t\t\t\t\t\t\t\t\t\t\t\t\t<\/span><br \/>\n\t\t\t\t\t\t\t\t\t\t\t\t<a class=\"elementor-toggle-title\" tabindex=\"0\">Bestellung und Lieferung<\/a>\n\t\t\t\t\t<\/div>\n<div id=\"elementor-tab-content-2072\" class=\"elementor-tab-content elementor-clearfix\" data-tab=\"2\" role=\"region\" aria-labelledby=\"elementor-tab-title-2072\">\n<p>HoxDoll unterst\u00fctzt verschiedene Zahlungsarten wie Kreditkarten, Paypal und Bank\u00fcberweisungen.<\/p>\n<p>Wenn Sie Kreditkarten als Zahlungsmittel verwenden, sollte der Betrag $1100 nicht \u00fcberschreiten, da die Bestellung sonst nicht erfolgreich ist. Wenn Sie PayPal oder Bank\u00fcberweisungen verwenden, beachten Sie bitte, dass PayPal aufgrund der einzigartigen Beschaffenheit von Puppen nicht automatisch Geld abbuchen kann. Um eine Zahlung auf unser PayPal-Konto zu t\u00e4tigen, verwenden Sie bitte die PayPal-App oder -Website. Bitte senden Sie den Snapshot der erfolgreichen Zahlung, nachdem diese eingegangen ist. Wir verwenden Betrugsschutztechnologie (SSL-verschl\u00fcsselt), um Ihre Sicherheit zu gew\u00e4hrleisten, wie das Bild zeigt.<\/p>\n<\/div><\/div>\n<div class=\"elementor-toggle-item\">\n<div id=\"elementor-tab-title-2073\" class=\"elementor-tab-title\" data-tab=\"3\" role=\"button\" aria-controls=\"elementor-tab-content-2073\" aria-expanded=\"false\">\n\t\t\t\t\t\t\t\t\t\t\t\t<span class=\"elementor-toggle-icon elementor-toggle-icon-right\" aria-hidden=\"true\"><br \/>\n\t\t\t\t\t\t\t\t\t\t\t\t\t\t\t<span class=\"elementor-toggle-icon-closed\"><svg class=\"e-font-icon-svg e-fas-angle-double-down\" viewbox=\"0 0 320 512\" xmlns=\"http:\/\/www.w3.org\/2000\/svg\"><path d=\"M143 256.3L7 120.3c-9.4-9.4-9.4-24.6 0-33.9l22.6-22.6c9.4-9.4 24.6-9.4 33.9 0l96.4 96.4 96.4-96.4c9.4-9.4 24.6-9.4 33.9 0L313 86.3c9.4 9.4 9.4 24.6 0 33.9l-136 136c-9.4 9.5-24.6 9.5-34 .1zm34 192l136-136c9.4-9.4 9.4-24.6 0-33.9l-22.6-22.6c-9.4-9.4-24.6-9.4-33.9 0L160 352.1l-96.4-96.4c-9.4-9.4-24.6-9.4-33.9 0L7 278.3c-9.4 9.4-9.4 24.6 0 33.9l136 136c9.4 9.5 24.6 9.5 34 .1z\"><\/path><\/svg><\/span><br \/>\n\t\t\t\t\t\t\t\t<span class=\"elementor-toggle-icon-opened\"><svg class=\"elementor-toggle-icon-opened e-font-icon-svg e-fas-angle-double-up\" viewbox=\"0 0 320 512\" xmlns=\"http:\/\/www.w3.org\/2000\/svg\"><path d=\"M177 255.7l136 136c9.4 9.4 9.4 24.6 0 33.9l-22.6 22.6c-9.4 9.4-24.6 9.4-33.9 0L160 351.9l-96.4 96.4c-9.4 9.4-24.6 9.4-33.9 0L7 425.7c-9.4-9.4-9.4-24.6 0-33.9l136-136c9.4-9.5 24.6-9.5 34-.1zm-34-192L7 199.7c-9.4 9.4-9.4 24.6 0 33.9l22.6 22.6c9.4 9.4 24.6 9.4 33.9 0l96.4-96.4 96.4 96.4c9.4 9.4 24.6 9.4 33.9 0l22.6-22.6c9.4-9.4 9.4-24.6 0-33.9l-136-136c-9.2-9.4-24.4-9.4-33.8 0z\"><\/path><\/svg><\/span><br \/>\n\t\t\t\t\t\t\t\t\t\t\t\t\t<\/span><br \/>\n\t\t\t\t\t\t\t\t\t\t\t\t<a class=\"elementor-toggle-title\" tabindex=\"0\">Warum sollten Sie sich bei Sexpuppen f\u00fcr HoxDoll entscheiden?<\/a>\n\t\t\t\t\t<\/div>\n<div id=\"elementor-tab-content-2073\" class=\"elementor-tab-content elementor-clearfix\" data-tab=\"3\" role=\"region\" aria-labelledby=\"elementor-tab-title-2073\">\n<ul>\n<li>HoxDoll ist ein H\u00e4ndler f\u00fcr offiziell lizenzierte Sexpuppen.<\/li>\n<li>Ihre Zahlung ist vollkommen sicher und durch SSL gesch\u00fctzt. Sie m\u00fcssen sich keine Sorgen machen, dass Ihre Daten kompromittiert werden.<\/li>\n<li>Der Service bei HoxDoll ist professionell. Sie k\u00f6nnen unseren Kundendienst jederzeit erreichen, wenn Sie Fragen oder W\u00fcnsche haben. Um Ihnen bei der L\u00f6sung des Problems zu helfen, werden wir Ihnen innerhalb von 24 Stunden antworten.<\/li>\n<li>HoxDoll bietet kostenlosen Luftversand an. 99% der Bestellungen sind frei von zus\u00e4tzlichen Geb\u00fchren.<\/li>\n<\/ul>\n<\/div><\/div>\n<\/p><\/div>\n<\/p><\/div>\n<\/p><\/div>\n<\/p><\/div>\n<\/p><\/div>\n<\/p><\/div>","protected":false},"featured_media":38721,"comment_status":"open","ping_status":"closed","template":"","meta":{"rank_math_lock_modified_date":false},"product_brand":[],"product_cat":[101,106,97,92,85,96,113],"product_tag":[],"class_list":{"0":"post-38715","1":"product","2":"type-product","3":"status-publish","4":"has-post-thumbnail","6":"product_cat-150cm-159cm","7":"product_cat-31kg-35kg","8":"product_cat-asian-sex-doll","9":"product_cat-medium-breast-sex-doll","10":"product_cat-porn-sex-doll","11":"product_cat-skinny-sex-doll","12":"product_cat-tpe-sex-dolls","13":"tm-has-options","15":"first","16":"instock","17":"sale","18":"shipping-taxable","19":"purchasable","20":"product-type-simple"},"_links":{"self":[{"href":"https:\/\/hoxdoll.com\/de\/wp-json\/wp\/v2\/product\/38715","targetHints":{"allow":["GET"]}}],"collection":[{"href":"https:\/\/hoxdoll.com\/de\/wp-json\/wp\/v2\/product"}],"about":[{"href":"https:\/\/hoxdoll.com\/de\/wp-json\/wp\/v2\/types\/product"}],"replies":[{"embeddable":true,"href":"https:\/\/hoxdoll.com\/de\/wp-json\/wp\/v2\/comments?post=38715"}],"version-history":[{"count":2,"href":"https:\/\/hoxdoll.com\/de\/wp-json\/wp\/v2\/product\/38715\/revisions"}],"predecessor-version":[{"id":53123,"href":"https:\/\/hoxdoll.com\/de\/wp-json\/wp\/v2\/product\/38715\/revisions\/53123"}],"wp:featuredmedia":[{"embeddable":true,"href":"https:\/\/hoxdoll.com\/de\/wp-json\/wp\/v2\/media\/38721"}],"wp:attachment":[{"href":"https:\/\/hoxdoll.com\/de\/wp-json\/wp\/v2\/media?parent=38715"}],"wp:term":[{"taxonomy":"product_brand","embeddable":true,"href":"https:\/\/hoxdoll.com\/de\/wp-json\/wp\/v2\/product_brand?post=38715"},{"taxonomy":"product_cat","embeddable":true,"href":"https:\/\/hoxdoll.com\/de\/wp-json\/wp\/v2\/product_cat?post=38715"},{"taxonomy":"product_tag","embeddable":true,"href":"https:\/\/hoxdoll.com\/de\/wp-json\/wp\/v2\/product_tag?post=38715"}],"curies":[{"name":"wp","href":"https:\/\/api.w.org\/{rel}","templated":true}]}}