{"id":31962,"date":"2024-04-15T01:28:28","date_gmt":"2024-04-14T17:28:28","guid":{"rendered":"https:\/\/xoxdoll.com\/?post_type=product&#038;p=31962"},"modified":"2024-07-28T18:55:59","modified_gmt":"2024-07-28T10:55:59","slug":"ovdolt-theresa-3d-sex-doll-round-boobs-for-first-fuck","status":"publish","type":"product","link":"https:\/\/hoxdoll.com\/de\/produkt\/ovdolt-theresa-3d-sex-doll-round-boobs-for-first-fuck\/","title":{"rendered":"162 cm Ovdolt Theresa 3D-Sexpuppe mit runden Br\u00fcsten f\u00fcr den ersten Fick \u2013 Janith"},"content":{"rendered":"<h4>Sexpuppe Fotos<\/h4>\n<p><a href=\"https:\/\/hoxdoll.com\/wp-content\/uploads\/2024\/04\/sex-doll-tips-iOv41i3.jpg\"><img fetchpriority=\"high\" decoding=\"async\" class=\"alignnone size-medium wp-image-31977\" src=\"https:\/\/hoxdoll.com\/wp-content\/uploads\/2024\/04\/sex-doll-tips-iOv41i3-200x300.jpg\" alt=\"\" width=\"200\" height=\"300\" srcset=\"https:\/\/hoxdoll.com\/wp-content\/uploads\/2024\/04\/sex-doll-tips-iOv41i3-200x300.jpg 200w, https:\/\/hoxdoll.com\/wp-content\/uploads\/2024\/04\/sex-doll-tips-iOv41i3-430x645.jpg 430w, https:\/\/hoxdoll.com\/wp-content\/uploads\/2024\/04\/sex-doll-tips-iOv41i3-150x225.jpg 150w, https:\/\/hoxdoll.com\/wp-content\/uploads\/2024\/04\/sex-doll-tips-iOv41i3-533x800.jpg 533w, https:\/\/hoxdoll.com\/wp-content\/uploads\/2024\/04\/sex-doll-tips-iOv41i3.jpg 600w\" sizes=\"(max-width: 200px) 100vw, 200px\" \/><\/a> <a href=\"https:\/\/hoxdoll.com\/wp-content\/uploads\/2024\/04\/sex-doll-tips-iOv41i2.jpg\"><img decoding=\"async\" class=\"alignnone size-medium wp-image-31976\" src=\"https:\/\/hoxdoll.com\/wp-content\/uploads\/2024\/04\/sex-doll-tips-iOv41i2-200x300.jpg\" alt=\"\" width=\"200\" height=\"300\" srcset=\"https:\/\/hoxdoll.com\/wp-content\/uploads\/2024\/04\/sex-doll-tips-iOv41i2-200x300.jpg 200w, https:\/\/hoxdoll.com\/wp-content\/uploads\/2024\/04\/sex-doll-tips-iOv41i2-430x645.jpg 430w, https:\/\/hoxdoll.com\/wp-content\/uploads\/2024\/04\/sex-doll-tips-iOv41i2-150x225.jpg 150w, https:\/\/hoxdoll.com\/wp-content\/uploads\/2024\/04\/sex-doll-tips-iOv41i2-533x800.jpg 533w, https:\/\/hoxdoll.com\/wp-content\/uploads\/2024\/04\/sex-doll-tips-iOv41i2.jpg 600w\" sizes=\"(max-width: 200px) 100vw, 200px\" \/><\/a> <a href=\"https:\/\/hoxdoll.com\/wp-content\/uploads\/2024\/04\/sex-doll-tips-iOv41i1.jpg\"><img decoding=\"async\" class=\"alignnone size-medium wp-image-31974\" src=\"https:\/\/hoxdoll.com\/wp-content\/uploads\/2024\/04\/sex-doll-tips-iOv41i1-200x300.jpg\" alt=\"\" width=\"200\" height=\"300\" srcset=\"https:\/\/hoxdoll.com\/wp-content\/uploads\/2024\/04\/sex-doll-tips-iOv41i1-200x300.jpg 200w, https:\/\/hoxdoll.com\/wp-content\/uploads\/2024\/04\/sex-doll-tips-iOv41i1-430x645.jpg 430w, https:\/\/hoxdoll.com\/wp-content\/uploads\/2024\/04\/sex-doll-tips-iOv41i1-150x225.jpg 150w, https:\/\/hoxdoll.com\/wp-content\/uploads\/2024\/04\/sex-doll-tips-iOv41i1-533x800.jpg 533w, https:\/\/hoxdoll.com\/wp-content\/uploads\/2024\/04\/sex-doll-tips-iOv41i1.jpg 600w\" sizes=\"(max-width: 200px) 100vw, 200px\" \/><\/a><\/p>\n<h4>Ma\u00dfe einer echten Puppe<\/h4>\n<table width=\"302\">\n<tbody>\n<tr>\n<td width=\"165\">Material<\/td>\n<td width=\"137\">Vollsilikon<\/td>\n<\/tr>\n<tr>\n<td>H\u00f6he<\/td>\n<td>162 cm<\/td>\n<\/tr>\n<tr>\n<td>Obere Brust<\/td>\n<td>96 cm<\/td>\n<\/tr>\n<tr>\n<td>Untere Brust<\/td>\n<td>65 cm<\/td>\n<\/tr>\n<tr>\n<td>Taille<\/td>\n<td>61 cm<\/td>\n<\/tr>\n<tr>\n<td>H\u00fcfte<\/td>\n<td>99 cm<\/td>\n<\/tr>\n<tr>\n<td>Schulter<\/td>\n<td>33 cm<\/td>\n<\/tr>\n<tr>\n<td>Arm<\/td>\n<td>67 cm<\/td>\n<\/tr>\n<tr>\n<td>Hand<\/td>\n<td>15 cm<\/td>\n<\/tr>\n<tr>\n<td>Bein<\/td>\n<td>101 cm<\/td>\n<\/tr>\n<tr>\n<td>F\u00fc\u00dfe<\/td>\n<td>21 cm<\/td>\n<\/tr>\n<tr>\n<td>Vaginale Tiefe<\/td>\n<td>18 cm<\/td>\n<\/tr>\n<tr>\n<td>Anale Tiefe<\/td>\n<td>15 cm<\/td>\n<\/tr>\n<tr>\n<td>Orale Tiefe<\/td>\n<td>Nicht verf\u00fcgbar<\/td>\n<\/tr>\n<tr>\n<td>Gewicht<\/td>\n<td>41 kg<\/td>\n<\/tr>\n<\/tbody>\n<\/table>\n<h4>Mehr Informationen<\/h4>\n<p>Diese atemberaubende und kurvige Ovdolt Theresa Sexpuppe ist ein Muss, auch wenn Sie in Ihrer N\u00e4he keine Sexpuppe kaufen k\u00f6nnen. Ihre erstaunlichen Qualit\u00e4ten und herausragenden menschen\u00e4hnlichen Merkmale haben sie zu einer der beliebtesten gemacht, seit die Sexpuppe mit Griff 2015 herauskam. Die herausragende Hannah Sexpuppe wurde vom professionellen Sexpuppenhersteller hergestellt und wurde entwickelt, um die maximale sexuelle Leistung einer Sexpuppe zu bieten und Sie so sehr zufrieden und erfreut zu machen.<\/p>\n<p>Es gibt zwar Apps f\u00fcr 3D-Sexpuppen und man kann Torrent-Sexpuppen herunterladen, aber nichts ist besser, als eine nackte, gro\u00dfe Emmaline-Sexpuppe zu haben, wann immer man Lust dazu hat. Der sexuelle Reiz, der entsteht, wenn man verschiedene Sexpuppen zur Auswahl hat, wann immer man seine sexuellen Triebe befriedigen m\u00f6chte, darf nicht untersch\u00e4tzt werden.<\/p>\n<p>Mit diesem extrem realistischen K\u00f6rper, den runden Br\u00fcsten, dem Arsch und der lebensechten Vagina dieser Sexpuppe Hantai Magna k\u00f6nnen Sie atemberaubende Lust genie\u00dfen, wann immer Sie erregt sind. Was den ersten Fick mit einer Sexpuppe angeht, ist Ihre Befriedigung jetzt m\u00f6glich!<\/p>\n\t\t<div data-elementor-type=\"section\" data-elementor-id=\"15658\" class=\"elementor elementor-15658\" data-elementor-post-type=\"elementor_library\">\n\t\t\t<div class=\"wd-negative-gap elementor-element elementor-element-661c34e elementor-hidden-desktop elementor-hidden-tablet elementor-hidden-mobile e-flex e-con-boxed e-con e-parent\" data-id=\"661c34e\" data-element_type=\"container\" data-core-v316-plus=\"true\">\n\t\t\t\t\t<div class=\"e-con-inner\">\n\t\t\t\t<div class=\"elementor-element elementor-element-370f68d elementor-widget elementor-widget-wd_text_block\" data-id=\"370f68d\" data-element_type=\"widget\" data-widget_type=\"wd_text_block.default\">\n\t\t\t\t<div class=\"elementor-widget-container\">\n\t\t\t\t\t<div class=\"wd-text-block reset-last-child text-left\">\n\t\t\t\n\t\t\t<p class=\"wd-entities-title title post-title\">Produktbeschreibungsbereich<\/p>\n\t\t\t\t\t<\/div>\n\t\t\t\t<\/div>\n\t\t\t\t<\/div>\n\t\t\t\t\t<\/div>\n\t\t\t\t<\/div>\n\t\t<div class=\"elementor-element elementor-element-84fa065 e-con-full e-flex e-con e-parent\" data-id=\"84fa065\" data-element_type=\"container\" data-core-v316-plus=\"true\">\n\t\t<div class=\"wd-negative-gap elementor-element elementor-element-dcb9bc2 e-flex e-con-boxed e-con e-child\" data-id=\"dcb9bc2\" data-element_type=\"container\" data-settings=\"{&quot;background_background&quot;:&quot;classic&quot;}\">\n\t\t\t\t\t<div class=\"e-con-inner\">\n\t\t\t\t<div class=\"elementor-element elementor-element-1384ec5 elementor-widget__width-initial elementor-widget elementor-widget-wd_text_block\" data-id=\"1384ec5\" data-element_type=\"widget\" data-widget_type=\"wd_text_block.default\">\n\t\t\t\t<div class=\"elementor-widget-container\">\n\t\t\t\t\t<div class=\"wd-text-block reset-last-child text-left\">\n\t\t\t\n\t\t\t<p>Welche Funktionen hat eine Sexpuppe?<\/p>\n\t\t\t\t\t<\/div>\n\t\t\t\t<\/div>\n\t\t\t\t<\/div>\n\t\t\t\t\t<\/div>\n\t\t\t\t<\/div>\n\t\t\t\t<\/div>\n\t\t<div class=\"wd-negative-gap elementor-element elementor-element-bc20dd2 e-flex e-con-boxed e-con e-parent\" data-id=\"bc20dd2\" data-element_type=\"container\" data-core-v316-plus=\"true\">\n\t\t\t\t\t<div class=\"e-con-inner\">\n\t\t\t\t<div class=\"elementor-element elementor-element-fc8a1ce wd-width-100 elementor-widget elementor-widget-wd_title\" data-id=\"fc8a1ce\" data-element_type=\"widget\" data-widget_type=\"wd_title.default\">\n\t\t\t\t<div class=\"elementor-widget-container\">\n\t\t\t\t\t<div class=\"title-wrapper set-mb-s reset-last-child wd-title-color-default wd-title-style-default wd-title-size-default text-center\">\n\n\t\t\t\n\t\t\t<div class=\"liner-continer\">\n\t\t\t\t<h4 class=\"woodmart-title-container title wd-fontsize-l\">Sexpuppen-Skelett-Show<\/h4> \n\t\t\t\t\t\t\t<\/div>\n\n\t\t\t\t\t<\/div>\n\t\t\t\t<\/div>\n\t\t\t\t<\/div>\n\t\t\t\t<div class=\"elementor-element elementor-element-b409bc2 elementor-widget elementor-widget-image\" data-id=\"b409bc2\" data-element_type=\"widget\" data-widget_type=\"image.default\">\n\t\t\t\t<div class=\"elementor-widget-container\">\n\t\t\t<style>\/*! elementor - v3.20.0 - 20-03-2024 *\/\n.elementor-widget-image{text-align:center}.elementor-widget-image a{display:inline-block}.elementor-widget-image a img[src$=\".svg\"]{width:48px}.elementor-widget-image img{vertical-align:middle;display:inline-block}<\/style>\t\t\t\t\t\t\t\t\t\t<img loading=\"lazy\" decoding=\"async\" width=\"1300\" height=\"601\" src=\"https:\/\/hoxdoll.com\/wp-content\/uploads\/2024\/03\/pages-skeleton-1-1300x601.jpg\" class=\"attachment-large size-large wp-image-51679\" alt=\"\" srcset=\"https:\/\/hoxdoll.com\/wp-content\/uploads\/2024\/03\/pages-skeleton-1-1300x601.jpg 1300w, https:\/\/hoxdoll.com\/wp-content\/uploads\/2024\/03\/pages-skeleton-1-400x185.jpg 400w, https:\/\/hoxdoll.com\/wp-content\/uploads\/2024\/03\/pages-skeleton-1-768x355.jpg 768w, https:\/\/hoxdoll.com\/wp-content\/uploads\/2024\/03\/pages-skeleton-1-18x8.jpg 18w, https:\/\/hoxdoll.com\/wp-content\/uploads\/2024\/03\/pages-skeleton-1-860x397.jpg 860w, https:\/\/hoxdoll.com\/wp-content\/uploads\/2024\/03\/pages-skeleton-1-430x199.jpg 430w, https:\/\/hoxdoll.com\/wp-content\/uploads\/2024\/03\/pages-skeleton-1-700x323.jpg 700w, https:\/\/hoxdoll.com\/wp-content\/uploads\/2024\/03\/pages-skeleton-1-150x69.jpg 150w, https:\/\/hoxdoll.com\/wp-content\/uploads\/2024\/03\/pages-skeleton-1.jpg 1500w\" sizes=\"(max-width: 1300px) 100vw, 1300px\" \/>\t\t\t\t\t\t\t\t\t\t\t\t\t<\/div>\n\t\t\t\t<\/div>\n\t\t\t\t\t<\/div>\n\t\t\t\t<\/div>\n\t\t\t\t<\/div>","protected":false},"excerpt":{"rendered":"<div data-elementor-type=\"section\" data-elementor-id=\"15655\" class=\"elementor elementor-15655\" data-elementor-post-type=\"elementor_library\">\n<div class=\"wd-negative-gap elementor-element elementor-element-a53fbc2 e-flex e-con-boxed e-con e-parent\" data-id=\"a53fbc2\" data-element_type=\"container\" data-settings=\"{&quot;background_background&quot;:&quot;classic&quot;}\" data-core-v316-plus=\"true\">\n<div class=\"e-con-inner\">\n<div class=\"elementor-element elementor-element-c85fa0f elementor-widget elementor-widget-heading\" data-id=\"c85fa0f\" data-element_type=\"widget\" data-widget_type=\"heading.default\">\n<div class=\"elementor-widget-container\">\n<style>\/*! elementor - v3.20.0 - 20-03-2024 *\/\n.elementor-heading-title{padding:0;margin:0;line-height:1}.elementor-widget-heading .elementor-heading-title[class*=elementor-size-]>a{color:inherit;font-size:inherit;line-height:inherit}.elementor-widget-heading .elementor-heading-title.elementor-size-small{font-size:15px}.elementor-widget-heading .elementor-heading-title.elementor-size-medium{font-size:19px}.elementor-widget-heading .elementor-heading-title.elementor-size-large{font-size:29px}.elementor-widget-heading .elementor-heading-title.elementor-size-xl{font-size:39px}.elementor-widget-heading .elementor-heading-title.elementor-size-xxl{font-size:59px}<\/style>\n<h2 class=\"elementor-heading-title elementor-size-default\">Genie\u00dfen Sie das Sonderangebot<\/h2>\n<\/p><\/div>\n<\/p><\/div>\n<div class=\"elementor-element elementor-element-c5ac267 elementor-widget elementor-widget-toggle\" data-id=\"c5ac267\" data-element_type=\"widget\" data-widget_type=\"toggle.default\">\n<div class=\"elementor-widget-container\">\n<style>.elementor-toggle{text-align:left}.elementor-toggle .elementor-tab-title{font-weight:700;line-height:1;margin:0;padding:15px;border-bottom:1px solid #d5d8dc;cursor:pointer;outline:none}.elementor-toggle .elementor-tab-title .elementor-toggle-icon{display:inline-block;width:1em}.elementor-toggle .elementor-tab-title .elementor-toggle-icon svg{margin-inline-start:-5px;width:1em;height:1em}.elementor-toggle .elementor-tab-title .elementor-toggle-icon.elementor-toggle-icon-right{float:right;text-align:right}.elementor-toggle .elementor-tab-title .elementor-toggle-icon.elementor-toggle-icon-left{float:left;text-align:left}.elementor-toggle .elementor-tab-title .elementor-toggle-icon .elementor-toggle-icon-closed{display:block}.elementor-toggle .elementor-tab-title .elementor-toggle-icon .elementor-toggle-icon-opened{display:none}.elementor-toggle .elementor-tab-title.elementor-active{border-bottom:none}.elementor-toggle .elementor-tab-title.elementor-active .elementor-toggle-icon-closed{display:none}.elementor-toggle .elementor-tab-title.elementor-active .elementor-toggle-icon-opened{display:block}.elementor-toggle .elementor-tab-content{padding:15px;border-bottom:1px solid #d5d8dc;display:none}@media (max-width:768px){.elementor-toggle .elementor-tab-title{padding:12px}.elementor-toggle .elementor-tab-content{padding:12px 10px}}.e-con-inner>.elementor-widget-toggle,.e-con>.elementor-widget-toggle{width:var(--container-widget-width);--flex-grow:var(--container-widget-flex-grow)}<\/style>\n<div class=\"elementor-toggle\">\n<div class=\"elementor-toggle-item\">\n<div id=\"elementor-tab-title-2071\" class=\"elementor-tab-title\" data-tab=\"1\" role=\"button\" aria-controls=\"elementor-tab-content-2071\" aria-expanded=\"false\">\n\t\t\t\t\t\t\t\t\t\t\t\t<span class=\"elementor-toggle-icon elementor-toggle-icon-right\" aria-hidden=\"true\"><br \/>\n\t\t\t\t\t\t\t\t\t\t\t\t\t\t\t<span class=\"elementor-toggle-icon-closed\"><svg class=\"e-font-icon-svg e-fas-angle-double-down\" viewbox=\"0 0 320 512\" xmlns=\"http:\/\/www.w3.org\/2000\/svg\"><path d=\"M143 256.3L7 120.3c-9.4-9.4-9.4-24.6 0-33.9l22.6-22.6c9.4-9.4 24.6-9.4 33.9 0l96.4 96.4 96.4-96.4c9.4-9.4 24.6-9.4 33.9 0L313 86.3c9.4 9.4 9.4 24.6 0 33.9l-136 136c-9.4 9.5-24.6 9.5-34 .1zm34 192l136-136c9.4-9.4 9.4-24.6 0-33.9l-22.6-22.6c-9.4-9.4-24.6-9.4-33.9 0L160 352.1l-96.4-96.4c-9.4-9.4-24.6-9.4-33.9 0L7 278.3c-9.4 9.4-9.4 24.6 0 33.9l136 136c9.4 9.5 24.6 9.5 34 .1z\"><\/path><\/svg><\/span><br \/>\n\t\t\t\t\t\t\t\t<span class=\"elementor-toggle-icon-opened\"><svg class=\"elementor-toggle-icon-opened e-font-icon-svg e-fas-angle-double-up\" viewbox=\"0 0 320 512\" xmlns=\"http:\/\/www.w3.org\/2000\/svg\"><path d=\"M177 255.7l136 136c9.4 9.4 9.4 24.6 0 33.9l-22.6 22.6c-9.4 9.4-24.6 9.4-33.9 0L160 351.9l-96.4 96.4c-9.4 9.4-24.6 9.4-33.9 0L7 425.7c-9.4-9.4-9.4-24.6 0-33.9l136-136c9.4-9.5 24.6-9.5 34-.1zm-34-192L7 199.7c-9.4 9.4-9.4 24.6 0 33.9l22.6 22.6c9.4 9.4 24.6 9.4 33.9 0l96.4-96.4 96.4 96.4c9.4 9.4 24.6 9.4 33.9 0l22.6-22.6c9.4-9.4 9.4-24.6 0-33.9l-136-136c-9.2-9.4-24.4-9.4-33.8 0z\"><\/path><\/svg><\/span><br \/>\n\t\t\t\t\t\t\t\t\t\t\t\t\t<\/span><br \/>\n\t\t\t\t\t\t\t\t\t\t\t\t<a class=\"elementor-toggle-title\" tabindex=\"0\">Echte autorisierte H\u00e4ndler<\/a>\n\t\t\t\t\t<\/div>\n<div id=\"elementor-tab-content-2071\" class=\"elementor-tab-content elementor-clearfix\" data-tab=\"1\" role=\"region\" aria-labelledby=\"elementor-tab-title-2071\">\n<p>HoxDoll ist ein autorisierter H\u00e4ndler f\u00fcr Sexpuppen. HoxDoll konzentriert sich darauf, aufstrebende chinesische Unternehmen mit gro\u00dfartiger Puppenkunst zu unterst\u00fctzen. HoxDoll bietet Puppenliebhabern weltweit hochwertige, preisg\u00fcnstige Sexpuppen an.<\/p>\n<\/div><\/div>\n<div class=\"elementor-toggle-item\">\n<div id=\"elementor-tab-title-2072\" class=\"elementor-tab-title\" data-tab=\"2\" role=\"button\" aria-controls=\"elementor-tab-content-2072\" aria-expanded=\"false\">\n\t\t\t\t\t\t\t\t\t\t\t\t<span class=\"elementor-toggle-icon elementor-toggle-icon-right\" aria-hidden=\"true\"><br \/>\n\t\t\t\t\t\t\t\t\t\t\t\t\t\t\t<span class=\"elementor-toggle-icon-closed\"><svg class=\"e-font-icon-svg e-fas-angle-double-down\" viewbox=\"0 0 320 512\" xmlns=\"http:\/\/www.w3.org\/2000\/svg\"><path d=\"M143 256.3L7 120.3c-9.4-9.4-9.4-24.6 0-33.9l22.6-22.6c9.4-9.4 24.6-9.4 33.9 0l96.4 96.4 96.4-96.4c9.4-9.4 24.6-9.4 33.9 0L313 86.3c9.4 9.4 9.4 24.6 0 33.9l-136 136c-9.4 9.5-24.6 9.5-34 .1zm34 192l136-136c9.4-9.4 9.4-24.6 0-33.9l-22.6-22.6c-9.4-9.4-24.6-9.4-33.9 0L160 352.1l-96.4-96.4c-9.4-9.4-24.6-9.4-33.9 0L7 278.3c-9.4 9.4-9.4 24.6 0 33.9l136 136c9.4 9.5 24.6 9.5 34 .1z\"><\/path><\/svg><\/span><br \/>\n\t\t\t\t\t\t\t\t<span class=\"elementor-toggle-icon-opened\"><svg class=\"elementor-toggle-icon-opened e-font-icon-svg e-fas-angle-double-up\" viewbox=\"0 0 320 512\" xmlns=\"http:\/\/www.w3.org\/2000\/svg\"><path d=\"M177 255.7l136 136c9.4 9.4 9.4 24.6 0 33.9l-22.6 22.6c-9.4 9.4-24.6 9.4-33.9 0L160 351.9l-96.4 96.4c-9.4 9.4-24.6 9.4-33.9 0L7 425.7c-9.4-9.4-9.4-24.6 0-33.9l136-136c9.4-9.5 24.6-9.5 34-.1zm-34-192L7 199.7c-9.4 9.4-9.4 24.6 0 33.9l22.6 22.6c9.4 9.4 24.6 9.4 33.9 0l96.4-96.4 96.4 96.4c9.4 9.4 24.6 9.4 33.9 0l22.6-22.6c9.4-9.4 9.4-24.6 0-33.9l-136-136c-9.2-9.4-24.4-9.4-33.8 0z\"><\/path><\/svg><\/span><br \/>\n\t\t\t\t\t\t\t\t\t\t\t\t\t<\/span><br \/>\n\t\t\t\t\t\t\t\t\t\t\t\t<a class=\"elementor-toggle-title\" tabindex=\"0\">Bestellung und Lieferung<\/a>\n\t\t\t\t\t<\/div>\n<div id=\"elementor-tab-content-2072\" class=\"elementor-tab-content elementor-clearfix\" data-tab=\"2\" role=\"region\" aria-labelledby=\"elementor-tab-title-2072\">\n<p>HoxDoll unterst\u00fctzt verschiedene Zahlungsarten wie Kreditkarten, Paypal und Bank\u00fcberweisungen.<\/p>\n<p>Wenn Sie Kreditkarten als Zahlungsmittel verwenden, sollte der Betrag $1100 nicht \u00fcberschreiten, da die Bestellung sonst nicht erfolgreich ist. Wenn Sie PayPal oder Bank\u00fcberweisungen verwenden, beachten Sie bitte, dass PayPal aufgrund der einzigartigen Beschaffenheit von Puppen nicht automatisch Geld abbuchen kann. Um eine Zahlung auf unser PayPal-Konto zu t\u00e4tigen, verwenden Sie bitte die PayPal-App oder -Website. Bitte senden Sie den Snapshot der erfolgreichen Zahlung, nachdem diese eingegangen ist. Wir verwenden Betrugsschutztechnologie (SSL-verschl\u00fcsselt), um Ihre Sicherheit zu gew\u00e4hrleisten, wie das Bild zeigt.<\/p>\n<\/div><\/div>\n<div class=\"elementor-toggle-item\">\n<div id=\"elementor-tab-title-2073\" class=\"elementor-tab-title\" data-tab=\"3\" role=\"button\" aria-controls=\"elementor-tab-content-2073\" aria-expanded=\"false\">\n\t\t\t\t\t\t\t\t\t\t\t\t<span class=\"elementor-toggle-icon elementor-toggle-icon-right\" aria-hidden=\"true\"><br \/>\n\t\t\t\t\t\t\t\t\t\t\t\t\t\t\t<span class=\"elementor-toggle-icon-closed\"><svg class=\"e-font-icon-svg e-fas-angle-double-down\" viewbox=\"0 0 320 512\" xmlns=\"http:\/\/www.w3.org\/2000\/svg\"><path d=\"M143 256.3L7 120.3c-9.4-9.4-9.4-24.6 0-33.9l22.6-22.6c9.4-9.4 24.6-9.4 33.9 0l96.4 96.4 96.4-96.4c9.4-9.4 24.6-9.4 33.9 0L313 86.3c9.4 9.4 9.4 24.6 0 33.9l-136 136c-9.4 9.5-24.6 9.5-34 .1zm34 192l136-136c9.4-9.4 9.4-24.6 0-33.9l-22.6-22.6c-9.4-9.4-24.6-9.4-33.9 0L160 352.1l-96.4-96.4c-9.4-9.4-24.6-9.4-33.9 0L7 278.3c-9.4 9.4-9.4 24.6 0 33.9l136 136c9.4 9.5 24.6 9.5 34 .1z\"><\/path><\/svg><\/span><br \/>\n\t\t\t\t\t\t\t\t<span class=\"elementor-toggle-icon-opened\"><svg class=\"elementor-toggle-icon-opened e-font-icon-svg e-fas-angle-double-up\" viewbox=\"0 0 320 512\" xmlns=\"http:\/\/www.w3.org\/2000\/svg\"><path d=\"M177 255.7l136 136c9.4 9.4 9.4 24.6 0 33.9l-22.6 22.6c-9.4 9.4-24.6 9.4-33.9 0L160 351.9l-96.4 96.4c-9.4 9.4-24.6 9.4-33.9 0L7 425.7c-9.4-9.4-9.4-24.6 0-33.9l136-136c9.4-9.5 24.6-9.5 34-.1zm-34-192L7 199.7c-9.4 9.4-9.4 24.6 0 33.9l22.6 22.6c9.4 9.4 24.6 9.4 33.9 0l96.4-96.4 96.4 96.4c9.4 9.4 24.6 9.4 33.9 0l22.6-22.6c9.4-9.4 9.4-24.6 0-33.9l-136-136c-9.2-9.4-24.4-9.4-33.8 0z\"><\/path><\/svg><\/span><br \/>\n\t\t\t\t\t\t\t\t\t\t\t\t\t<\/span><br \/>\n\t\t\t\t\t\t\t\t\t\t\t\t<a class=\"elementor-toggle-title\" tabindex=\"0\">Warum sollten Sie sich bei Sexpuppen f\u00fcr HoxDoll entscheiden?<\/a>\n\t\t\t\t\t<\/div>\n<div id=\"elementor-tab-content-2073\" class=\"elementor-tab-content elementor-clearfix\" data-tab=\"3\" role=\"region\" aria-labelledby=\"elementor-tab-title-2073\">\n<ul>\n<li>HoxDoll ist ein H\u00e4ndler f\u00fcr offiziell lizenzierte Sexpuppen.<\/li>\n<li>Ihre Zahlung ist vollkommen sicher und durch SSL gesch\u00fctzt. Sie m\u00fcssen sich keine Sorgen machen, dass Ihre Daten kompromittiert werden.<\/li>\n<li>Der Service bei HoxDoll ist professionell. Sie k\u00f6nnen unseren Kundendienst jederzeit erreichen, wenn Sie Fragen oder W\u00fcnsche haben. Um Ihnen bei der L\u00f6sung des Problems zu helfen, werden wir Ihnen innerhalb von 24 Stunden antworten.<\/li>\n<li>HoxDoll bietet kostenlosen Luftversand an. 99% der Bestellungen sind frei von zus\u00e4tzlichen Geb\u00fchren.<\/li>\n<\/ul>\n<\/div><\/div>\n<\/p><\/div>\n<\/p><\/div>\n<\/p><\/div>\n<\/p><\/div>\n<\/p><\/div>\n<\/p><\/div>","protected":false},"featured_media":31984,"comment_status":"open","ping_status":"closed","template":"","meta":{"rank_math_lock_modified_date":false},"product_brand":[],"product_cat":[102,108,94,91,86,111,98],"product_tag":[],"class_list":{"0":"post-31962","1":"product","2":"type-product","3":"status-publish","4":"has-post-thumbnail","6":"product_cat-160cm-169cm","7":"product_cat-41kg-45kg","8":"product_cat-bbw-sex-doll","9":"product_cat-big-boob-sex-doll","10":"product_cat-cute-sex-doll","11":"product_cat-silicone-sex-dolls","12":"product_cat-western-sex-doll","13":"tm-has-options","15":"first","16":"instock","17":"sale","18":"shipping-taxable","19":"purchasable","20":"product-type-simple"},"_links":{"self":[{"href":"https:\/\/hoxdoll.com\/de\/wp-json\/wp\/v2\/product\/31962","targetHints":{"allow":["GET"]}}],"collection":[{"href":"https:\/\/hoxdoll.com\/de\/wp-json\/wp\/v2\/product"}],"about":[{"href":"https:\/\/hoxdoll.com\/de\/wp-json\/wp\/v2\/types\/product"}],"replies":[{"embeddable":true,"href":"https:\/\/hoxdoll.com\/de\/wp-json\/wp\/v2\/comments?post=31962"}],"version-history":[{"count":2,"href":"https:\/\/hoxdoll.com\/de\/wp-json\/wp\/v2\/product\/31962\/revisions"}],"predecessor-version":[{"id":52785,"href":"https:\/\/hoxdoll.com\/de\/wp-json\/wp\/v2\/product\/31962\/revisions\/52785"}],"wp:featuredmedia":[{"embeddable":true,"href":"https:\/\/hoxdoll.com\/de\/wp-json\/wp\/v2\/media\/31984"}],"wp:attachment":[{"href":"https:\/\/hoxdoll.com\/de\/wp-json\/wp\/v2\/media?parent=31962"}],"wp:term":[{"taxonomy":"product_brand","embeddable":true,"href":"https:\/\/hoxdoll.com\/de\/wp-json\/wp\/v2\/product_brand?post=31962"},{"taxonomy":"product_cat","embeddable":true,"href":"https:\/\/hoxdoll.com\/de\/wp-json\/wp\/v2\/product_cat?post=31962"},{"taxonomy":"product_tag","embeddable":true,"href":"https:\/\/hoxdoll.com\/de\/wp-json\/wp\/v2\/product_tag?post=31962"}],"curies":[{"name":"wp","href":"https:\/\/api.w.org\/{rel}","templated":true}]}}