{"id":19409,"date":"2024-04-04T22:51:26","date_gmt":"2024-04-04T14:51:26","guid":{"rendered":"https:\/\/xoxdoll.com\/?post_type=product&#038;p=19409"},"modified":"2024-08-02T00:49:46","modified_gmt":"2024-08-01T16:49:46","slug":"clothes-small-customization-cock-breast-ass-kim-doll","status":"publish","type":"product","link":"https:\/\/hoxdoll.com\/de\/produkt\/clothes-small-customization-cock-breast-ass-kim-doll\/","title":{"rendered":"158cm Kleidung Kleine Anpassung Schwanz Brust Arsch Kim Puppe \u2013 Oaklyn"},"content":{"rendered":"<h4>Sexpuppe Fotos<\/h4>\n<p><a href=\"https:\/\/hoxdoll.com\/wp-content\/uploads\/2024\/04\/por-sex-doll-aRm02t14.jpg\"><img fetchpriority=\"high\" decoding=\"async\" class=\"alignnone size-medium wp-image-19423\" src=\"https:\/\/hoxdoll.com\/wp-content\/uploads\/2024\/04\/por-sex-doll-aRm02t14-400x300.jpg\" alt=\"\" width=\"400\" height=\"300\" srcset=\"https:\/\/hoxdoll.com\/wp-content\/uploads\/2024\/04\/por-sex-doll-aRm02t14-400x300.jpg 400w, https:\/\/hoxdoll.com\/wp-content\/uploads\/2024\/04\/por-sex-doll-aRm02t14-430x323.jpg 430w, https:\/\/hoxdoll.com\/wp-content\/uploads\/2024\/04\/por-sex-doll-aRm02t14-150x113.jpg 150w, https:\/\/hoxdoll.com\/wp-content\/uploads\/2024\/04\/por-sex-doll-aRm02t14-700x525.jpg 700w, https:\/\/hoxdoll.com\/wp-content\/uploads\/2024\/04\/por-sex-doll-aRm02t14-768x576.jpg 768w, https:\/\/hoxdoll.com\/wp-content\/uploads\/2024\/04\/por-sex-doll-aRm02t14-860x645.jpg 860w, https:\/\/hoxdoll.com\/wp-content\/uploads\/2024\/04\/por-sex-doll-aRm02t14.jpg 900w\" sizes=\"(max-width: 400px) 100vw, 400px\" \/><\/a> <a href=\"https:\/\/hoxdoll.com\/wp-content\/uploads\/2024\/04\/por-sex-doll-aRm02t16.jpg\"><img decoding=\"async\" class=\"alignnone size-medium wp-image-19425\" src=\"https:\/\/hoxdoll.com\/wp-content\/uploads\/2024\/04\/por-sex-doll-aRm02t16-225x300.jpg\" alt=\"\" width=\"225\" height=\"300\" srcset=\"https:\/\/hoxdoll.com\/wp-content\/uploads\/2024\/04\/por-sex-doll-aRm02t16-225x300.jpg 225w, https:\/\/hoxdoll.com\/wp-content\/uploads\/2024\/04\/por-sex-doll-aRm02t16-430x573.jpg 430w, https:\/\/hoxdoll.com\/wp-content\/uploads\/2024\/04\/por-sex-doll-aRm02t16-150x200.jpg 150w, https:\/\/hoxdoll.com\/wp-content\/uploads\/2024\/04\/por-sex-doll-aRm02t16-600x800.jpg 600w, https:\/\/hoxdoll.com\/wp-content\/uploads\/2024\/04\/por-sex-doll-aRm02t16.jpg 675w\" sizes=\"(max-width: 225px) 100vw, 225px\" \/><\/a> <a href=\"https:\/\/hoxdoll.com\/wp-content\/uploads\/2024\/04\/por-sex-doll-aRm02t17.jpg\"><img decoding=\"async\" class=\"alignnone size-medium wp-image-19426\" src=\"https:\/\/hoxdoll.com\/wp-content\/uploads\/2024\/04\/por-sex-doll-aRm02t17-225x300.jpg\" alt=\"\" width=\"225\" height=\"300\" srcset=\"https:\/\/hoxdoll.com\/wp-content\/uploads\/2024\/04\/por-sex-doll-aRm02t17-225x300.jpg 225w, https:\/\/hoxdoll.com\/wp-content\/uploads\/2024\/04\/por-sex-doll-aRm02t17-430x573.jpg 430w, https:\/\/hoxdoll.com\/wp-content\/uploads\/2024\/04\/por-sex-doll-aRm02t17-150x200.jpg 150w, https:\/\/hoxdoll.com\/wp-content\/uploads\/2024\/04\/por-sex-doll-aRm02t17-600x800.jpg 600w, https:\/\/hoxdoll.com\/wp-content\/uploads\/2024\/04\/por-sex-doll-aRm02t17.jpg 675w\" sizes=\"(max-width: 225px) 100vw, 225px\" \/><\/a><\/p>\n<h4>Ma\u00dfe einer echten Puppe<\/h4>\n<table width=\"377\">\n<tbody>\n<tr>\n<td width=\"165\">Material<\/td>\n<td width=\"212\">Silikonkopf + TPE-K\u00f6rper<\/td>\n<\/tr>\n<tr>\n<td>H\u00f6he<\/td>\n<td>158 cm<\/td>\n<\/tr>\n<tr>\n<td>Obere Brust<\/td>\n<td>81 cm<\/td>\n<\/tr>\n<tr>\n<td>Untere Brust<\/td>\n<td>58 cm<\/td>\n<\/tr>\n<tr>\n<td width=\"165\">Taille<\/td>\n<td>55 cm<\/td>\n<\/tr>\n<tr>\n<td width=\"165\">H\u00fcfte<\/td>\n<td>88 cm<\/td>\n<\/tr>\n<tr>\n<td width=\"165\">Schulter<\/td>\n<td>33 cm<\/td>\n<\/tr>\n<tr>\n<td width=\"165\">Arm<\/td>\n<td>47 cm<\/td>\n<\/tr>\n<tr>\n<td width=\"165\">Hand<\/td>\n<td>16 cm<\/td>\n<\/tr>\n<tr>\n<td width=\"165\">Bein<\/td>\n<td>88 cm<\/td>\n<\/tr>\n<tr>\n<td width=\"165\">F\u00fc\u00dfe<\/td>\n<td>21 cm<\/td>\n<\/tr>\n<tr>\n<td>Orale Tiefe<\/td>\n<td>Nicht verf\u00fcgbar<\/td>\n<\/tr>\n<tr>\n<td width=\"165\">Vaginale Tiefe<\/td>\n<td>18 cm<\/td>\n<\/tr>\n<tr>\n<td width=\"165\">Anale Tiefe<\/td>\n<td>12 cm<\/td>\n<\/tr>\n<tr>\n<td>Gewicht<\/td>\n<td>32 kg<\/td>\n<\/tr>\n<\/tbody>\n<\/table>\n<h4>Mehr Informationen<\/h4>\n<p>Diese Sexpuppe ist eine realistische Liebespuppe, die f\u00fcr das beste sexuelle Erlebnis gebaut wurde. Dank eines sehr realistischen Designs. Diese m\u00e4nnliche schwule Sexpuppe ist mit einer breiten Palette an Kleidung f\u00fcr Sexpuppen kompatibel. Dank eines anatomisch genauen Designs. Die Anpassung der Sexpuppe ist einfach und nahtlos. Dank einer Kompatibilit\u00e4t mit vielen Sexpuppen-Accessoires. Daher k\u00f6nnen Sie das Aussehen mit so vielen Outfits und Accessoires verbessern und ver\u00e4ndern.<\/p>\n<p>Au\u00dferdem wiegt sie so viel wie eine sehr kleine Sexpuppe. Diese 158 cm gro\u00dfe Sexpuppe ist leicht gebaut und bietet jede Menge Funktionalit\u00e4t. Diese Sexpuppe mit gro\u00dfem Penis ist gut ausgestattet, um Sie auszuf\u00fcllen und bietet gleichzeitig das geschmeidige, weiche Gef\u00fchl einer Sexpuppe mit gro\u00dfen Br\u00fcsten. Daher ist diese Sexpuppe mit dem gro\u00dfen schwarzen Arsch ideal zum Kuscheln.<\/p>\n<p>Dar\u00fcber hinaus wurde diese Kim-Sexpuppe so konstruiert, dass sie ausreichend stimuliert, um vollkommene Befriedigung zu gew\u00e4hrleisten. Das bedeutet, dass jeder Teil dieser realistischen Sexpuppe so gestaltet wurde, dass er dem echten so nahe wie m\u00f6glich kommt. Und sich dabei genauso realistisch anf\u00fchlt.<\/p>\n\t\t<div data-elementor-type=\"section\" data-elementor-id=\"15658\" class=\"elementor elementor-15658\" data-elementor-post-type=\"elementor_library\">\n\t\t\t<div class=\"wd-negative-gap elementor-element elementor-element-661c34e elementor-hidden-desktop elementor-hidden-tablet elementor-hidden-mobile e-flex e-con-boxed e-con e-parent\" data-id=\"661c34e\" data-element_type=\"container\" data-core-v316-plus=\"true\">\n\t\t\t\t\t<div class=\"e-con-inner\">\n\t\t\t\t<div class=\"elementor-element elementor-element-370f68d elementor-widget elementor-widget-wd_text_block\" data-id=\"370f68d\" data-element_type=\"widget\" data-widget_type=\"wd_text_block.default\">\n\t\t\t\t<div class=\"elementor-widget-container\">\n\t\t\t\t\t<div class=\"wd-text-block reset-last-child text-left\">\n\t\t\t\n\t\t\t<p class=\"wd-entities-title title post-title\">Produktbeschreibungsbereich<\/p>\n\t\t\t\t\t<\/div>\n\t\t\t\t<\/div>\n\t\t\t\t<\/div>\n\t\t\t\t\t<\/div>\n\t\t\t\t<\/div>\n\t\t<div class=\"elementor-element elementor-element-84fa065 e-con-full e-flex e-con e-parent\" data-id=\"84fa065\" data-element_type=\"container\" data-core-v316-plus=\"true\">\n\t\t<div class=\"wd-negative-gap elementor-element elementor-element-dcb9bc2 e-flex e-con-boxed e-con e-child\" data-id=\"dcb9bc2\" data-element_type=\"container\" data-settings=\"{&quot;background_background&quot;:&quot;classic&quot;}\">\n\t\t\t\t\t<div class=\"e-con-inner\">\n\t\t\t\t<div class=\"elementor-element elementor-element-1384ec5 elementor-widget__width-initial elementor-widget elementor-widget-wd_text_block\" data-id=\"1384ec5\" data-element_type=\"widget\" data-widget_type=\"wd_text_block.default\">\n\t\t\t\t<div class=\"elementor-widget-container\">\n\t\t\t\t\t<div class=\"wd-text-block reset-last-child text-left\">\n\t\t\t\n\t\t\t<p>Welche Funktionen hat eine Sexpuppe?<\/p>\n\t\t\t\t\t<\/div>\n\t\t\t\t<\/div>\n\t\t\t\t<\/div>\n\t\t\t\t\t<\/div>\n\t\t\t\t<\/div>\n\t\t\t\t<\/div>\n\t\t<div class=\"wd-negative-gap elementor-element elementor-element-bc20dd2 e-flex e-con-boxed e-con e-parent\" data-id=\"bc20dd2\" data-element_type=\"container\" data-core-v316-plus=\"true\">\n\t\t\t\t\t<div class=\"e-con-inner\">\n\t\t\t\t<div class=\"elementor-element elementor-element-fc8a1ce wd-width-100 elementor-widget elementor-widget-wd_title\" data-id=\"fc8a1ce\" data-element_type=\"widget\" data-widget_type=\"wd_title.default\">\n\t\t\t\t<div class=\"elementor-widget-container\">\n\t\t\t\t\t<div class=\"title-wrapper set-mb-s reset-last-child wd-title-color-default wd-title-style-default wd-title-size-default text-center\">\n\n\t\t\t\n\t\t\t<div class=\"liner-continer\">\n\t\t\t\t<h4 class=\"woodmart-title-container title wd-fontsize-l\">Sexpuppen-Skelett-Show<\/h4> \n\t\t\t\t\t\t\t<\/div>\n\n\t\t\t\t\t<\/div>\n\t\t\t\t<\/div>\n\t\t\t\t<\/div>\n\t\t\t\t<div class=\"elementor-element elementor-element-b409bc2 elementor-widget elementor-widget-image\" data-id=\"b409bc2\" data-element_type=\"widget\" data-widget_type=\"image.default\">\n\t\t\t\t<div class=\"elementor-widget-container\">\n\t\t\t<style>\/*! elementor - v3.20.0 - 20-03-2024 *\/\n.elementor-widget-image{text-align:center}.elementor-widget-image a{display:inline-block}.elementor-widget-image a img[src$=\".svg\"]{width:48px}.elementor-widget-image img{vertical-align:middle;display:inline-block}<\/style>\t\t\t\t\t\t\t\t\t\t<img loading=\"lazy\" decoding=\"async\" width=\"1300\" height=\"601\" src=\"https:\/\/hoxdoll.com\/wp-content\/uploads\/2024\/03\/pages-skeleton-1-1300x601.jpg\" class=\"attachment-large size-large wp-image-51679\" alt=\"\" srcset=\"https:\/\/hoxdoll.com\/wp-content\/uploads\/2024\/03\/pages-skeleton-1-1300x601.jpg 1300w, https:\/\/hoxdoll.com\/wp-content\/uploads\/2024\/03\/pages-skeleton-1-400x185.jpg 400w, https:\/\/hoxdoll.com\/wp-content\/uploads\/2024\/03\/pages-skeleton-1-768x355.jpg 768w, https:\/\/hoxdoll.com\/wp-content\/uploads\/2024\/03\/pages-skeleton-1-18x8.jpg 18w, https:\/\/hoxdoll.com\/wp-content\/uploads\/2024\/03\/pages-skeleton-1-860x397.jpg 860w, https:\/\/hoxdoll.com\/wp-content\/uploads\/2024\/03\/pages-skeleton-1-430x199.jpg 430w, https:\/\/hoxdoll.com\/wp-content\/uploads\/2024\/03\/pages-skeleton-1-700x323.jpg 700w, https:\/\/hoxdoll.com\/wp-content\/uploads\/2024\/03\/pages-skeleton-1-150x69.jpg 150w, https:\/\/hoxdoll.com\/wp-content\/uploads\/2024\/03\/pages-skeleton-1.jpg 1500w\" sizes=\"(max-width: 1300px) 100vw, 1300px\" \/>\t\t\t\t\t\t\t\t\t\t\t\t\t<\/div>\n\t\t\t\t<\/div>\n\t\t\t\t\t<\/div>\n\t\t\t\t<\/div>\n\t\t\t\t<\/div>","protected":false},"excerpt":{"rendered":"<div data-elementor-type=\"section\" data-elementor-id=\"15655\" class=\"elementor elementor-15655\" data-elementor-post-type=\"elementor_library\">\n<div class=\"wd-negative-gap elementor-element elementor-element-a53fbc2 e-flex e-con-boxed e-con e-parent\" data-id=\"a53fbc2\" data-element_type=\"container\" data-settings=\"{&quot;background_background&quot;:&quot;classic&quot;}\" data-core-v316-plus=\"true\">\n<div class=\"e-con-inner\">\n<div class=\"elementor-element elementor-element-c85fa0f elementor-widget elementor-widget-heading\" data-id=\"c85fa0f\" data-element_type=\"widget\" data-widget_type=\"heading.default\">\n<div class=\"elementor-widget-container\">\n<style>\/*! elementor - v3.20.0 - 20-03-2024 *\/\n.elementor-heading-title{padding:0;margin:0;line-height:1}.elementor-widget-heading .elementor-heading-title[class*=elementor-size-]>a{color:inherit;font-size:inherit;line-height:inherit}.elementor-widget-heading .elementor-heading-title.elementor-size-small{font-size:15px}.elementor-widget-heading .elementor-heading-title.elementor-size-medium{font-size:19px}.elementor-widget-heading .elementor-heading-title.elementor-size-large{font-size:29px}.elementor-widget-heading .elementor-heading-title.elementor-size-xl{font-size:39px}.elementor-widget-heading .elementor-heading-title.elementor-size-xxl{font-size:59px}<\/style>\n<h2 class=\"elementor-heading-title elementor-size-default\">Genie\u00dfen Sie das Sonderangebot<\/h2>\n<\/p><\/div>\n<\/p><\/div>\n<div class=\"elementor-element elementor-element-c5ac267 elementor-widget elementor-widget-toggle\" data-id=\"c5ac267\" data-element_type=\"widget\" data-widget_type=\"toggle.default\">\n<div class=\"elementor-widget-container\">\n<style>.elementor-toggle{text-align:left}.elementor-toggle .elementor-tab-title{font-weight:700;line-height:1;margin:0;padding:15px;border-bottom:1px solid #d5d8dc;cursor:pointer;outline:none}.elementor-toggle .elementor-tab-title .elementor-toggle-icon{display:inline-block;width:1em}.elementor-toggle .elementor-tab-title .elementor-toggle-icon svg{margin-inline-start:-5px;width:1em;height:1em}.elementor-toggle .elementor-tab-title .elementor-toggle-icon.elementor-toggle-icon-right{float:right;text-align:right}.elementor-toggle .elementor-tab-title .elementor-toggle-icon.elementor-toggle-icon-left{float:left;text-align:left}.elementor-toggle .elementor-tab-title .elementor-toggle-icon .elementor-toggle-icon-closed{display:block}.elementor-toggle .elementor-tab-title .elementor-toggle-icon .elementor-toggle-icon-opened{display:none}.elementor-toggle .elementor-tab-title.elementor-active{border-bottom:none}.elementor-toggle .elementor-tab-title.elementor-active .elementor-toggle-icon-closed{display:none}.elementor-toggle .elementor-tab-title.elementor-active .elementor-toggle-icon-opened{display:block}.elementor-toggle .elementor-tab-content{padding:15px;border-bottom:1px solid #d5d8dc;display:none}@media (max-width:768px){.elementor-toggle .elementor-tab-title{padding:12px}.elementor-toggle .elementor-tab-content{padding:12px 10px}}.e-con-inner>.elementor-widget-toggle,.e-con>.elementor-widget-toggle{width:var(--container-widget-width);--flex-grow:var(--container-widget-flex-grow)}<\/style>\n<div class=\"elementor-toggle\">\n<div class=\"elementor-toggle-item\">\n<div id=\"elementor-tab-title-2071\" class=\"elementor-tab-title\" data-tab=\"1\" role=\"button\" aria-controls=\"elementor-tab-content-2071\" aria-expanded=\"false\">\n\t\t\t\t\t\t\t\t\t\t\t\t<span class=\"elementor-toggle-icon elementor-toggle-icon-right\" aria-hidden=\"true\"><br \/>\n\t\t\t\t\t\t\t\t\t\t\t\t\t\t\t<span class=\"elementor-toggle-icon-closed\"><svg class=\"e-font-icon-svg e-fas-angle-double-down\" viewbox=\"0 0 320 512\" xmlns=\"http:\/\/www.w3.org\/2000\/svg\"><path d=\"M143 256.3L7 120.3c-9.4-9.4-9.4-24.6 0-33.9l22.6-22.6c9.4-9.4 24.6-9.4 33.9 0l96.4 96.4 96.4-96.4c9.4-9.4 24.6-9.4 33.9 0L313 86.3c9.4 9.4 9.4 24.6 0 33.9l-136 136c-9.4 9.5-24.6 9.5-34 .1zm34 192l136-136c9.4-9.4 9.4-24.6 0-33.9l-22.6-22.6c-9.4-9.4-24.6-9.4-33.9 0L160 352.1l-96.4-96.4c-9.4-9.4-24.6-9.4-33.9 0L7 278.3c-9.4 9.4-9.4 24.6 0 33.9l136 136c9.4 9.5 24.6 9.5 34 .1z\"><\/path><\/svg><\/span><br \/>\n\t\t\t\t\t\t\t\t<span class=\"elementor-toggle-icon-opened\"><svg class=\"elementor-toggle-icon-opened e-font-icon-svg e-fas-angle-double-up\" viewbox=\"0 0 320 512\" xmlns=\"http:\/\/www.w3.org\/2000\/svg\"><path d=\"M177 255.7l136 136c9.4 9.4 9.4 24.6 0 33.9l-22.6 22.6c-9.4 9.4-24.6 9.4-33.9 0L160 351.9l-96.4 96.4c-9.4 9.4-24.6 9.4-33.9 0L7 425.7c-9.4-9.4-9.4-24.6 0-33.9l136-136c9.4-9.5 24.6-9.5 34-.1zm-34-192L7 199.7c-9.4 9.4-9.4 24.6 0 33.9l22.6 22.6c9.4 9.4 24.6 9.4 33.9 0l96.4-96.4 96.4 96.4c9.4 9.4 24.6 9.4 33.9 0l22.6-22.6c9.4-9.4 9.4-24.6 0-33.9l-136-136c-9.2-9.4-24.4-9.4-33.8 0z\"><\/path><\/svg><\/span><br \/>\n\t\t\t\t\t\t\t\t\t\t\t\t\t<\/span><br \/>\n\t\t\t\t\t\t\t\t\t\t\t\t<a class=\"elementor-toggle-title\" tabindex=\"0\">Echte autorisierte H\u00e4ndler<\/a>\n\t\t\t\t\t<\/div>\n<div id=\"elementor-tab-content-2071\" class=\"elementor-tab-content elementor-clearfix\" data-tab=\"1\" role=\"region\" aria-labelledby=\"elementor-tab-title-2071\">\n<p>HoxDoll ist ein autorisierter H\u00e4ndler f\u00fcr Sexpuppen. HoxDoll konzentriert sich darauf, aufstrebende chinesische Unternehmen mit gro\u00dfartiger Puppenkunst zu unterst\u00fctzen. HoxDoll bietet Puppenliebhabern weltweit hochwertige, preisg\u00fcnstige Sexpuppen an.<\/p>\n<\/div><\/div>\n<div class=\"elementor-toggle-item\">\n<div id=\"elementor-tab-title-2072\" class=\"elementor-tab-title\" data-tab=\"2\" role=\"button\" aria-controls=\"elementor-tab-content-2072\" aria-expanded=\"false\">\n\t\t\t\t\t\t\t\t\t\t\t\t<span class=\"elementor-toggle-icon elementor-toggle-icon-right\" aria-hidden=\"true\"><br \/>\n\t\t\t\t\t\t\t\t\t\t\t\t\t\t\t<span class=\"elementor-toggle-icon-closed\"><svg class=\"e-font-icon-svg e-fas-angle-double-down\" viewbox=\"0 0 320 512\" xmlns=\"http:\/\/www.w3.org\/2000\/svg\"><path d=\"M143 256.3L7 120.3c-9.4-9.4-9.4-24.6 0-33.9l22.6-22.6c9.4-9.4 24.6-9.4 33.9 0l96.4 96.4 96.4-96.4c9.4-9.4 24.6-9.4 33.9 0L313 86.3c9.4 9.4 9.4 24.6 0 33.9l-136 136c-9.4 9.5-24.6 9.5-34 .1zm34 192l136-136c9.4-9.4 9.4-24.6 0-33.9l-22.6-22.6c-9.4-9.4-24.6-9.4-33.9 0L160 352.1l-96.4-96.4c-9.4-9.4-24.6-9.4-33.9 0L7 278.3c-9.4 9.4-9.4 24.6 0 33.9l136 136c9.4 9.5 24.6 9.5 34 .1z\"><\/path><\/svg><\/span><br \/>\n\t\t\t\t\t\t\t\t<span class=\"elementor-toggle-icon-opened\"><svg class=\"elementor-toggle-icon-opened e-font-icon-svg e-fas-angle-double-up\" viewbox=\"0 0 320 512\" xmlns=\"http:\/\/www.w3.org\/2000\/svg\"><path d=\"M177 255.7l136 136c9.4 9.4 9.4 24.6 0 33.9l-22.6 22.6c-9.4 9.4-24.6 9.4-33.9 0L160 351.9l-96.4 96.4c-9.4 9.4-24.6 9.4-33.9 0L7 425.7c-9.4-9.4-9.4-24.6 0-33.9l136-136c9.4-9.5 24.6-9.5 34-.1zm-34-192L7 199.7c-9.4 9.4-9.4 24.6 0 33.9l22.6 22.6c9.4 9.4 24.6 9.4 33.9 0l96.4-96.4 96.4 96.4c9.4 9.4 24.6 9.4 33.9 0l22.6-22.6c9.4-9.4 9.4-24.6 0-33.9l-136-136c-9.2-9.4-24.4-9.4-33.8 0z\"><\/path><\/svg><\/span><br \/>\n\t\t\t\t\t\t\t\t\t\t\t\t\t<\/span><br \/>\n\t\t\t\t\t\t\t\t\t\t\t\t<a class=\"elementor-toggle-title\" tabindex=\"0\">Bestellung und Lieferung<\/a>\n\t\t\t\t\t<\/div>\n<div id=\"elementor-tab-content-2072\" class=\"elementor-tab-content elementor-clearfix\" data-tab=\"2\" role=\"region\" aria-labelledby=\"elementor-tab-title-2072\">\n<p>HoxDoll unterst\u00fctzt verschiedene Zahlungsarten wie Kreditkarten, Paypal und Bank\u00fcberweisungen.<\/p>\n<p>Wenn Sie Kreditkarten als Zahlungsmittel verwenden, sollte der Betrag $1100 nicht \u00fcberschreiten, da die Bestellung sonst nicht erfolgreich ist. Wenn Sie PayPal oder Bank\u00fcberweisungen verwenden, beachten Sie bitte, dass PayPal aufgrund der einzigartigen Beschaffenheit von Puppen nicht automatisch Geld abbuchen kann. Um eine Zahlung auf unser PayPal-Konto zu t\u00e4tigen, verwenden Sie bitte die PayPal-App oder -Website. Bitte senden Sie den Snapshot der erfolgreichen Zahlung, nachdem diese eingegangen ist. Wir verwenden Betrugsschutztechnologie (SSL-verschl\u00fcsselt), um Ihre Sicherheit zu gew\u00e4hrleisten, wie das Bild zeigt.<\/p>\n<\/div><\/div>\n<div class=\"elementor-toggle-item\">\n<div id=\"elementor-tab-title-2073\" class=\"elementor-tab-title\" data-tab=\"3\" role=\"button\" aria-controls=\"elementor-tab-content-2073\" aria-expanded=\"false\">\n\t\t\t\t\t\t\t\t\t\t\t\t<span class=\"elementor-toggle-icon elementor-toggle-icon-right\" aria-hidden=\"true\"><br \/>\n\t\t\t\t\t\t\t\t\t\t\t\t\t\t\t<span class=\"elementor-toggle-icon-closed\"><svg class=\"e-font-icon-svg e-fas-angle-double-down\" viewbox=\"0 0 320 512\" xmlns=\"http:\/\/www.w3.org\/2000\/svg\"><path d=\"M143 256.3L7 120.3c-9.4-9.4-9.4-24.6 0-33.9l22.6-22.6c9.4-9.4 24.6-9.4 33.9 0l96.4 96.4 96.4-96.4c9.4-9.4 24.6-9.4 33.9 0L313 86.3c9.4 9.4 9.4 24.6 0 33.9l-136 136c-9.4 9.5-24.6 9.5-34 .1zm34 192l136-136c9.4-9.4 9.4-24.6 0-33.9l-22.6-22.6c-9.4-9.4-24.6-9.4-33.9 0L160 352.1l-96.4-96.4c-9.4-9.4-24.6-9.4-33.9 0L7 278.3c-9.4 9.4-9.4 24.6 0 33.9l136 136c9.4 9.5 24.6 9.5 34 .1z\"><\/path><\/svg><\/span><br \/>\n\t\t\t\t\t\t\t\t<span class=\"elementor-toggle-icon-opened\"><svg class=\"elementor-toggle-icon-opened e-font-icon-svg e-fas-angle-double-up\" viewbox=\"0 0 320 512\" xmlns=\"http:\/\/www.w3.org\/2000\/svg\"><path d=\"M177 255.7l136 136c9.4 9.4 9.4 24.6 0 33.9l-22.6 22.6c-9.4 9.4-24.6 9.4-33.9 0L160 351.9l-96.4 96.4c-9.4 9.4-24.6 9.4-33.9 0L7 425.7c-9.4-9.4-9.4-24.6 0-33.9l136-136c9.4-9.5 24.6-9.5 34-.1zm-34-192L7 199.7c-9.4 9.4-9.4 24.6 0 33.9l22.6 22.6c9.4 9.4 24.6 9.4 33.9 0l96.4-96.4 96.4 96.4c9.4 9.4 24.6 9.4 33.9 0l22.6-22.6c9.4-9.4 9.4-24.6 0-33.9l-136-136c-9.2-9.4-24.4-9.4-33.8 0z\"><\/path><\/svg><\/span><br \/>\n\t\t\t\t\t\t\t\t\t\t\t\t\t<\/span><br \/>\n\t\t\t\t\t\t\t\t\t\t\t\t<a class=\"elementor-toggle-title\" tabindex=\"0\">Warum sollten Sie sich bei Sexpuppen f\u00fcr HoxDoll entscheiden?<\/a>\n\t\t\t\t\t<\/div>\n<div id=\"elementor-tab-content-2073\" class=\"elementor-tab-content elementor-clearfix\" data-tab=\"3\" role=\"region\" aria-labelledby=\"elementor-tab-title-2073\">\n<ul>\n<li>HoxDoll ist ein H\u00e4ndler f\u00fcr offiziell lizenzierte Sexpuppen.<\/li>\n<li>Ihre Zahlung ist vollkommen sicher und durch SSL gesch\u00fctzt. Sie m\u00fcssen sich keine Sorgen machen, dass Ihre Daten kompromittiert werden.<\/li>\n<li>Der Service bei HoxDoll ist professionell. Sie k\u00f6nnen unseren Kundendienst jederzeit erreichen, wenn Sie Fragen oder W\u00fcnsche haben. Um Ihnen bei der L\u00f6sung des Problems zu helfen, werden wir Ihnen innerhalb von 24 Stunden antworten.<\/li>\n<li>HoxDoll bietet kostenlosen Luftversand an. 99% der Bestellungen sind frei von zus\u00e4tzlichen Geb\u00fchren.<\/li>\n<\/ul>\n<\/div><\/div>\n<\/p><\/div>\n<\/p><\/div>\n<\/p><\/div>\n<\/p><\/div>\n<\/p><\/div>\n<\/p><\/div>","protected":false},"featured_media":49980,"comment_status":"open","ping_status":"closed","template":"","meta":{"rank_math_lock_modified_date":false},"product_brand":[],"product_cat":[101,106,97,92,79,112,96],"product_tag":[],"class_list":{"0":"post-19409","1":"product","2":"type-product","3":"status-publish","4":"has-post-thumbnail","6":"product_cat-150cm-159cm","7":"product_cat-31kg-35kg","8":"product_cat-asian-sex-doll","9":"product_cat-medium-breast-sex-doll","10":"product_cat-real-sex-doll","11":"product_cat-silicone-head-tpe-body","12":"product_cat-skinny-sex-doll","13":"tm-has-options","15":"first","16":"instock","17":"sale","18":"shipping-taxable","19":"purchasable","20":"product-type-simple"},"_links":{"self":[{"href":"https:\/\/hoxdoll.com\/de\/wp-json\/wp\/v2\/product\/19409","targetHints":{"allow":["GET"]}}],"collection":[{"href":"https:\/\/hoxdoll.com\/de\/wp-json\/wp\/v2\/product"}],"about":[{"href":"https:\/\/hoxdoll.com\/de\/wp-json\/wp\/v2\/types\/product"}],"replies":[{"embeddable":true,"href":"https:\/\/hoxdoll.com\/de\/wp-json\/wp\/v2\/comments?post=19409"}],"version-history":[{"count":3,"href":"https:\/\/hoxdoll.com\/de\/wp-json\/wp\/v2\/product\/19409\/revisions"}],"predecessor-version":[{"id":53769,"href":"https:\/\/hoxdoll.com\/de\/wp-json\/wp\/v2\/product\/19409\/revisions\/53769"}],"wp:featuredmedia":[{"embeddable":true,"href":"https:\/\/hoxdoll.com\/de\/wp-json\/wp\/v2\/media\/49980"}],"wp:attachment":[{"href":"https:\/\/hoxdoll.com\/de\/wp-json\/wp\/v2\/media?parent=19409"}],"wp:term":[{"taxonomy":"product_brand","embeddable":true,"href":"https:\/\/hoxdoll.com\/de\/wp-json\/wp\/v2\/product_brand?post=19409"},{"taxonomy":"product_cat","embeddable":true,"href":"https:\/\/hoxdoll.com\/de\/wp-json\/wp\/v2\/product_cat?post=19409"},{"taxonomy":"product_tag","embeddable":true,"href":"https:\/\/hoxdoll.com\/de\/wp-json\/wp\/v2\/product_tag?post=19409"}],"curies":[{"name":"wp","href":"https:\/\/api.w.org\/{rel}","templated":true}]}}