{"id":51394,"date":"2024-06-12T15:22:10","date_gmt":"2024-06-12T07:22:10","guid":{"rendered":"https:\/\/hoxdoll.com\/?page_id=51394"},"modified":"2024-06-15T16:57:43","modified_gmt":"2024-06-15T08:57:43","slug":"blog","status":"publish","type":"page","link":"https:\/\/hoxdoll.com\/de\/blog\/","title":{"rendered":"Der Blog"},"content":{"rendered":"<div data-elementor-type=\"wp-page\" data-elementor-id=\"51394\" class=\"elementor elementor-51394\" data-elementor-post-type=\"page\">\n\t\t\t\t<div class=\"elementor-element elementor-element-89dd0b3 e-con-full wd-section-stretch e-flex e-con e-parent\" data-id=\"89dd0b3\" data-element_type=\"container\" data-core-v316-plus=\"true\">\n\t\t\t\t<\/div>\n\t\t<div class=\"wd-negative-gap elementor-element elementor-element-4134c96 e-flex e-con-boxed e-con e-parent\" data-id=\"4134c96\" data-element_type=\"container\" data-core-v316-plus=\"true\">\n\t\t\t\t\t<div class=\"e-con-inner\">\n\t\t\t\t<div class=\"elementor-element elementor-element-79b2098 elementor-widget elementor-widget-heading\" data-id=\"79b2098\" data-element_type=\"widget\" data-widget_type=\"heading.default\">\n\t\t\t\t<div class=\"elementor-widget-container\">\n\t\t\t<style>\/*! elementor - v3.20.0 - 20-03-2024 *\/\n.elementor-heading-title{padding:0;margin:0;line-height:1}.elementor-widget-heading .elementor-heading-title[class*=elementor-size-]>a{color:inherit;font-size:inherit;line-height:inherit}.elementor-widget-heading .elementor-heading-title.elementor-size-small{font-size:15px}.elementor-widget-heading .elementor-heading-title.elementor-size-medium{font-size:19px}.elementor-widget-heading .elementor-heading-title.elementor-size-large{font-size:29px}.elementor-widget-heading .elementor-heading-title.elementor-size-xl{font-size:39px}.elementor-widget-heading .elementor-heading-title.elementor-size-xxl{font-size:59px}<\/style><h2 class=\"elementor-heading-title elementor-size-default\">Information<\/h2>\t\t<\/div>\n\t\t\t\t<\/div>\n\t\t\t\t<div class=\"elementor-element elementor-element-94e2a34 color-scheme-inherit text-left elementor-widget elementor-widget-text-editor\" data-id=\"94e2a34\" data-element_type=\"widget\" data-widget_type=\"text-editor.default\">\n\t\t\t\t<div class=\"elementor-widget-container\">\n\t\t\t<style>\/*! elementor - v3.20.0 - 20-03-2024 *\/\n.elementor-widget-text-editor.elementor-drop-cap-view-stacked .elementor-drop-cap{background-color:#69727d;color:#fff}.elementor-widget-text-editor.elementor-drop-cap-view-framed .elementor-drop-cap{color:#69727d;border:3px solid;background-color:transparent}.elementor-widget-text-editor:not(.elementor-drop-cap-view-default) .elementor-drop-cap{margin-top:8px}.elementor-widget-text-editor:not(.elementor-drop-cap-view-default) .elementor-drop-cap-letter{width:1em;height:1em}.elementor-widget-text-editor .elementor-drop-cap{float:left;text-align:center;line-height:1;font-size:50px}.elementor-widget-text-editor .elementor-drop-cap-letter{display:inline-block}<\/style>\t\t\t\t<p>Hox Doll ist eine professionelle Einkaufsplattform f\u00fcr hochwertige Sexpuppen. Sie k\u00f6nnen hier eine gro\u00dfe Auswahl an hochwertigen Sexpuppen in verschiedenen Gr\u00f6\u00dfen und Designs kaufen. Wir bieten Erschwinglichkeit und Qualit\u00e4t. Wir haben Lager in Ihrer N\u00e4he, sodass Sie Ihre Sexpuppe in k\u00fcrzester Zeit erhalten k\u00f6nnen.<\/p><p>Wir bieten auch professionellen Kundenservice per Online-Chat, E-Mail und Telefon. Unser Team von Kundendienstmitarbeitern steht Ihnen in jeder Kaufphase zur Verf\u00fcgung. Wir sind ein autorisierter Lieferant von echten, hochwertigen Sexpuppen. Sie k\u00f6nnen hier also die besten Marken-Sexpuppen in Originalqualit\u00e4t kaufen.<\/p><p>Zus\u00e4tzlich haben wir einen professionellen Sexpuppen-Blog. Hier k\u00f6nnen Sie viel \u00fcber Sexpuppen lernen. Unabh\u00e4ngig von Ihrer Erfahrung mit Sexpuppen bieten wir jede Menge Informationen, die Sie bei der Auswahl der perfekten Sexpuppe f\u00fcr Ihre Bed\u00fcrfnisse unterst\u00fctzen k\u00f6nnen. Auch wenn Sie sich noch nicht entschieden haben, eine Sexpuppe zu kaufen. Wir haben Informationen, die Ihnen helfen, die Vorteile realistischer Sexpuppen zu verstehen. Wenn Sie auch an Informationen aus der Sexstyle-Branche interessiert sind, k\u00f6nnen Sie die neuesten Nachrichten auf unserem Blog lesen.<\/p><p>Hox Doll ist einer der beliebtesten Anbieter hochwertiger realistischer Sexpuppen weltweit. Mit unz\u00e4hligen verkauften Einheiten und zahlreichen positiven R\u00fcckmeldungen. Dies bedeutet, dass dies der einzige Ort ist, an dem Sie die qualitativ hochwertigsten und erschwinglichsten Sexpuppen im Internet erhalten k\u00f6nnen.<\/p>\t\t\t\t\t\t<\/div>\n\t\t\t\t<\/div>\n\t\t\t\t\t<\/div>\n\t\t\t\t<\/div>\n\t\t<div class=\"wd-negative-gap elementor-element elementor-element-7cad13b e-flex e-con-boxed e-con e-parent\" data-id=\"7cad13b\" data-element_type=\"container\" data-core-v316-plus=\"true\">\n\t\t\t\t\t<div class=\"e-con-inner\">\n\t\t\t\t<div class=\"elementor-element elementor-element-115af09 elementor-grid-3 elementor-grid-tablet-2 elementor-grid-mobile-1 elementor-posts--thumbnail-top elementor-widget elementor-widget-posts\" data-id=\"115af09\" data-element_type=\"widget\" data-settings=\"{&quot;pagination_type&quot;:&quot;numbers&quot;,&quot;classic_columns&quot;:&quot;3&quot;,&quot;classic_columns_tablet&quot;:&quot;2&quot;,&quot;classic_columns_mobile&quot;:&quot;1&quot;,&quot;classic_row_gap&quot;:{&quot;unit&quot;:&quot;px&quot;,&quot;size&quot;:35,&quot;sizes&quot;:[]},&quot;classic_row_gap_tablet&quot;:{&quot;unit&quot;:&quot;px&quot;,&quot;size&quot;:&quot;&quot;,&quot;sizes&quot;:[]},&quot;classic_row_gap_mobile&quot;:{&quot;unit&quot;:&quot;px&quot;,&quot;size&quot;:&quot;&quot;,&quot;sizes&quot;:[]}}\" data-widget_type=\"posts.classic\">\n\t\t\t\t<div class=\"elementor-widget-container\">\n\t\t\t<link rel=\"stylesheet\" href=\"https:\/\/hoxdoll.com\/wp-content\/plugins\/elementor-pro\/assets\/css\/widget-posts.min.css\">\t\t<div class=\"elementor-posts-container elementor-posts elementor-posts--skin-classic elementor-grid\">\n\t\t\t\t<article class=\"elementor-post elementor-grid-item post-50332 post type-post status-publish format-standard has-post-thumbnail hentry category-sex-doll-news\">\n\t\t\t\t<a class=\"elementor-post__thumbnail__link\" href=\"https:\/\/hoxdoll.com\/de\/the-ultimate-guide-to-sex-dolls\/\" tabindex=\"-1\" >\n\t\t\t<div class=\"elementor-post__thumbnail\"><img fetchpriority=\"high\" decoding=\"async\" width=\"400\" height=\"267\" src=\"https:\/\/hoxdoll.com\/wp-content\/uploads\/2024\/04\/daki-sex-doll-sSt76f7-400x267.jpg\" class=\"attachment-medium size-medium wp-image-36741\" alt=\"Sexpuppen\" srcset=\"https:\/\/hoxdoll.com\/wp-content\/uploads\/2024\/04\/daki-sex-doll-sSt76f7-400x267.jpg 400w, https:\/\/hoxdoll.com\/wp-content\/uploads\/2024\/04\/daki-sex-doll-sSt76f7-430x287.jpg 430w, https:\/\/hoxdoll.com\/wp-content\/uploads\/2024\/04\/daki-sex-doll-sSt76f7-150x100.jpg 150w, https:\/\/hoxdoll.com\/wp-content\/uploads\/2024\/04\/daki-sex-doll-sSt76f7-700x467.jpg 700w, https:\/\/hoxdoll.com\/wp-content\/uploads\/2024\/04\/daki-sex-doll-sSt76f7-768x512.jpg 768w, https:\/\/hoxdoll.com\/wp-content\/uploads\/2024\/04\/daki-sex-doll-sSt76f7-860x573.jpg 860w, https:\/\/hoxdoll.com\/wp-content\/uploads\/2024\/04\/daki-sex-doll-sSt76f7.jpg 900w\" sizes=\"(max-width: 400px) 100vw, 400px\" \/><\/div>\n\t\t<\/a>\n\t\t\t\t<div class=\"elementor-post__text\">\n\t\t\t\t<h3 class=\"elementor-post__title\">\n\t\t\t<a href=\"https:\/\/hoxdoll.com\/de\/the-ultimate-guide-to-sex-dolls\/\" >\n\t\t\t\tDer ultimative Leitfaden f\u00fcr Sexpuppen\t\t\t<\/a>\n\t\t<\/h3>\n\t\t\t\t<div class=\"elementor-post__meta-data\">\n\t\t\t\t\t<span class=\"elementor-post-date\">\n\t\t\t5. April 2024\t\t<\/span>\n\t\t\t\t<span class=\"elementor-post-avatar\">\n\t\t\tKeine Kommentare\t\t<\/span>\n\t\t\t\t<\/div>\n\t\t\t\t<div class=\"elementor-post__excerpt\">\n\t\t\t<p>Wer hat die Sexpuppen erfunden? \u2013 Die Geschichte der Sexpuppen Sex war schon immer das verr\u00fcckteste Streben nach<\/p>\n\t\t<\/div>\n\t\t\t\t<\/div>\n\t\t\t\t<\/article>\n\t\t\t\t<article class=\"elementor-post elementor-grid-item post-50366 post type-post status-publish format-standard has-post-thumbnail hentry category-sex-doll-news\">\n\t\t\t\t<a class=\"elementor-post__thumbnail__link\" href=\"https:\/\/hoxdoll.com\/de\/hair-transplant-dolls-or-wig-dolls\/\" tabindex=\"-1\" >\n\t\t\t<div class=\"elementor-post__thumbnail\"><img decoding=\"async\" width=\"400\" height=\"267\" src=\"https:\/\/hoxdoll.com\/wp-content\/uploads\/2024\/04\/ts-doll-sex-tKu95p8-400x267.jpg\" class=\"attachment-medium size-medium wp-image-38640\" alt=\"Per\u00fccke\" srcset=\"https:\/\/hoxdoll.com\/wp-content\/uploads\/2024\/04\/ts-doll-sex-tKu95p8-400x267.jpg 400w, https:\/\/hoxdoll.com\/wp-content\/uploads\/2024\/04\/ts-doll-sex-tKu95p8-430x287.jpg 430w, https:\/\/hoxdoll.com\/wp-content\/uploads\/2024\/04\/ts-doll-sex-tKu95p8-150x100.jpg 150w, https:\/\/hoxdoll.com\/wp-content\/uploads\/2024\/04\/ts-doll-sex-tKu95p8-700x467.jpg 700w, https:\/\/hoxdoll.com\/wp-content\/uploads\/2024\/04\/ts-doll-sex-tKu95p8-768x512.jpg 768w, https:\/\/hoxdoll.com\/wp-content\/uploads\/2024\/04\/ts-doll-sex-tKu95p8-860x573.jpg 860w, https:\/\/hoxdoll.com\/wp-content\/uploads\/2024\/04\/ts-doll-sex-tKu95p8.jpg 900w\" sizes=\"(max-width: 400px) 100vw, 400px\" \/><\/div>\n\t\t<\/a>\n\t\t\t\t<div class=\"elementor-post__text\">\n\t\t\t\t<h3 class=\"elementor-post__title\">\n\t\t\t<a href=\"https:\/\/hoxdoll.com\/de\/hair-transplant-dolls-or-wig-dolls\/\" >\n\t\t\t\tHaartransplantationspuppen oder Per\u00fcckenpuppen\t\t\t<\/a>\n\t\t<\/h3>\n\t\t\t\t<div class=\"elementor-post__meta-data\">\n\t\t\t\t\t<span class=\"elementor-post-date\">\n\t\t\t28. Dezember 2023\t\t<\/span>\n\t\t\t\t<span class=\"elementor-post-avatar\">\n\t\t\tKeine Kommentare\t\t<\/span>\n\t\t\t\t<\/div>\n\t\t\t\t<div class=\"elementor-post__excerpt\">\n\t\t\t<p>Sie haben sich also endlich entschieden, eine Sexpuppe zu kaufen, sind sich aber nicht sicher, ob Sie sie brauchen.<\/p>\n\t\t<\/div>\n\t\t\t\t<\/div>\n\t\t\t\t<\/article>\n\t\t\t\t<article class=\"elementor-post elementor-grid-item post-50379 post type-post status-publish format-standard has-post-thumbnail hentry category-sex-doll-news\">\n\t\t\t\t<a class=\"elementor-post__thumbnail__link\" href=\"https:\/\/hoxdoll.com\/de\/tips-how-to-heat-your-sex-doll\/\" tabindex=\"-1\" >\n\t\t\t<div class=\"elementor-post__thumbnail\"><img decoding=\"async\" width=\"400\" height=\"266\" src=\"https:\/\/hoxdoll.com\/wp-content\/uploads\/2024\/04\/best-girl-friend-doll-x45tgk14-400x266.jpg\" class=\"attachment-medium size-medium wp-image-37943\" alt=\"Sexpuppe\" srcset=\"https:\/\/hoxdoll.com\/wp-content\/uploads\/2024\/04\/best-girl-friend-doll-x45tgk14-400x266.jpg 400w, https:\/\/hoxdoll.com\/wp-content\/uploads\/2024\/04\/best-girl-friend-doll-x45tgk14-430x286.jpg 430w, https:\/\/hoxdoll.com\/wp-content\/uploads\/2024\/04\/best-girl-friend-doll-x45tgk14-150x100.jpg 150w, https:\/\/hoxdoll.com\/wp-content\/uploads\/2024\/04\/best-girl-friend-doll-x45tgk14-700x466.jpg 700w, https:\/\/hoxdoll.com\/wp-content\/uploads\/2024\/04\/best-girl-friend-doll-x45tgk14-768x511.jpg 768w, https:\/\/hoxdoll.com\/wp-content\/uploads\/2024\/04\/best-girl-friend-doll-x45tgk14-860x572.jpg 860w, https:\/\/hoxdoll.com\/wp-content\/uploads\/2024\/04\/best-girl-friend-doll-x45tgk14.jpg 900w\" sizes=\"(max-width: 400px) 100vw, 400px\" \/><\/div>\n\t\t<\/a>\n\t\t\t\t<div class=\"elementor-post__text\">\n\t\t\t\t<h3 class=\"elementor-post__title\">\n\t\t\t<a href=\"https:\/\/hoxdoll.com\/de\/tips-how-to-heat-your-sex-doll\/\" >\n\t\t\t\tBeste Tipps: So erw\u00e4rmen Sie Ihre Sexpuppe\t\t\t<\/a>\n\t\t<\/h3>\n\t\t\t\t<div class=\"elementor-post__meta-data\">\n\t\t\t\t\t<span class=\"elementor-post-date\">\n\t\t\t5. Oktober 2023\t\t<\/span>\n\t\t\t\t<span class=\"elementor-post-avatar\">\n\t\t\tKeine Kommentare\t\t<\/span>\n\t\t\t\t<\/div>\n\t\t\t\t<div class=\"elementor-post__excerpt\">\n\t\t\t<p>Den Designern ist in den letzten Jahren ein Durchbruch in Sachen Realismus und Sch\u00f6nheit von Liebespuppen gelungen. Aber<\/p>\n\t\t<\/div>\n\t\t\t\t<\/div>\n\t\t\t\t<\/article>\n\t\t\t\t<article class=\"elementor-post elementor-grid-item post-50306 post type-post status-publish format-standard has-post-thumbnail hentry category-sex-doll-news\">\n\t\t\t\t<a class=\"elementor-post__thumbnail__link\" href=\"https:\/\/hoxdoll.com\/de\/how-to-care-for-your-sex-doll\/\" tabindex=\"-1\" >\n\t\t\t<div class=\"elementor-post__thumbnail\"><img loading=\"lazy\" decoding=\"async\" width=\"400\" height=\"267\" src=\"https:\/\/hoxdoll.com\/wp-content\/uploads\/2024\/04\/gg-sex-doll-jLm61f9-400x267.jpg\" class=\"attachment-medium size-medium wp-image-34686\" alt=\"\" srcset=\"https:\/\/hoxdoll.com\/wp-content\/uploads\/2024\/04\/gg-sex-doll-jLm61f9-400x267.jpg 400w, https:\/\/hoxdoll.com\/wp-content\/uploads\/2024\/04\/gg-sex-doll-jLm61f9-430x287.jpg 430w, https:\/\/hoxdoll.com\/wp-content\/uploads\/2024\/04\/gg-sex-doll-jLm61f9-150x100.jpg 150w, https:\/\/hoxdoll.com\/wp-content\/uploads\/2024\/04\/gg-sex-doll-jLm61f9-700x467.jpg 700w, https:\/\/hoxdoll.com\/wp-content\/uploads\/2024\/04\/gg-sex-doll-jLm61f9-768x512.jpg 768w, https:\/\/hoxdoll.com\/wp-content\/uploads\/2024\/04\/gg-sex-doll-jLm61f9-860x573.jpg 860w, https:\/\/hoxdoll.com\/wp-content\/uploads\/2024\/04\/gg-sex-doll-jLm61f9.jpg 900w\" sizes=\"(max-width: 400px) 100vw, 400px\" \/><\/div>\n\t\t<\/a>\n\t\t\t\t<div class=\"elementor-post__text\">\n\t\t\t\t<h3 class=\"elementor-post__title\">\n\t\t\t<a href=\"https:\/\/hoxdoll.com\/de\/how-to-care-for-your-sex-doll\/\" >\n\t\t\t\tWie pflegen Sie Ihre Sexpuppe?\t\t\t<\/a>\n\t\t<\/h3>\n\t\t\t\t<div class=\"elementor-post__meta-data\">\n\t\t\t\t\t<span class=\"elementor-post-date\">\n\t\t\t4. Juli 2023\t\t<\/span>\n\t\t\t\t<span class=\"elementor-post-avatar\">\n\t\t\tKeine Kommentare\t\t<\/span>\n\t\t\t\t<\/div>\n\t\t\t\t<div class=\"elementor-post__excerpt\">\n\t\t\t<p>Sind Sie besorgt \u00fcber die Pflege von TPE-Sexpuppen? Hier finden Sie ein ausf\u00fchrliches und praktisches Tutorial zum Thema TPE-Sex<\/p>\n\t\t<\/div>\n\t\t\t\t<\/div>\n\t\t\t\t<\/article>\n\t\t\t\t<article class=\"elementor-post elementor-grid-item post-50302 post type-post status-publish format-standard has-post-thumbnail hentry category-sex-doll-news\">\n\t\t\t\t<a class=\"elementor-post__thumbnail__link\" href=\"https:\/\/hoxdoll.com\/de\/sex-doll-breast-options-hollow-solid-or-gel\/\" tabindex=\"-1\" >\n\t\t\t<div class=\"elementor-post__thumbnail\"><img loading=\"lazy\" decoding=\"async\" width=\"400\" height=\"200\" src=\"https:\/\/hoxdoll.com\/wp-content\/uploads\/2024\/06\/sex-doll-breasts-options-hollow-solid-or-gel_2048x-400x200.jpg\" class=\"attachment-medium size-medium wp-image-50303\" alt=\"\" srcset=\"https:\/\/hoxdoll.com\/wp-content\/uploads\/2024\/06\/sex-doll-breasts-options-hollow-solid-or-gel_2048x-400x200.jpg 400w, https:\/\/hoxdoll.com\/wp-content\/uploads\/2024\/06\/sex-doll-breasts-options-hollow-solid-or-gel_2048x-768x384.jpg 768w, https:\/\/hoxdoll.com\/wp-content\/uploads\/2024\/06\/sex-doll-breasts-options-hollow-solid-or-gel_2048x-18x9.jpg 18w, https:\/\/hoxdoll.com\/wp-content\/uploads\/2024\/06\/sex-doll-breasts-options-hollow-solid-or-gel_2048x-860x430.jpg 860w, https:\/\/hoxdoll.com\/wp-content\/uploads\/2024\/06\/sex-doll-breasts-options-hollow-solid-or-gel_2048x-430x215.jpg 430w, https:\/\/hoxdoll.com\/wp-content\/uploads\/2024\/06\/sex-doll-breasts-options-hollow-solid-or-gel_2048x-700x350.jpg 700w, https:\/\/hoxdoll.com\/wp-content\/uploads\/2024\/06\/sex-doll-breasts-options-hollow-solid-or-gel_2048x-150x75.jpg 150w, https:\/\/hoxdoll.com\/wp-content\/uploads\/2024\/06\/sex-doll-breasts-options-hollow-solid-or-gel_2048x.jpg 1200w\" sizes=\"(max-width: 400px) 100vw, 400px\" \/><\/div>\n\t\t<\/a>\n\t\t\t\t<div class=\"elementor-post__text\">\n\t\t\t\t<h3 class=\"elementor-post__title\">\n\t\t\t<a href=\"https:\/\/hoxdoll.com\/de\/sex-doll-breast-options-hollow-solid-or-gel\/\" >\n\t\t\t\tOptionen f\u00fcr Sexpuppenbr\u00fcste \u2013 hohl, massiv oder Gel?\t\t\t<\/a>\n\t\t<\/h3>\n\t\t\t\t<div class=\"elementor-post__meta-data\">\n\t\t\t\t\t<span class=\"elementor-post-date\">\n\t\t\t26. Mai 2023\t\t<\/span>\n\t\t\t\t<span class=\"elementor-post-avatar\">\n\t\t\tKeine Kommentare\t\t<\/span>\n\t\t\t\t<\/div>\n\t\t\t\t<div class=\"elementor-post__excerpt\">\n\t\t\t<p>In unserem Online-Shop finden Sie Tausende von Sexpuppen verschiedener Arten und Gr\u00f6\u00dfen. Blendend, ist es schwierig<\/p>\n\t\t<\/div>\n\t\t\t\t<\/div>\n\t\t\t\t<\/article>\n\t\t\t\t<article class=\"elementor-post elementor-grid-item post-50325 post type-post status-publish format-standard has-post-thumbnail hentry category-sex-doll-news\">\n\t\t\t\t<a class=\"elementor-post__thumbnail__link\" href=\"https:\/\/hoxdoll.com\/de\/how-to-choose-a-sex-doll\/\" tabindex=\"-1\" >\n\t\t\t<div class=\"elementor-post__thumbnail\"><img loading=\"lazy\" decoding=\"async\" width=\"400\" height=\"267\" src=\"https:\/\/hoxdoll.com\/wp-content\/uploads\/2024\/04\/kimi-sex-doll-cKg04q19-400x267.jpg\" class=\"attachment-medium size-medium wp-image-37870\" alt=\"\" srcset=\"https:\/\/hoxdoll.com\/wp-content\/uploads\/2024\/04\/kimi-sex-doll-cKg04q19-400x267.jpg 400w, https:\/\/hoxdoll.com\/wp-content\/uploads\/2024\/04\/kimi-sex-doll-cKg04q19-430x287.jpg 430w, https:\/\/hoxdoll.com\/wp-content\/uploads\/2024\/04\/kimi-sex-doll-cKg04q19-150x100.jpg 150w, https:\/\/hoxdoll.com\/wp-content\/uploads\/2024\/04\/kimi-sex-doll-cKg04q19-700x467.jpg 700w, https:\/\/hoxdoll.com\/wp-content\/uploads\/2024\/04\/kimi-sex-doll-cKg04q19-768x512.jpg 768w, https:\/\/hoxdoll.com\/wp-content\/uploads\/2024\/04\/kimi-sex-doll-cKg04q19-860x573.jpg 860w, https:\/\/hoxdoll.com\/wp-content\/uploads\/2024\/04\/kimi-sex-doll-cKg04q19.jpg 900w\" sizes=\"(max-width: 400px) 100vw, 400px\" \/><\/div>\n\t\t<\/a>\n\t\t\t\t<div class=\"elementor-post__text\">\n\t\t\t\t<h3 class=\"elementor-post__title\">\n\t\t\t<a href=\"https:\/\/hoxdoll.com\/de\/how-to-choose-a-sex-doll\/\" >\n\t\t\t\tWie w\u00e4hlt man eine Sexpuppe aus?\t\t\t<\/a>\n\t\t<\/h3>\n\t\t\t\t<div class=\"elementor-post__meta-data\">\n\t\t\t\t\t<span class=\"elementor-post-date\">\n\t\t\t19. Februar 2023\t\t<\/span>\n\t\t\t\t<span class=\"elementor-post-avatar\">\n\t\t\tKeine Kommentare\t\t<\/span>\n\t\t\t\t<\/div>\n\t\t\t\t<div class=\"elementor-post__excerpt\">\n\t\t\t<p>Sexpuppen sind teure Investitionen und das Letzte, was Sie tun m\u00f6chten, ist, das ganze Geld f\u00fcr etwas auszugeben<\/p>\n\t\t<\/div>\n\t\t\t\t<\/div>\n\t\t\t\t<\/article>\n\t\t\t\t<article class=\"elementor-post elementor-grid-item post-50359 post type-post status-publish format-standard has-post-thumbnail hentry category-sex-doll-news\">\n\t\t\t\t<a class=\"elementor-post__thumbnail__link\" href=\"https:\/\/hoxdoll.com\/de\/tips-and-tricks-for-hiding-your-sex-doll-effectively\/\" tabindex=\"-1\" >\n\t\t\t<div class=\"elementor-post__thumbnail\"><img loading=\"lazy\" decoding=\"async\" width=\"400\" height=\"267\" src=\"https:\/\/hoxdoll.com\/wp-content\/uploads\/2024\/04\/sex-doll-hanger-hu7ijn7-400x267.jpg\" class=\"attachment-medium size-medium wp-image-38888\" alt=\"\" srcset=\"https:\/\/hoxdoll.com\/wp-content\/uploads\/2024\/04\/sex-doll-hanger-hu7ijn7-400x267.jpg 400w, https:\/\/hoxdoll.com\/wp-content\/uploads\/2024\/04\/sex-doll-hanger-hu7ijn7-430x287.jpg 430w, https:\/\/hoxdoll.com\/wp-content\/uploads\/2024\/04\/sex-doll-hanger-hu7ijn7-150x100.jpg 150w, https:\/\/hoxdoll.com\/wp-content\/uploads\/2024\/04\/sex-doll-hanger-hu7ijn7-700x467.jpg 700w, https:\/\/hoxdoll.com\/wp-content\/uploads\/2024\/04\/sex-doll-hanger-hu7ijn7-768x512.jpg 768w, https:\/\/hoxdoll.com\/wp-content\/uploads\/2024\/04\/sex-doll-hanger-hu7ijn7-860x573.jpg 860w, https:\/\/hoxdoll.com\/wp-content\/uploads\/2024\/04\/sex-doll-hanger-hu7ijn7.jpg 900w\" sizes=\"(max-width: 400px) 100vw, 400px\" \/><\/div>\n\t\t<\/a>\n\t\t\t\t<div class=\"elementor-post__text\">\n\t\t\t\t<h3 class=\"elementor-post__title\">\n\t\t\t<a href=\"https:\/\/hoxdoll.com\/de\/tips-and-tricks-for-hiding-your-sex-doll-effectively\/\" >\n\t\t\t\tTipps und Tricks zum effektiven Verstecken Ihrer Sexpuppe\t\t\t<\/a>\n\t\t<\/h3>\n\t\t\t\t<div class=\"elementor-post__meta-data\">\n\t\t\t\t\t<span class=\"elementor-post-date\">\n\t\t\t26. Dezember 2022\t\t<\/span>\n\t\t\t\t<span class=\"elementor-post-avatar\">\n\t\t\tKeine Kommentare\t\t<\/span>\n\t\t\t\t<\/div>\n\t\t\t\t<div class=\"elementor-post__excerpt\">\n\t\t\t<p>Eine Sexpuppe kann Ihre erotischen W\u00fcnsche und Gesellschaftsbed\u00fcrfnisse befriedigen, aber Diskretion ist der Schl\u00fcssel zur Gew\u00e4hrleistung der Privatsph\u00e4re von<\/p>\n\t\t<\/div>\n\t\t\t\t<\/div>\n\t\t\t\t<\/article>\n\t\t\t\t<article class=\"elementor-post elementor-grid-item post-50376 post type-post status-publish format-standard has-post-thumbnail hentry category-sex-doll-news\">\n\t\t\t\t<a class=\"elementor-post__thumbnail__link\" href=\"https:\/\/hoxdoll.com\/de\/inflatable-doll-vs-tpe-sex-doll-vs-silicone-sex-dolls\/\" tabindex=\"-1\" >\n\t\t\t<div class=\"elementor-post__thumbnail\"><img loading=\"lazy\" decoding=\"async\" width=\"400\" height=\"267\" src=\"https:\/\/hoxdoll.com\/wp-content\/uploads\/2024\/04\/fat-guy-sex-doll-k887yt17-400x267.jpg\" class=\"attachment-medium size-medium wp-image-38290\" alt=\"\" srcset=\"https:\/\/hoxdoll.com\/wp-content\/uploads\/2024\/04\/fat-guy-sex-doll-k887yt17-400x267.jpg 400w, https:\/\/hoxdoll.com\/wp-content\/uploads\/2024\/04\/fat-guy-sex-doll-k887yt17-430x287.jpg 430w, https:\/\/hoxdoll.com\/wp-content\/uploads\/2024\/04\/fat-guy-sex-doll-k887yt17-150x100.jpg 150w, https:\/\/hoxdoll.com\/wp-content\/uploads\/2024\/04\/fat-guy-sex-doll-k887yt17-700x467.jpg 700w, https:\/\/hoxdoll.com\/wp-content\/uploads\/2024\/04\/fat-guy-sex-doll-k887yt17-768x512.jpg 768w, https:\/\/hoxdoll.com\/wp-content\/uploads\/2024\/04\/fat-guy-sex-doll-k887yt17-860x573.jpg 860w, https:\/\/hoxdoll.com\/wp-content\/uploads\/2024\/04\/fat-guy-sex-doll-k887yt17.jpg 900w\" sizes=\"(max-width: 400px) 100vw, 400px\" \/><\/div>\n\t\t<\/a>\n\t\t\t\t<div class=\"elementor-post__text\">\n\t\t\t\t<h3 class=\"elementor-post__title\">\n\t\t\t<a href=\"https:\/\/hoxdoll.com\/de\/inflatable-doll-vs-tpe-sex-doll-vs-silicone-sex-dolls\/\" >\n\t\t\t\tAufblasbare Puppe vs. TPE-Sexpuppe vs. Silikon-Sexpuppen\t\t\t<\/a>\n\t\t<\/h3>\n\t\t\t\t<div class=\"elementor-post__meta-data\">\n\t\t\t\t\t<span class=\"elementor-post-date\">\n\t\t\t28. Juli 2022\t\t<\/span>\n\t\t\t\t<span class=\"elementor-post-avatar\">\n\t\t\tKeine Kommentare\t\t<\/span>\n\t\t\t\t<\/div>\n\t\t\t\t<div class=\"elementor-post__excerpt\">\n\t\t\t<p>Die Unterschiede zwischen TPE-Sexpuppen und aufblasbaren Puppen Eine Sexpuppe, auch als simulierte Puppe bekannt, ist eine<\/p>\n\t\t<\/div>\n\t\t\t\t<\/div>\n\t\t\t\t<\/article>\n\t\t\t\t<article class=\"elementor-post elementor-grid-item post-50373 post type-post status-publish format-standard has-post-thumbnail hentry category-sex-doll-news\">\n\t\t\t\t<a class=\"elementor-post__thumbnail__link\" href=\"https:\/\/hoxdoll.com\/de\/whats-the-lifespan-of-the-sex-dolls\/\" tabindex=\"-1\" >\n\t\t\t<div class=\"elementor-post__thumbnail\"><img loading=\"lazy\" decoding=\"async\" width=\"400\" height=\"267\" src=\"https:\/\/hoxdoll.com\/wp-content\/uploads\/2024\/04\/ass-doll-sex-toy-k75txc9-400x267.jpg\" class=\"attachment-medium size-medium wp-image-38280\" alt=\"\" srcset=\"https:\/\/hoxdoll.com\/wp-content\/uploads\/2024\/04\/ass-doll-sex-toy-k75txc9-400x267.jpg 400w, https:\/\/hoxdoll.com\/wp-content\/uploads\/2024\/04\/ass-doll-sex-toy-k75txc9-430x287.jpg 430w, https:\/\/hoxdoll.com\/wp-content\/uploads\/2024\/04\/ass-doll-sex-toy-k75txc9-150x100.jpg 150w, https:\/\/hoxdoll.com\/wp-content\/uploads\/2024\/04\/ass-doll-sex-toy-k75txc9-700x467.jpg 700w, https:\/\/hoxdoll.com\/wp-content\/uploads\/2024\/04\/ass-doll-sex-toy-k75txc9-768x512.jpg 768w, https:\/\/hoxdoll.com\/wp-content\/uploads\/2024\/04\/ass-doll-sex-toy-k75txc9-860x573.jpg 860w, https:\/\/hoxdoll.com\/wp-content\/uploads\/2024\/04\/ass-doll-sex-toy-k75txc9.jpg 900w\" sizes=\"(max-width: 400px) 100vw, 400px\" \/><\/div>\n\t\t<\/a>\n\t\t\t\t<div class=\"elementor-post__text\">\n\t\t\t\t<h3 class=\"elementor-post__title\">\n\t\t\t<a href=\"https:\/\/hoxdoll.com\/de\/whats-the-lifespan-of-the-sex-dolls\/\" >\n\t\t\t\tWie hoch ist die Lebensdauer der Sexpuppen?\t\t\t<\/a>\n\t\t<\/h3>\n\t\t\t\t<div class=\"elementor-post__meta-data\">\n\t\t\t\t\t<span class=\"elementor-post-date\">\n\t\t\t15. Juli 2022\t\t<\/span>\n\t\t\t\t<span class=\"elementor-post-avatar\">\n\t\t\tKeine Kommentare\t\t<\/span>\n\t\t\t\t<\/div>\n\t\t\t\t<div class=\"elementor-post__excerpt\">\n\t\t\t<p>3 Hauptfaktoren, die die Lebensdauer von realistischen Sexpuppen beeinflussen Viele Neulinge w\u00fcrden nach der Lebensdauer von realistischen Sexpuppen fragen<\/p>\n\t\t<\/div>\n\t\t\t\t<\/div>\n\t\t\t\t<\/article>\n\t\t\t\t<\/div>\n\t\t\n\t\t\t\t<div class=\"e-load-more-anchor\" data-page=\"1\" data-max-page=\"2\" data-next-page=\"https:\/\/hoxdoll.com\/de\/wp-json\/wp\/v2\/pages\/51394\/page\/2\/\"><\/div>\n\t\t\t\t<nav class=\"elementor-pagination\" aria-label=\"Seitennummerierung\">\n\t\t\t<span aria-current=\"page\" class=\"page-numbers current\"><span class=\"elementor-screen-only\">Seite<\/span>1<\/span>\n<a class=\"page-numbers\" href=\"https:\/\/hoxdoll.com\/de\/wp-json\/wp\/v2\/pages\/51394\/page\/2\/\"><span class=\"elementor-screen-only\">Seite<\/span>2<\/a>\t\t<\/nav>\n\t\t\t\t<\/div>\n\t\t\t\t<\/div>\n\t\t\t\t\t<\/div>\n\t\t\t\t<\/div>\n\t\t\t\t<\/div>","protected":false},"excerpt":{"rendered":"<p>Informationen Hox Doll ist eine professionelle Einkaufsplattform f\u00fcr hochwertige Sexpuppen. Sie k\u00f6nnen eine breite Palette von Qualit\u00e4t kaufen<\/p>","protected":false},"author":2,"featured_media":0,"parent":0,"menu_order":0,"comment_status":"closed","ping_status":"closed","template":"","meta":{"rank_math_lock_modified_date":false,"footnotes":""},"class_list":["post-51394","page","type-page","status-publish","hentry"],"_links":{"self":[{"href":"https:\/\/hoxdoll.com\/de\/wp-json\/wp\/v2\/pages\/51394","targetHints":{"allow":["GET"]}}],"collection":[{"href":"https:\/\/hoxdoll.com\/de\/wp-json\/wp\/v2\/pages"}],"about":[{"href":"https:\/\/hoxdoll.com\/de\/wp-json\/wp\/v2\/types\/page"}],"author":[{"embeddable":true,"href":"https:\/\/hoxdoll.com\/de\/wp-json\/wp\/v2\/users\/2"}],"replies":[{"embeddable":true,"href":"https:\/\/hoxdoll.com\/de\/wp-json\/wp\/v2\/comments?post=51394"}],"version-history":[{"count":22,"href":"https:\/\/hoxdoll.com\/de\/wp-json\/wp\/v2\/pages\/51394\/revisions"}],"predecessor-version":[{"id":51768,"href":"https:\/\/hoxdoll.com\/de\/wp-json\/wp\/v2\/pages\/51394\/revisions\/51768"}],"wp:attachment":[{"href":"https:\/\/hoxdoll.com\/de\/wp-json\/wp\/v2\/media?parent=51394"}],"curies":[{"name":"wp","href":"https:\/\/api.w.org\/{rel}","templated":true}]}}