{"id":50605,"date":"2024-06-06T18:46:21","date_gmt":"2024-06-06T10:46:21","guid":{"rendered":"https:\/\/hoxdoll.com\/?page_id=50605"},"modified":"2024-08-06T20:42:12","modified_gmt":"2024-08-06T12:42:12","slug":"sex-doll-videos","status":"publish","type":"page","link":"https:\/\/hoxdoll.com\/de\/sex-doll-videos\/","title":{"rendered":"Sexpuppen Videos"},"content":{"rendered":"<div data-elementor-type=\"wp-page\" data-elementor-id=\"50605\" class=\"elementor elementor-50605\" data-elementor-post-type=\"page\">\n\t\t\t\t<div class=\"elementor-element elementor-element-6c21b54 e-con-full wd-section-stretch e-flex e-con e-parent\" data-id=\"6c21b54\" data-element_type=\"container\" data-core-v316-plus=\"true\">\n\t\t\t\t<\/div>\n\t\t<div class=\"wd-negative-gap elementor-element elementor-element-e6221b2 e-flex e-con-boxed e-con e-parent\" data-id=\"e6221b2\" data-element_type=\"container\" data-core-v316-plus=\"true\">\n\t\t\t\t\t<div class=\"e-con-inner\">\n\t\t<div class=\"elementor-element elementor-element-d61c30b e-con-full e-flex e-con e-child\" data-id=\"d61c30b\" data-element_type=\"container\">\n\t\t<div class=\"wd-negative-gap elementor-element elementor-element-d5ab604 e-flex e-con-boxed e-con e-child\" data-id=\"d5ab604\" data-element_type=\"container\">\n\t\t\t\t\t<div class=\"e-con-inner\">\n\t\t\t\t<div class=\"elementor-element elementor-element-8732ccc wd-width-100 elementor-widget elementor-widget-wd_title\" data-id=\"8732ccc\" data-element_type=\"widget\" data-widget_type=\"wd_title.default\">\n\t\t\t\t<div class=\"elementor-widget-container\">\n\t\t\t\t\t<div class=\"title-wrapper set-mb-s reset-last-child wd-title-color-default wd-title-style-default wd-title-size-large text-left\">\n\n\t\t\t\n\t\t\t<div class=\"liner-continer\">\n\t\t\t\t<h4 class=\"woodmart-title-container title wd-fontsize-xxl\">Sexpuppenvideo<\/h4> \n\t\t\t\t\t\t\t<\/div>\n\n\t\t\t\t\t\t\t<div class=\"title-after_title set-cont-mb-s reset-last-child wd-fontsize-s\">\n\t\t\t\t\tBevor Sie sich f\u00fcr ein Sexpuppenmodell auf unserer Website hoxdoll.com entscheiden, m\u00f6chten Sie vielleicht einige hochaufl\u00f6sende Videos der genauen, echten Puppe sehen, die Sie kaufen m\u00f6chten. Aus diesem Grund haben wir eine Reihe realistischer Sexpuppenvideos zusammengestellt. Sie k\u00f6nnen in unserem gro\u00dfen Sortiment an Sexpuppenmodellen st\u00f6bern, von weiblichen Modellen bis hin zu m\u00e4nnlichen Sexpuppen. Diese Videos helfen Ihnen dabei, sich ein klareres Bild von der Qualit\u00e4t und dem Realismus zu machen, den wir anbieten. Wenn f\u00fcr Ihr bevorzugtes Sexpuppenmodell kein voraufgezeichnetes Video vorhanden ist, wenden Sie sich an uns und wir stellen Ihnen umgehend ein Video zur Verf\u00fcgung.<br \/>\n<br \/>\nWenn Sie auch qualitativ hochwertige Rohbilder dieser Sexpuppe bevorzugen, k\u00f6nnen Sie unsere Sexpuppengalerie besuchen.<br \/>\n<br \/>\nHaben Sie sich schon einmal gefragt, wie es sich anf\u00fchlen w\u00fcrde, eine realistische Sexpuppe in Premiumqualit\u00e4t zu benutzen? Sie k\u00f6nnen einfach nach Sexpuppen-Pornos suchen. Die Vielzahl hochwertiger Sexpuppen-Videos wird Sie zweifellos begeistern. Porno-Sexpuppen gibt es schon seit einiger Zeit.\t\t\t\t<\/div>\n\t\t\t\t\t<\/div>\n\t\t\t\t<\/div>\n\t\t\t\t<\/div>\n\t\t\t\t\t<\/div>\n\t\t\t\t<\/div>\n\t\t<div class=\"wd-negative-gap elementor-element elementor-element-a81d049 e-flex e-con-boxed e-con e-child\" data-id=\"a81d049\" data-element_type=\"container\">\n\t\t\t\t\t<div class=\"e-con-inner\">\n\t\t\t\t<div class=\"elementor-element elementor-element-7719a03 elementor-widget elementor-widget-html\" data-id=\"7719a03\" data-element_type=\"widget\" data-widget_type=\"html.default\">\n\t\t\t\t<div class=\"elementor-widget-container\">\n\t\t\t<div style='position:relative; padding-bottom:68%'><iframe src='https:\/\/www.redgifs.com\/ifr\/blaringcoordinatedattwatersprairiechicken' frameborder='0' scrolling='no' width='100%' height='100%' style='position:absolute; top:0; left:0;' allowfullscreen><\/iframe><\/div><p><a href=\"https:\/\/www.redgifs.com\/watch\/blaringcoordinatedattwatersprairiechicken\" target=\"_blank\" rel=\"noopener\"><\/a><\/p>\t\t<\/div>\n\t\t\t\t<\/div>\n\t\t\t\t\t<\/div>\n\t\t\t\t<\/div>\n\t\t\t\t<\/div>\n\t\t\t\t<div class=\"elementor-element elementor-element-8b4f9f0 color-scheme-inherit text-left elementor-widget elementor-widget-text-editor\" data-id=\"8b4f9f0\" data-element_type=\"widget\" data-widget_type=\"text-editor.default\">\n\t\t\t\t<div class=\"elementor-widget-container\">\n\t\t\t<style>\/*! elementor - v3.20.0 - 20-03-2024 *\/\n.elementor-widget-text-editor.elementor-drop-cap-view-stacked .elementor-drop-cap{background-color:#69727d;color:#fff}.elementor-widget-text-editor.elementor-drop-cap-view-framed .elementor-drop-cap{color:#69727d;border:3px solid;background-color:transparent}.elementor-widget-text-editor:not(.elementor-drop-cap-view-default) .elementor-drop-cap{margin-top:8px}.elementor-widget-text-editor:not(.elementor-drop-cap-view-default) .elementor-drop-cap-letter{width:1em;height:1em}.elementor-widget-text-editor .elementor-drop-cap{float:left;text-align:center;line-height:1;font-size:50px}.elementor-widget-text-editor .elementor-drop-cap-letter{display:inline-block}<\/style>\t\t\t\t<p>Wir haben eine gro\u00dfe Auswahl an realistischen Sexpuppen zum Verkauf. Wir haben m\u00e4nnliche und weibliche Puppen. Wir haben auch Sets aus sowie Sexpuppen aus Silikon. Wir haben japanische Sexpuppen, Sexpuppen aus Ebenholz und andere realistische Sexpuppen.<\/p><p>Unsere prim\u00e4ren Designs imitieren die Form einer echten Frau oder eines echten Mannes in jeder m\u00f6glichen Weise. Von der Form, Gr\u00f6\u00dfe bis hin zu intimen Details. Sie k\u00f6nnen unseren umfangreichen Katalog mit realistischen Sexpuppen-Pornovideos durchsuchen, um Ihren Lieblingspuppen-Pornostar zu finden.<\/p><p>Sexpuppen-Pornos zielen in erster Linie auf Masturbation ab. Viele Menschen m\u00f6chten jedoch zu ihrem Vergn\u00fcgen jedes Detail einer realistischen Sexpuppe k\u00f6rperlich erkunden.<\/p>\t\t\t\t\t\t<\/div>\n\t\t\t\t<\/div>\n\t\t\t\t\t<\/div>\n\t\t\t\t<\/div>\n\t\t<div class=\"wd-negative-gap elementor-element elementor-element-7c15baf e-grid e-con-boxed e-con e-parent\" data-id=\"7c15baf\" data-element_type=\"container\" data-core-v316-plus=\"true\">\n\t\t\t\t\t<div class=\"e-con-inner\">\n\t\t\t\t<div class=\"elementor-element elementor-element-3408d9e elementor-widget elementor-widget-html\" data-id=\"3408d9e\" data-element_type=\"widget\" data-widget_type=\"html.default\">\n\t\t\t\t<div class=\"elementor-widget-container\">\n\t\t\t<div style='position:relative; padding-bottom:58%'><iframe src='https:\/\/www.redgifs.com\/ifr\/steelfrontcusimanse' frameborder='0' scrolling='no' width='100%' height='100%' style='position:absolute; top:0; left:0;' allowfullscreen><\/iframe><\/div><p><a href=\"https:\/\/www.redgifs.com\/watch\/steelfrontcusimanse\" target=\"_blank\" rel=\"noopener\"><\/a><\/p>\t\t<\/div>\n\t\t\t\t<\/div>\n\t\t\t\t<div class=\"elementor-element elementor-element-9b6eb01 elementor-widget elementor-widget-html\" data-id=\"9b6eb01\" data-element_type=\"widget\" data-widget_type=\"html.default\">\n\t\t\t\t<div class=\"elementor-widget-container\">\n\t\t\t<div style='position:relative; padding-bottom:58%'><iframe src='https:\/\/www.redgifs.com\/ifr\/cylindricalunknownfairyfly' frameborder='0' scrolling='no' width='100%' height='100%' style='position:absolute; top:0; left:0;' allowfullscreen><\/iframe><\/div><p><a href=\"https:\/\/www.redgifs.com\/watch\/cylindricalunknownfairyfly\" target=\"_blank\" rel=\"noopener\"><\/a><\/p>\t\t<\/div>\n\t\t\t\t<\/div>\n\t\t\t\t\t<\/div>\n\t\t\t\t<\/div>\n\t\t<div class=\"wd-negative-gap elementor-element elementor-element-0c61b25 e-grid e-con-boxed e-con e-parent\" data-id=\"0c61b25\" data-element_type=\"container\" data-core-v316-plus=\"true\">\n\t\t\t\t\t<div class=\"e-con-inner\">\n\t\t\t\t<div class=\"elementor-element elementor-element-7406d7e elementor-widget elementor-widget-html\" data-id=\"7406d7e\" data-element_type=\"widget\" data-widget_type=\"html.default\">\n\t\t\t\t<div class=\"elementor-widget-container\">\n\t\t\t<div style='position:relative; padding-bottom:58%'><iframe src='https:\/\/www.redgifs.com\/ifr\/lividdimwittedadmiralbutterfly' frameborder='0' scrolling='no' width='100%' height='100%' style='position:absolute; top:0; left:0;' allowfullscreen><\/iframe><\/div><p><a href=\"https:\/\/www.redgifs.com\/watch\/lividdimwittedadmiralbutterfly\" target=\"_blank\" rel=\"noopener\"><\/a><\/p>\t\t<\/div>\n\t\t\t\t<\/div>\n\t\t\t\t<div class=\"elementor-element elementor-element-ee8d52c elementor-widget elementor-widget-html\" data-id=\"ee8d52c\" data-element_type=\"widget\" data-widget_type=\"html.default\">\n\t\t\t\t<div class=\"elementor-widget-container\">\n\t\t\t<div style='position:relative; padding-bottom:58%'><iframe src='https:\/\/www.redgifs.com\/ifr\/loosedecentsiamesecat' frameborder='0' scrolling='no' width='100%' height='100%' style='position:absolute; top:0; left:0;' allowfullscreen><\/iframe><\/div><p><a href=\"https:\/\/www.redgifs.com\/watch\/loosedecentsiamesecat\" target=\"_blank\" rel=\"noopener\"><\/a><\/p>\t\t<\/div>\n\t\t\t\t<\/div>\n\t\t\t\t\t<\/div>\n\t\t\t\t<\/div>\n\t\t<div class=\"wd-negative-gap elementor-element elementor-element-3b02571 e-grid e-con-boxed e-con e-parent\" data-id=\"3b02571\" data-element_type=\"container\" data-core-v316-plus=\"true\">\n\t\t\t\t\t<div class=\"e-con-inner\">\n\t\t\t\t<div class=\"elementor-element elementor-element-68725a1 elementor-widget elementor-widget-html\" data-id=\"68725a1\" data-element_type=\"widget\" data-widget_type=\"html.default\">\n\t\t\t\t<div class=\"elementor-widget-container\">\n\t\t\t<div style='position:relative; padding-bottom:58%'><iframe src='https:\/\/www.redgifs.com\/ifr\/deareststalenorwaylobster' frameborder='0' scrolling='no' width='100%' height='100%' style='position:absolute; top:0; left:0;' allowfullscreen><\/iframe><\/div><p><a href=\"https:\/\/www.redgifs.com\/watch\/deareststalenorwaylobster\" target=\"_blank\" rel=\"noopener\"><\/a><\/p>\t\t<\/div>\n\t\t\t\t<\/div>\n\t\t\t\t<div class=\"elementor-element elementor-element-58f8661 elementor-widget elementor-widget-html\" data-id=\"58f8661\" data-element_type=\"widget\" data-widget_type=\"html.default\">\n\t\t\t\t<div class=\"elementor-widget-container\">\n\t\t\t<div style='position:relative; padding-bottom:58%'><iframe src='https:\/\/www.redgifs.com\/ifr\/breakableelaboratecrocodile' frameborder='0' scrolling='no' width='100%' height='100%' style='position:absolute; top:0; left:0;' allowfullscreen><\/iframe><\/div><p><a href=\"https:\/\/www.redgifs.com\/watch\/breakableelaboratecrocodile\" target=\"_blank\" rel=\"noopener\"><\/a><\/p>\t\t<\/div>\n\t\t\t\t<\/div>\n\t\t\t\t\t<\/div>\n\t\t\t\t<\/div>\n\t\t<div class=\"wd-negative-gap elementor-element elementor-element-84ee236 e-grid e-con-boxed e-con e-parent\" data-id=\"84ee236\" data-element_type=\"container\" data-core-v316-plus=\"true\">\n\t\t\t\t\t<div class=\"e-con-inner\">\n\t\t\t\t<div class=\"elementor-element elementor-element-f970202 elementor-widget elementor-widget-html\" data-id=\"f970202\" data-element_type=\"widget\" data-widget_type=\"html.default\">\n\t\t\t\t<div class=\"elementor-widget-container\">\n\t\t\t<div style='position:relative; padding-bottom:58%'><iframe src='https:\/\/www.redgifs.com\/ifr\/midnightbluemediumgoldenrodbison' frameborder='0' scrolling='no' width='100%' height='100%' style='position:absolute; top:0; left:0;' allowfullscreen><\/iframe><\/div><p><a href=\"https:\/\/www.redgifs.com\/watch\/midnightbluemediumgoldenrodbison\" target=\"_blank\" rel=\"noopener\"><\/a><\/p>\t\t<\/div>\n\t\t\t\t<\/div>\n\t\t\t\t<div class=\"elementor-element elementor-element-e82fbd2 elementor-widget elementor-widget-html\" data-id=\"e82fbd2\" data-element_type=\"widget\" data-widget_type=\"html.default\">\n\t\t\t\t<div class=\"elementor-widget-container\">\n\t\t\t<div style='position:relative; padding-bottom:58%'><iframe src='https:\/\/www.redgifs.com\/ifr\/blaringcoordinatedattwatersprairiechicken' frameborder='0' scrolling='no' width='100%' height='100%' style='position:absolute; top:0; left:0;' allowfullscreen><\/iframe><\/div><p><a href=\"https:\/\/www.redgifs.com\/watch\/blaringcoordinatedattwatersprairiechicken\" target=\"_blank\" rel=\"noopener\"><\/a><\/p>\t\t<\/div>\n\t\t\t\t<\/div>\n\t\t\t\t\t<\/div>\n\t\t\t\t<\/div>\n\t\t<div class=\"wd-negative-gap elementor-element elementor-element-8038b69 e-grid e-con-boxed e-con e-parent\" data-id=\"8038b69\" data-element_type=\"container\" data-core-v316-plus=\"true\">\n\t\t\t\t\t<div class=\"e-con-inner\">\n\t\t\t\t<div class=\"elementor-element elementor-element-b87da23 elementor-widget elementor-widget-html\" data-id=\"b87da23\" data-element_type=\"widget\" data-widget_type=\"html.default\">\n\t\t\t\t<div class=\"elementor-widget-container\">\n\t\t\t<div style='position:relative; padding-bottom:58%'><iframe src='https:\/\/www.redgifs.com\/ifr\/achingacidicladybug' frameborder='0' scrolling='no' width='100%' height='100%' style='position:absolute; top:0; left:0;' allowfullscreen><\/iframe><\/div><p><a href=\"https:\/\/www.redgifs.com\/watch\/achingacidicladybug\" target=\"_blank\" rel=\"noopener\"><\/a><\/p>\t\t<\/div>\n\t\t\t\t<\/div>\n\t\t\t\t<div class=\"elementor-element elementor-element-52ee3cd elementor-widget elementor-widget-html\" data-id=\"52ee3cd\" data-element_type=\"widget\" data-widget_type=\"html.default\">\n\t\t\t\t<div class=\"elementor-widget-container\">\n\t\t\t<div style='position:relative; padding-bottom:58%'><iframe src='https:\/\/www.redgifs.com\/ifr\/coordinatedtamehorse' frameborder='0' scrolling='no' width='100%' height='100%' style='position:absolute; top:0; left:0;' allowfullscreen><\/iframe><\/div><p><a href=\"https:\/\/www.redgifs.com\/watch\/coordinatedtamehorse\" target=\"_blank\" rel=\"noopener\"><\/a><\/p>\t\t<\/div>\n\t\t\t\t<\/div>\n\t\t\t\t\t<\/div>\n\t\t\t\t<\/div>\n\t\t\t\t<\/div>","protected":false},"excerpt":{"rendered":"<p>Sexpuppenvideo Bevor Sie sich f\u00fcr ein Sexpuppenmodell auf unserer Website hoxdoll.com entscheiden, m\u00f6chten Sie vielleicht<\/p>","protected":false},"author":2,"featured_media":0,"parent":0,"menu_order":0,"comment_status":"closed","ping_status":"closed","template":"","meta":{"rank_math_lock_modified_date":false,"footnotes":""},"class_list":["post-50605","page","type-page","status-publish","hentry"],"_links":{"self":[{"href":"https:\/\/hoxdoll.com\/de\/wp-json\/wp\/v2\/pages\/50605","targetHints":{"allow":["GET"]}}],"collection":[{"href":"https:\/\/hoxdoll.com\/de\/wp-json\/wp\/v2\/pages"}],"about":[{"href":"https:\/\/hoxdoll.com\/de\/wp-json\/wp\/v2\/types\/page"}],"author":[{"embeddable":true,"href":"https:\/\/hoxdoll.com\/de\/wp-json\/wp\/v2\/users\/2"}],"replies":[{"embeddable":true,"href":"https:\/\/hoxdoll.com\/de\/wp-json\/wp\/v2\/comments?post=50605"}],"version-history":[{"count":35,"href":"https:\/\/hoxdoll.com\/de\/wp-json\/wp\/v2\/pages\/50605\/revisions"}],"predecessor-version":[{"id":54387,"href":"https:\/\/hoxdoll.com\/de\/wp-json\/wp\/v2\/pages\/50605\/revisions\/54387"}],"wp:attachment":[{"href":"https:\/\/hoxdoll.com\/de\/wp-json\/wp\/v2\/media?parent=50605"}],"curies":[{"name":"wp","href":"https:\/\/api.w.org\/{rel}","templated":true}]}}