{"id":50603,"date":"2024-06-06T18:45:24","date_gmt":"2024-06-06T10:45:24","guid":{"rendered":"https:\/\/hoxdoll.com\/?page_id=50603"},"modified":"2024-06-06T18:45:26","modified_gmt":"2024-06-06T10:45:26","slug":"terms-conditions","status":"publish","type":"page","link":"https:\/\/hoxdoll.com\/de\/terms-conditions\/","title":{"rendered":"Terms &amp; amp; Bedingungen"},"content":{"rendered":"<h1 class=\"wp-block-heading\"><a><\/a>Einf\u00fchrung<\/h1>\n\n\n\n<p>Die Allgemeinen Gesch\u00e4ftsbedingungen regeln Ihre Nutzung unserer Website. Indem Sie diese Website weiterhin nutzen, akzeptieren Sie diese Allgemeinen Gesch\u00e4ftsbedingungen vollst\u00e4ndig. Wenn Sie mit diesen Allgemeinen Gesch\u00e4ftsbedingungen ganz oder teilweise nicht einverstanden sind, sollten Sie die Nutzung dieser Website sofort einstellen. Die Seite hoxdoll.com verwendet Cookies. Durch die Nutzung der Seite hoxdoll.com stimmen Sie der Verwendung von Cookies durch hoxdoll.com gem\u00e4\u00df unseren Bedingungen zu.<\/p>\n\n\n\n<h3 class=\"wp-block-heading\"><a><\/a>Ihr Anliegen:<\/h3>\n\n\n\n<p>Hoxdoll.com kann sensible Inhalte enthalten, die manche Benutzer als anst\u00f6\u00dfig empfinden. Unsere Inhalte sind nur f\u00fcr reife Menschen bestimmt. Die Nutzung von hoxdoll.com ist ausschlie\u00dflich Personen \u00fcber 18 Jahren vorbehalten.<\/p>\n\n\n\n<h3 class=\"wp-block-heading\"><a><\/a>Hoxdoll.com-Benutzer d\u00fcrfen nicht<\/h3>\n\n\n\n<ul class=\"wp-block-list\">\n<li>Material von unserer Website vermieten, verkaufen oder unterlizenzieren.<\/li>\n\n\n\n<li>Ver\u00f6ffentlichtes Material von unserer Website.<\/li>\n\n\n\n<li>Zeigen Sie jegliches Material von unserer Website \u00f6ffentlich.<\/li>\n\n\n\n<li>Das Duplizieren, Reproduzieren, Kopieren oder Nutzen von Material auf unserer Website zu kommerziellen Zwecken.<\/li>\n\n\n\n<li>\u00c4ndern oder bearbeiten Sie jegliches Material auf unserer Website.<\/li>\n\n\n\n<li>Verteilen Sie keinerlei Material von hoxdoll.com weiter, mit der einzigen Ausnahme von bestimmten Inhalten, die ausdr\u00fccklich zur Weiterverteilung freigegeben sind.<\/li>\n<\/ul>\n\n\n\n<h3 class=\"wp-block-heading\"><a><\/a>Benutzerinhalte<\/h3>\n\n\n\n<ul class=\"wp-block-list\">\n<li>Im Sinne dieser Gesch\u00e4ftsbedingungen bezieht sich \u201eBenutzerinhalte\u201c auf s\u00e4mtliche Materialien (Text, Bilder, Audio-, Video- und audiovisuelles Material ohne Einschr\u00e4nkung), die Sie zu irgendeinem Zweck auf unserer Website einreichen.<\/li>\n\n\n\n<li>Sie erteilen hoxdoll.com die Zustimmung, die Inhalte in allen bestehenden und zuk\u00fcnftigen Medien anzupassen, zu verwenden, zu reproduzieren, zu ver\u00f6ffentlichen, zu verteilen und zu \u00fcbersetzen. Ihre Zustimmung ist unwiderruflich, geb\u00fchrenfrei, weltweit und nicht exklusiv.<\/li>\n\n\n\n<li>Sie erteilen hoxdoll.com au\u00dferdem das Recht, diese Rechte unterzulizenzieren, sowie das Recht, bei Verletzung dieser Rechte Klage zu erheben.<\/li>\n\n\n\n<li>Ihre Benutzerinhalte d\u00fcrfen nicht rechtswidrig oder illegal sein. Sie d\u00fcrfen auch keine Rechte Dritter oder gesetzliche Rechte verletzen. Sie d\u00fcrfen auch nicht zu rechtlichen Schritten gegen Dritte oder hoxdoll.com f\u00fchren.<\/li>\n\n\n\n<li>Sie d\u00fcrfen keine Inhalte \u00fcbermitteln, die Gegenstand tats\u00e4chlicher oder angedrohter Gerichtsverfahren oder \u00e4hnlicher Beschwerden waren oder sind.<\/li>\n\n\n\n<li>hoxdoll.com beh\u00e4lt sich das Recht vor, jegliches auf unseren Servern gespeicherte oder auf unserer Website ver\u00f6ffentlichte oder gehostete Material zu bearbeiten oder zu entfernen.<\/li>\n\n\n\n<li>Ungeachtet unserer Rechte gem\u00e4\u00df diesen Gesch\u00e4ftsbedingungen in Bezug auf Ihre Benutzerinhalte verpflichten wir uns nicht, die Ver\u00f6ffentlichung oder \u00dcbermittlung solcher Inhalte auf unserer Website zu \u00fcberwachen.<\/li>\n<\/ul>\n\n\n\n<h3 class=\"wp-block-heading\"><a><\/a>Andere Parties<\/h3>\n\n\n\n<p>Sie akzeptieren, dass hoxdoll.com eine Gesellschaft mit beschr\u00e4nkter Haftung ist und daher ein Interesse daran hat, die pers\u00f6nliche Haftung unserer F\u00fchrungskr\u00e4fte und Mitarbeiter zu begrenzen. Sie erkl\u00e4ren sich damit einverstanden, dass Sie keine pers\u00f6nlichen Anspr\u00fcche gegen\u00fcber Mitarbeitern oder F\u00fchrungskr\u00e4ften von hoxdoll.com geltend machen, wenn Ihnen im Zusammenhang mit unserem hoxdoll.com Verluste entstehen.<\/p>\n\n\n\n<p>Dar\u00fcber hinaus erkl\u00e4ren Sie sich damit einverstanden, dass die in diesem Website-Haftungsausschluss dargelegten Garantie- und Haftungsbeschr\u00e4nkungen die Mitarbeiter, leitenden Angestellten, Tochterunternehmen, Vertreter, Subunternehmer und Unterzeichner von hoxdoll.com sowie hoxdoll.com sch\u00fctzen.<\/p>\n\n\n\n<h3 class=\"wp-block-heading\"><a><\/a>Versto\u00df gegen diese Gesch\u00e4ftsbedingungen.<\/h3>\n\n\n\n<p>hoxdoll.com kann die Ma\u00dfnahmen ergreifen, die wir im Rahmen unserer sonstigen Rechte gem\u00e4\u00df unseren Gesch\u00e4ftsbedingungen f\u00fcr angemessen halten. Beachten Sie, dass hoxdoll.com im Falle eines Versto\u00dfes gegen unsere Gesch\u00e4ftsbedingungen die Ma\u00dfnahmen ergreifen kann, die wir f\u00fcr angemessen halten. Zu den Ma\u00dfnahmen k\u00f6nnen die Sperrung Ihres Zugriffs auf unsere Website, ein Verbot des Zugriffs auf unsere Website, die Blockierung des Zugriffs aller Computer mit Ihrer IP-Adresse auf unsere Website, die Kontaktaufnahme mit Ihrem Internetdienstanbieter, um die Sperrung Ihres Zugriffs auf unsere Website zu beantragen, und\/oder die Einleitung eines Gerichtsverfahrens gegen Sie geh\u00f6ren.<\/p>\n\n\n\n<h3 class=\"wp-block-heading\"><a><\/a>Abtretung<\/h3>\n\n\n\n<p>hoxdoll.com beh\u00e4lt sich das Recht vor, unsere Rechte und\/oder Pflichten gem\u00e4\u00df unseren Gesch\u00e4ftsbedingungen zu \u00fcbertragen oder an Subunternehmer zu vergeben, ohne Ihre Erlaubnis einzuholen oder Sie dar\u00fcber zu benachrichtigen.<\/p>\n\n\n\n<p>Sie d\u00fcrfen Ihre Pflichten und\/oder Rechte gem\u00e4\u00df unseren Gesch\u00e4ftsbedingungen weder \u00fcbertragen, untervergeben noch damit umgehen.<\/p>\n\n\n\n<h3 class=\"wp-block-heading\"><a><\/a>Ganze Vereinbarung<\/h3>\n\n\n\n<p>Unsere Datenschutzrichtlinie stellt zusammen mit diesen Allgemeinen Gesch\u00e4ftsbedingungen die gesamte Vereinbarung zwischen unserer Website und den Benutzern dar. Die Vereinbarung gilt f\u00fcr die Nutzung dieser Website. Die Vereinbarung enth\u00e4lt eine Erkl\u00e4rung der Website und ersetzt alle vorherigen Vereinbarungen in Bezug auf die Nutzung unserer Website.<\/p>\n\n\n\n<h3 class=\"wp-block-heading\"><a><\/a>Lizenz zur Nutzung von hoxdoll.com<\/h3>\n\n\n\n<p>hoxdoll.com und\/oder seine Lizenzen, sofern nicht anders angegeben, die geistigen Eigentumsrechte an der Website sowie an den Materialien auf der Website.<\/p>\n\n\n\n<p>Sie k\u00f6nnen es nur zu Aufzeichnungszwecken herunterladen oder anzeigen. Sie k\u00f6nnen auch Benutzerhandb\u00fccher oder Seiten sowie andere Produktinformationen von hoxdoll.com ausdrucken. Diese Materialien sind jedoch nur f\u00fcr den pers\u00f6nlichen Gebrauch bestimmt und unterliegen den unten und an anderer Stelle in diesen Gesch\u00e4ftsbedingungen aufgef\u00fchrten Einschr\u00e4nkungen.<\/p>\n\n\n\n<h3 class=\"wp-block-heading\"><a><\/a>Unzul\u00e4ssige Verwendung.<\/h3>\n\n\n\n<ul class=\"wp-block-list\">\n<li>Die Nutzung dieser Website in einer Weise, die die Funktionsf\u00e4higkeit oder Erreichbarkeit der Website beeintr\u00e4chtigen oder beeintr\u00e4chtigen kann, eine Besch\u00e4digung der Website oder eine illegale, sch\u00e4dliche, betr\u00fcgerische oder rechtswidrige Nutzung zur Folge haben kann oder im Zusammenhang mit illegalen, sch\u00e4dlichen, betr\u00fcgerischen oder rechtswidrigen Zwecken oder Aktivit\u00e4ten steht.<\/li>\n\n\n\n<li>Die Nutzung dieser Website zum Hosten, Ver\u00f6ffentlichen, Speichern, Kopieren, Verteilen oder \u00dcbertragen von Material, das Computerviren, das Trajanische Pferd, W\u00fcrmer, Keylogger, Spyware-Rootkits oder sonstige b\u00f6sartige Computersoftware verursacht, ist f\u00fcr uns verboten.<\/li>\n\n\n\n<li>Jede systematische oder aktuelle Datenerfassungsaktivit\u00e4t umfasst, bezieht sich jedoch nicht ausschlie\u00dflich, auf Scraping, Data Mining, Data Harvesting und Datenextraktion auf dieser Website oder \u00fcber diese Website ohne unsere ausdr\u00fcckliche schriftliche Zustimmung.<\/li>\n\n\n\n<li>\u00dcbermittlung oder Verbreitung unerw\u00fcnschter kommerzieller Mitteilungen.<\/li>\n<\/ul>\n\n\n\n<h3 class=\"wp-block-heading\"><a><\/a>Haftungsbeschr\u00e4nkungen.<\/h3>\n\n\n\n<p>hoxdoll.com \u00fcbernimmt keinerlei Haftung (aus Deliktsrecht, Vertragsrecht oder anderweitig) bez\u00fcglich des Inhalts im Zusammenhang mit oder der Nutzung unserer Website.<\/p>\n\n\n\n<p>Wir \u00fcbernehmen keine Haftung f\u00fcr besondere Folge- oder indirekte Gesetze. Ebenso wenig \u00fcbernehmen wir die Haftung f\u00fcr Einnahmeausf\u00e4lle, Gesch\u00e4ftsverluste, Gewinneinbu\u00dfen oder erwartete Einsparungen.<\/p>\n\n\n\n<p>Wir \u00fcbernehmen keine Haftung f\u00fcr den Verlust von Vertr\u00e4gen oder Gesch\u00e4ftsbeziehungen und auch nicht f\u00fcr den Verlust von Gesch\u00e4ftswert oder Ruf sowie f\u00fcr Verluste aufgrund der Besch\u00e4digung von Informationen oder Daten.<\/p>\n\n\n\n<p>Diese Haftungsbeschr\u00e4nkungen gelten auch dann, wenn hoxdoll.com ausdr\u00fccklich auf den m\u00f6glichen Verlust hingewiesen wurde.<\/p>\n\n\n\n<h3 class=\"wp-block-heading\"><a><\/a>Angemessene Nutzung<\/h3>\n\n\n\n<p>Durch die Nutzung von hoxdoll.com erkl\u00e4ren Sie sich damit einverstanden, dass die in diesem Haftungsausschluss dargelegten Haftungsausschl\u00fcsse angemessen sind. Wenn Sie nicht damit einverstanden sind, dass die Ausschl\u00fcsse von hoxdoll.com angemessen sind, sollten Sie unsere Website nicht nutzen.<\/p>\n\n\n\n<h3 class=\"wp-block-heading\"><a><\/a>Undurchsetzbare Bestimmungen<\/h3>\n\n\n\n<p>Sollte sich ein beliebiger Teil dieses Website-Haftungsausschlusses als nicht anwendbar oder nicht durchsetzbar erweisen, so hat dies keinen Einfluss auf die Durchsetzbarkeit anderer Teile dieses Website-Haftungsausschlusses.<\/p>\n\n\n\n<h3 class=\"wp-block-heading\"><a><\/a>Entsch\u00e4digung.<\/h3>\n\n\n\n<p>Sie erkl\u00e4ren sich hiermit einverstanden, hoxdoll.com schadlos zu halten und von allen Kosten, Sch\u00e4den, Verlusten, Aufwendungen und Verbindlichkeiten freizustellen. (Ohne Einschr\u00e4nkung des Betrags, der an einen Dritten zur Beilegung eines Anspruchs oder f\u00fcr Rechtskosten oder Streitigkeiten auf Anraten unserer Rechtsberater gezahlt wird). Diese Anspr\u00fcche entstehen oder werden von hoxdoll.com nicht erlitten, wenn Sie gegen eine Bestimmung unserer Gesch\u00e4ftsbedingungen versto\u00dfen oder wenn Sie geltend machen, dass Sie tats\u00e4chlich gegen eine Bestimmung unserer Gesch\u00e4ftsbedingungen versto\u00dfen haben.<\/p>\n\n\n\n<h3 class=\"wp-block-heading\"><a><\/a>Variation<\/h3>\n\n\n\n<p>hoxdoll.com hat das uneingeschr\u00e4nkte Recht, diese Bedingungen von Zeit zu Zeit zu \u00fcberarbeiten. Ab\u00e4nderungen der Bedingungen gelten f\u00fcr die Nutzung dieser Website ab der Ver\u00f6ffentlichung der \u00fcberarbeiteten Bedingungen. Durch regelm\u00e4\u00dfige Besuche der Seite mit den Bedingungen von hoxdoll.com stellen Sie sicher, dass Sie \u00fcber die aktuelle Version unserer Bedingungen informiert sind.<\/p>\n\n\n\n<h3 class=\"wp-block-heading\"><a><\/a>Salvatorische Klausel.<\/h3>\n\n\n\n<p>Wenn ein Gericht oder eine andere zust\u00e4ndige Beh\u00f6rde feststellt, dass eine Bestimmung unserer Allgemeinen Gesch\u00e4ftsbedingungen nicht rechtm\u00e4\u00dfig und\/oder nicht durchsetzbar ist. Wenn nicht durchsetzbare und\/oder rechtswidrige Teile dieser Allgemeinen Gesch\u00e4ftsbedingungen festgestellt werden. Dieser Teil wird gel\u00f6scht. Der Rest der Bestimmung bleibt jedoch weiterhin wirksam.<\/p>\n\n\n\n<h3 class=\"wp-block-heading\"><a><\/a>Gerichtsstand und Recht<\/h3>\n\n\n\n<p>Die f\u00fcr hoxdoll.com geltenden Gesch\u00e4ftsbedingungen sowie alle gesonderten Vereinbarungen, die wir Ihnen unter Umst\u00e4nden zur Verf\u00fcgung stellen, unterliegen den Gesetzen der Volksrepublik China und werden entsprechend ausgelegt. S\u00e4mtliche Rechtsstreitigkeiten in Bezug auf die Gesch\u00e4ftsbedingungen von hoxdoll.com unterliegen der uneingeschr\u00e4nkten Rechtsprechung der \u00f6rtlichen Gerichte.<\/p>","protected":false},"excerpt":{"rendered":"<p>Einleitung Die Allgemeinen Gesch\u00e4ftsbedingungen regeln Ihre Nutzung unserer Website. Indem Sie diese Website weiterhin nutzen, akzeptieren Sie<\/p>","protected":false},"author":2,"featured_media":0,"parent":0,"menu_order":0,"comment_status":"closed","ping_status":"closed","template":"","meta":{"rank_math_lock_modified_date":false,"footnotes":""},"class_list":["post-50603","page","type-page","status-publish","hentry"],"_links":{"self":[{"href":"https:\/\/hoxdoll.com\/de\/wp-json\/wp\/v2\/pages\/50603","targetHints":{"allow":["GET"]}}],"collection":[{"href":"https:\/\/hoxdoll.com\/de\/wp-json\/wp\/v2\/pages"}],"about":[{"href":"https:\/\/hoxdoll.com\/de\/wp-json\/wp\/v2\/types\/page"}],"author":[{"embeddable":true,"href":"https:\/\/hoxdoll.com\/de\/wp-json\/wp\/v2\/users\/2"}],"replies":[{"embeddable":true,"href":"https:\/\/hoxdoll.com\/de\/wp-json\/wp\/v2\/comments?post=50603"}],"version-history":[{"count":1,"href":"https:\/\/hoxdoll.com\/de\/wp-json\/wp\/v2\/pages\/50603\/revisions"}],"predecessor-version":[{"id":50604,"href":"https:\/\/hoxdoll.com\/de\/wp-json\/wp\/v2\/pages\/50603\/revisions\/50604"}],"wp:attachment":[{"href":"https:\/\/hoxdoll.com\/de\/wp-json\/wp\/v2\/media?parent=50603"}],"curies":[{"name":"wp","href":"https:\/\/api.w.org\/{rel}","templated":true}]}}