{"id":50494,"date":"2024-06-06T16:41:08","date_gmt":"2024-06-06T08:41:08","guid":{"rendered":"https:\/\/hoxdoll.com\/?page_id=50494"},"modified":"2024-06-06T16:52:13","modified_gmt":"2024-06-06T08:52:13","slug":"disclaimer","status":"publish","type":"page","link":"https:\/\/hoxdoll.com\/de\/disclaimer\/","title":{"rendered":"Haftungsausschluss"},"content":{"rendered":"<div data-elementor-type=\"wp-page\" data-elementor-id=\"50494\" class=\"elementor elementor-50494\" data-elementor-post-type=\"page\">\n\t\t\t\t<div class=\"elementor-element elementor-element-c572fac e-con-full e-flex e-con e-parent\" data-id=\"c572fac\" data-element_type=\"container\" data-core-v316-plus=\"true\">\n\t\t\t\t<div class=\"elementor-element elementor-element-38723b3 wd-width-100 elementor-widget elementor-widget-wd_title\" data-id=\"38723b3\" data-element_type=\"widget\" data-widget_type=\"wd_title.default\">\n\t\t\t\t<div class=\"elementor-widget-container\">\n\t\t\t\t\t<div class=\"title-wrapper set-mb-s reset-last-child wd-title-color-default wd-title-style-default wd-title-size-large text-left\">\n\n\t\t\t\n\t\t\t<div class=\"liner-continer\">\n\t\t\t\t<h4 class=\"woodmart-title-container title wd-fontsize-xxl\">Haftungsausschluss: Nicht f\u00fcr Personen unter 18 Jahren geeignet. <\/h4> \n\t\t\t\t\t\t\t<\/div>\n\n\t\t\t\t\t\t\t<div class=\"title-after_title set-cont-mb-s reset-last-child wd-fontsize-s\">\n\t\t\t\t\t<p>WARNUNG: Die Website hoxdoll.com enth\u00e4lt sexuell orientierte Inhalte f\u00fcr Erwachsene, die f\u00fcr Personen ab 18 Jahren bestimmt sind. Jeder Benutzer unter 18 Jahren muss die Website sofort verlassen. Indem Sie diese Website weiterhin aufrufen, best\u00e4tigen Sie, dass Sie die folgenden Bedingungen verstanden haben.<\/p>\t\t\t\t<\/div>\n\t\t\t\t\t<\/div>\n\t\t\t\t<\/div>\n\t\t\t\t<\/div>\n\t\t\t\t<\/div>\n\t\t<div class=\"elementor-element elementor-element-8ab7868 e-con-full e-flex e-con e-parent\" data-id=\"8ab7868\" data-element_type=\"container\" data-core-v316-plus=\"true\">\n\t\t\t\t<div class=\"elementor-element elementor-element-d566735 wd-width-100 elementor-widget elementor-widget-wd_title\" data-id=\"d566735\" data-element_type=\"widget\" data-widget_type=\"wd_title.default\">\n\t\t\t\t<div class=\"elementor-widget-container\">\n\t\t\t\t\t<div class=\"title-wrapper set-mb-s reset-last-child wd-title-color-default wd-title-style-default wd-title-size-medium text-left\">\n\n\t\t\t\n\t\t\t<div class=\"liner-continer\">\n\t\t\t\t<h4 class=\"woodmart-title-container title wd-fontsize-xl\">Nur f\u00fcr erwachsenes Publikum.<\/h4> \n\t\t\t\t\t\t\t<\/div>\n\n\t\t\t\t\t\t\t<div class=\"title-after_title set-cont-mb-s reset-last-child wd-fontsize-s\">\n\t\t\t\t\t<p>hoxdoll.com kann Minderj\u00e4hrigen den Besuch dieser Website nicht verbieten. Minderj\u00e4hrige sollten diese Website nicht aufrufen oder nutzen. Die Anleitung, welche Materialien f\u00fcr Minderj\u00e4hrige geeignet sind, sollte von Eltern oder Erziehungsberechtigten gegeben werden. hoxdoll.com verlangt, dass nur Personen, die mindestens 18 Jahre alt sind, Eink\u00e4ufe t\u00e4tigen k\u00f6nnen.<\/p>\t\t\t\t<\/div>\n\t\t\t\t\t<\/div>\n\t\t\t\t<\/div>\n\t\t\t\t<\/div>\n\t\t\t\t<\/div>\n\t\t<div class=\"elementor-element elementor-element-154817a e-con-full e-flex e-con e-parent\" data-id=\"154817a\" data-element_type=\"container\" data-core-v316-plus=\"true\">\n\t\t\t\t<div class=\"elementor-element elementor-element-15e3322 wd-width-100 elementor-widget elementor-widget-wd_title\" data-id=\"15e3322\" data-element_type=\"widget\" data-widget_type=\"wd_title.default\">\n\t\t\t\t<div class=\"elementor-widget-container\">\n\t\t\t\t\t<div class=\"title-wrapper set-mb-s reset-last-child wd-title-color-default wd-title-style-default wd-title-size-medium text-left\">\n\n\t\t\t\n\t\t\t<div class=\"liner-continer\">\n\t\t\t\t<h4 class=\"woodmart-title-container title wd-fontsize-xl\">Urheberrechte \u00a9<\/h4> \n\t\t\t\t\t\t\t<\/div>\n\n\t\t\t\t\t\t\t<div class=\"title-after_title set-cont-mb-s reset-last-child wd-fontsize-s\">\n\t\t\t\t\t<p>Alle Inhalte auf dieser Website (einschlie\u00dflich, aber nicht beschr\u00e4nkt auf Website-Design, Logos, Grafiken, Texte, Symbole und Bilder) sowie deren Anordnung, Zusammenstellung und Auswahl bleiben, sofern nicht anders angegeben, das alleinige Eigentum von hoxdoll.com. Unsere Inhalte d\u00fcrfen nur zum Einkaufen oder Aufgeben von Bestellungen verwendet werden. Das Kopieren, Reproduzieren, \u00c4ndern, Hochladen, Posten, \u00dcbertragen und Verteilen von Inhalten oder Materialien \u00fcber beliebige Medien ohne vorherige schriftliche Genehmigung von hoxdoll.com ist nicht gestattet. Alle in diesem Text nicht ausdr\u00fccklich gew\u00e4hrten Rechte sind vorbehalten. Die unbefugte Verwendung von Inhalten auf hoxdoll.com kann gegen Marken-, Urheberrechts- und andere geltende Gesetze versto\u00dfen. Dies kann zivil- oder strafrechtlich verfolgt werden.<\/p>\t\t\t\t<\/div>\n\t\t\t\t\t<\/div>\n\t\t\t\t<\/div>\n\t\t\t\t<\/div>\n\t\t\t\t<\/div>\n\t\t<div class=\"elementor-element elementor-element-dc9a3ea e-con-full e-flex e-con e-parent\" data-id=\"dc9a3ea\" data-element_type=\"container\" data-core-v316-plus=\"true\">\n\t\t\t\t<div class=\"elementor-element elementor-element-35a0bf7 wd-width-100 elementor-widget elementor-widget-wd_title\" data-id=\"35a0bf7\" data-element_type=\"widget\" data-widget_type=\"wd_title.default\">\n\t\t\t\t<div class=\"elementor-widget-container\">\n\t\t\t\t\t<div class=\"title-wrapper set-mb-s reset-last-child wd-title-color-default wd-title-style-default wd-title-size-medium text-left\">\n\n\t\t\t\n\t\t\t<div class=\"liner-continer\">\n\t\t\t\t<h4 class=\"woodmart-title-container title wd-fontsize-xl\">Haftungsausschluss<\/h4> \n\t\t\t\t\t\t\t<\/div>\n\n\t\t\t\t\t\t\t<div class=\"title-after_title set-cont-mb-s reset-last-child wd-fontsize-s\">\n\t\t\t\t\t<p>hoxdoll.com wird der \u00d6ffentlichkeit \u201ewie besehen\u201c ohne jegliche ausdr\u00fcckliche oder implizite Garantien bereitgestellt. Indem Sie sich f\u00fcr die Nutzung dieser Website entscheiden, erkl\u00e4ren Sie sich damit einverstanden, f\u00fcr alle Risiken haftbar zu sein, die mit der Nutzung von hoxdoll.com verbunden sind. Sie erkl\u00e4ren sich au\u00dferdem damit einverstanden, hoxdoll.com sowie dessen Direktor, Mitarbeiter und Vertreter von allen Anspr\u00fcchen freizustellen, die sich aus Ihrer Nutzung oder Nichtnutzung von hoxdoll.com ergeben. Dar\u00fcber hinaus erkl\u00e4ren Sie sich damit einverstanden, dass hoxdoll.com oder die Mitwirkenden der Website nicht f\u00fcr Sch\u00e4den, Verluste oder angebliche Ursachen im Vertrauen auf diese Informationen haftbar gemacht werden k\u00f6nnen.<\/p><br><p>Alle Produkte auf hoxdoll.com sind nur f\u00fcr den Gebrauch als Neuheit bestimmt. hoxdoll.com \u00fcbernimmt keine impliziten oder ausdr\u00fccklichen Garantien f\u00fcr die auf hoxdoll.com bestellten Produkte. hoxdoll.com haftet nicht f\u00fcr Herstellerm\u00e4ngel oder falsche Angaben sowie Schadenersatzanspr\u00fcche. Mit der \u00dcbermittlung einer Bestellung stimmen Sie dem Folgenden ausdr\u00fccklich zu und erkennen es an: hoxdoll.com haftet nicht f\u00fcr direkte oder indirekte Verluste, Verletzungen oder Sch\u00e4den des K\u00e4ufers oder anderer Personen, unabh\u00e4ngig von der Rechtstheorie, die bei Fahrl\u00e4ssigkeit und\/oder verschuldensunabh\u00e4ngiger Haftung geltend gemacht wird.<\/p>\t\t\t\t<\/div>\n\t\t\t\t\t<\/div>\n\t\t\t\t<\/div>\n\t\t\t\t<\/div>\n\t\t\t\t<\/div>\n\t\t<div class=\"elementor-element elementor-element-f1089f6 e-con-full e-flex e-con e-parent\" data-id=\"f1089f6\" data-element_type=\"container\" data-core-v316-plus=\"true\">\n\t\t\t\t<div class=\"elementor-element elementor-element-5d9bddb wd-width-100 elementor-widget elementor-widget-wd_title\" data-id=\"5d9bddb\" data-element_type=\"widget\" data-widget_type=\"wd_title.default\">\n\t\t\t\t<div class=\"elementor-widget-container\">\n\t\t\t\t\t<div class=\"title-wrapper set-mb-s reset-last-child wd-title-color-default wd-title-style-default wd-title-size-medium text-left\">\n\n\t\t\t\n\t\t\t<div class=\"liner-continer\">\n\t\t\t\t<h4 class=\"woodmart-title-container title wd-fontsize-xl\">R\u00fcckbuchung<\/h4> \n\t\t\t\t\t\t\t<\/div>\n\n\t\t\t\t\t\t\t<div class=\"title-after_title set-cont-mb-s reset-last-child wd-fontsize-s\">\n\t\t\t\t\t<p>hoxdoll.com protokolliert IP-Strings bei allen unseren Bestellungen. Daher werden alle Bestellungen, die aufgrund betr\u00fcgerischer Aktivit\u00e4ten als R\u00fcckbuchung zur\u00fcckkommen, gem\u00e4\u00df den \u00f6rtlichen Gesetzen strafrechtlich verfolgt.<\/p><p>\u00a0<\/p><p>Durch den Kauf bei hoxdoll.com erkl\u00e4ren Sie sich hiermit einverstanden, dass Sie bei keiner Bestellung bei hoxdoll.com Streitigkeiten, Anspr\u00fcche oder R\u00fcckbuchungen bei Ihrem Kreditkartenunternehmen einreichen.<\/p><p>\u00a0<\/p><p>hoxdoll.com betrachtet die R\u00fcckbuchung von Kreditkartendaten als Betrug, wenn Sie keine Anstrengungen unternehmen, Sachverhalte oder Probleme mitzuteilen und keine angemessene Zeit zur Kl\u00e4rung einzur\u00e4umen.<\/p><p>\u00a0<\/p><p>hoxdoll.com toleriert keinen Kreditkartenbetrug. Wir werden keine Kosten scheuen und jeden Betrug ohne Ausnahme im gesetzlich zul\u00e4ssigen Rahmen verfolgen. Dar\u00fcber hinaus wird hoxdoll.com auch zivilrechtliche Schritte einleiten, um den durch die Gebrechlichkeit entgangenen Einkommensverlust einzuklagen, der Rechtskosten, Forschungskosten, Gesch\u00e4ftsgeb\u00fchren, Mitarbeiterausfallzeiten und Einnahmeverluste umfasst.<\/p><p>\u00a0<\/p><p>Leichtfertige R\u00fcckbuchungen kosten unserem Team wertvolle Zeit, die von seinen \u00fcblichen Aufgaben und normalen Gesch\u00e4ftsabl\u00e4ufen abgezogen wird. Folglich kostet es hoxdoll.com viel Geld. Daher:<\/p><p>\u00a0<\/p><p>Sie erkl\u00e4ren sich damit einverstanden, dass der Anspruch verf\u00e4llt, wenn Sie hoxdoll.com nur kaufen, um einen Anspruch, Streitfall oder eine R\u00fcckbuchung f\u00fcr eine Situation einzureichen, die nicht mit unseren Gesch\u00e4ftsbedingungen \u00fcbereinstimmt, ohne ausreichend Zeit zur L\u00f6sung Ihrer Probleme einzur\u00e4umen.<\/p><p>\u00a0<\/p><p>Wenn Sie den Anspruch erfolgreich geltend machen, wird hoxdoll.com keine Kosten scheuen, um alle betr\u00fcgerisch angefochtenen Geb\u00fchren sowie zus\u00e4tzliche Kosten \u00fcber ein externes Inkassob\u00fcro einzutreiben. Die wiederholten Informationen umfassen den vollst\u00e4ndigen Namen, das Bestelldatum, die E-Mail-Adresse, den Bestellbetrag, die IP-Adresse und die Telefonnummer.<\/p>\t\t\t\t<\/div>\n\t\t\t\t\t<\/div>\n\t\t\t\t<\/div>\n\t\t\t\t<\/div>\n\t\t\t\t<\/div>\n\t\t\t\t<\/div>","protected":false},"excerpt":{"rendered":"<p>Haftungsausschluss: Nicht geeignet f\u00fcr Personen unter 18 Jahren. WARNUNG: Die Website hoxdoll.com enth\u00e4lt sexuell orientierte Inhalte f\u00fcr Erwachsene, die f\u00fcr Personen bestimmt sind<\/p>","protected":false},"author":2,"featured_media":0,"parent":0,"menu_order":0,"comment_status":"closed","ping_status":"closed","template":"","meta":{"rank_math_lock_modified_date":false,"footnotes":""},"class_list":["post-50494","page","type-page","status-publish","hentry"],"_links":{"self":[{"href":"https:\/\/hoxdoll.com\/de\/wp-json\/wp\/v2\/pages\/50494","targetHints":{"allow":["GET"]}}],"collection":[{"href":"https:\/\/hoxdoll.com\/de\/wp-json\/wp\/v2\/pages"}],"about":[{"href":"https:\/\/hoxdoll.com\/de\/wp-json\/wp\/v2\/types\/page"}],"author":[{"embeddable":true,"href":"https:\/\/hoxdoll.com\/de\/wp-json\/wp\/v2\/users\/2"}],"replies":[{"embeddable":true,"href":"https:\/\/hoxdoll.com\/de\/wp-json\/wp\/v2\/comments?post=50494"}],"version-history":[{"count":10,"href":"https:\/\/hoxdoll.com\/de\/wp-json\/wp\/v2\/pages\/50494\/revisions"}],"predecessor-version":[{"id":50504,"href":"https:\/\/hoxdoll.com\/de\/wp-json\/wp\/v2\/pages\/50494\/revisions\/50504"}],"wp:attachment":[{"href":"https:\/\/hoxdoll.com\/de\/wp-json\/wp\/v2\/media?parent=50494"}],"curies":[{"name":"wp","href":"https:\/\/api.w.org\/{rel}","templated":true}]}}