{"id":3,"date":"2024-03-21T07:32:58","date_gmt":"2024-03-21T07:32:58","guid":{"rendered":"http:\/\/xoxdoll.com\/?page_id=3"},"modified":"2024-06-14T14:04:49","modified_gmt":"2024-06-14T06:04:49","slug":"privacy-policy","status":"publish","type":"page","link":"https:\/\/hoxdoll.com\/de\/privacy-policy\/","title":{"rendered":"Datenschutzrichtlinie"},"content":{"rendered":"<div data-elementor-type=\"wp-page\" data-elementor-id=\"3\" class=\"elementor elementor-3\" data-elementor-post-type=\"page\">\n\t\t\t\t<div class=\"elementor-element elementor-element-a8ed9c9 e-con-full e-flex e-con e-parent\" data-id=\"a8ed9c9\" data-element_type=\"container\" data-core-v316-plus=\"true\">\n\t\t\t\t<div class=\"elementor-element elementor-element-685d342 wd-width-100 elementor-widget elementor-widget-wd_title\" data-id=\"685d342\" data-element_type=\"widget\" data-widget_type=\"wd_title.default\">\n\t\t\t\t<div class=\"elementor-widget-container\">\n\t\t\t\t\t<div class=\"title-wrapper set-mb-s reset-last-child wd-title-color-default wd-title-style-default wd-title-size-medium text-left\">\n\n\t\t\t\n\t\t\t<div class=\"liner-continer\">\n\t\t\t\t<h4 class=\"woodmart-title-container title wd-fontsize-xl\">Wer sind wir?<\/h4> \n\t\t\t\t\t\t\t<\/div>\n\n\t\t\t\t\t\t\t<div class=\"title-after_title set-cont-mb-s reset-last-child wd-fontsize-s\">\n\t\t\t\t\t<p>Hoxdoll.com ist Eigentum der HoxDoll Company und wird von ihr betrieben. Weitere Informationen und unsere Kontaktdaten finden Sie auf unserer Seite \u201e\u00dcber uns\u201c.<\/p>\t\t\t\t<\/div>\n\t\t\t\t\t<\/div>\n\t\t\t\t<\/div>\n\t\t\t\t<\/div>\n\t\t\t\t<\/div>\n\t\t<div class=\"elementor-element elementor-element-7ca9db6 e-con-full e-flex e-con e-parent\" data-id=\"7ca9db6\" data-element_type=\"container\" data-core-v316-plus=\"true\">\n\t\t\t\t<div class=\"elementor-element elementor-element-8f706ca wd-width-100 elementor-widget elementor-widget-wd_title\" data-id=\"8f706ca\" data-element_type=\"widget\" data-widget_type=\"wd_title.default\">\n\t\t\t\t<div class=\"elementor-widget-container\">\n\t\t\t\t\t<div class=\"title-wrapper set-mb-s reset-last-child wd-title-color-default wd-title-style-default wd-title-size-medium text-left\">\n\n\t\t\t\n\t\t\t<div class=\"liner-continer\">\n\t\t\t\t<h4 class=\"woodmart-title-container title wd-fontsize-xl\">Was ist der Sinn der Datenschutzrichtlinie?<\/h4> \n\t\t\t\t\t\t\t<\/div>\n\n\t\t\t\t\t\t\t<div class=\"title-after_title set-cont-mb-s reset-last-child wd-fontsize-s\">\n\t\t\t\t\t<p>Unsere Datenschutzrichtlinie gibt klar an, was Sie erwarten k\u00f6nnen, wenn Sie Ihre Zahlungsdaten und pers\u00f6nlichen Informationen auf unserer Website \u00fcbermitteln. Wir empfehlen Ihnen dringend, unsere Datenschutzrichtlinie durchzulesen, bevor Sie unsere Dienste nutzen. Unsere Datenschutzrichtlinie gilt nur f\u00fcr Informationen, die Sie uns zur Verf\u00fcgung stellen. Daher sind alle pers\u00f6nlichen Informationen, die Sie anderen Websites oder Personen auf anderen Websites zur Verf\u00fcgung stellen, nicht von uns abgedeckt.\u00a0<\/p>\t\t\t\t<\/div>\n\t\t\t\t\t<\/div>\n\t\t\t\t<\/div>\n\t\t\t\t<\/div>\n\t\t\t\t<\/div>\n\t\t<div class=\"elementor-element elementor-element-b18bb49 e-con-full e-flex e-con e-parent\" data-id=\"b18bb49\" data-element_type=\"container\" data-core-v316-plus=\"true\">\n\t\t\t\t<div class=\"elementor-element elementor-element-314ccfe wd-width-100 elementor-widget elementor-widget-wd_title\" data-id=\"314ccfe\" data-element_type=\"widget\" data-widget_type=\"wd_title.default\">\n\t\t\t\t<div class=\"elementor-widget-container\">\n\t\t\t\t\t<div class=\"title-wrapper set-mb-s reset-last-child wd-title-color-default wd-title-style-default wd-title-size-medium text-left\">\n\n\t\t\t\n\t\t\t<div class=\"liner-continer\">\n\t\t\t\t<h4 class=\"woodmart-title-container title wd-fontsize-xl\">K\u00f6nnte sich die Datenschutzrichtlinie \u00e4ndern?<\/h4> \n\t\t\t\t\t\t\t<\/div>\n\n\t\t\t\t\t\t\t<div class=\"title-after_title set-cont-mb-s reset-last-child wd-fontsize-s\">\n\t\t\t\t\t<p>Da sich die Sexpuppenindustrie und das Internet weiterentwickeln, ist es nicht unm\u00f6glich, unsere Datenschutzrichtlinien zu \u00e4ndern. Wir werden Sie rechtzeitig \u00fcber alle \u00c4nderungen oder Modifikationen unserer Datenschutzrichtlinie informieren.<\/p>\t\t\t\t<\/div>\n\t\t\t\t\t<\/div>\n\t\t\t\t<\/div>\n\t\t\t\t<\/div>\n\t\t\t\t<\/div>\n\t\t<div class=\"elementor-element elementor-element-b606600 e-con-full e-flex e-con e-parent\" data-id=\"b606600\" data-element_type=\"container\" data-core-v316-plus=\"true\">\n\t\t\t\t<div class=\"elementor-element elementor-element-9c7b9d5 wd-width-100 elementor-widget elementor-widget-wd_title\" data-id=\"9c7b9d5\" data-element_type=\"widget\" data-widget_type=\"wd_title.default\">\n\t\t\t\t<div class=\"elementor-widget-container\">\n\t\t\t\t\t<div class=\"title-wrapper set-mb-s reset-last-child wd-title-color-default wd-title-style-default wd-title-size-medium text-left\">\n\n\t\t\t\n\t\t\t<div class=\"liner-continer\">\n\t\t\t\t<h4 class=\"woodmart-title-container title wd-fontsize-xl\">Welche Informationen sammeln wir?<\/h4> \n\t\t\t\t\t\t\t<\/div>\n\n\t\t\t\t\t\t\t<div class=\"title-after_title set-cont-mb-s reset-last-child wd-fontsize-s\">\n\t\t\t\t\t<p>Um unsere Dienste nutzen zu k\u00f6nnen, m\u00fcssen Sie uns einige grundlegende Informationen zur Verf\u00fcgung stellen. Dazu geh\u00f6ren Informationen wie Ihr Name und Ihre Kontaktdaten. Wir k\u00f6nnen auch einen Identit\u00e4tsnachweis zu \u00dcberpr\u00fcfungszwecken anfordern. Wir k\u00f6nnen auch Ihre Kontoinformationen wie Benutzername und Passwort anfordern. Dar\u00fcber hinaus m\u00fcssen Sie uns m\u00f6glicherweise bestimmte Details zu Ihren Transaktionen in Bezug auf unseren Dienst mitteilen.<\/p><p>W\u00e4hrend des Service und wenn Sie Feedback abgeben, m\u00fcssen Sie m\u00f6glicherweise einige relevante Informationen angeben. Wir ben\u00f6tigen m\u00f6glicherweise auch Ihre Kontaktinformationen sowie andere Informationen f\u00fcr unsere Newsletter und andere Marketingkampagnen.<\/p><p>Wir erfassen au\u00dferdem automatisch Informationen \u00fcber Sie, wenn Sie unsere Dienste nutzen, beispielsweise die IP-Adresse, die Sie f\u00fcr die Verbindung mit dem Internet verwendet haben. Wir erfassen m\u00f6glicherweise auch Informationen \u00fcber Ihren Browsertyp und Ihre Browserversion. Wir erfassen m\u00f6glicherweise Informationen \u00fcber Ihr Ger\u00e4t, darunter den Typ und andere Kennungen. Wir erfassen m\u00f6glicherweise Informationen \u00fcber Ihr Betriebssystem und Ihre Plattform sowie Ihre Mobilfunkdaten. Wir erfassen m\u00f6glicherweise eine eindeutige Referenznummer, die mit den in Ihr System eingegebenen Daten verkn\u00fcpft ist, sowie Anmeldedaten und die Website, von der Sie auf unsere Website gelangt sind. Wir erfassen m\u00f6glicherweise einen Teil Ihres Browserverlaufs zusammen mit Zeitstempeln.<\/p>\t\t\t\t<\/div>\n\t\t\t\t\t<\/div>\n\t\t\t\t<\/div>\n\t\t\t\t<\/div>\n\t\t\t\t<\/div>\n\t\t<div class=\"elementor-element elementor-element-4e3059e e-con-full e-flex e-con e-parent\" data-id=\"4e3059e\" data-element_type=\"container\" data-core-v316-plus=\"true\">\n\t\t\t\t<div class=\"elementor-element elementor-element-cc7edb4 wd-width-100 elementor-widget elementor-widget-wd_title\" data-id=\"cc7edb4\" data-element_type=\"widget\" data-widget_type=\"wd_title.default\">\n\t\t\t\t<div class=\"elementor-widget-container\">\n\t\t\t\t\t<div class=\"title-wrapper set-mb-s reset-last-child wd-title-color-default wd-title-style-default wd-title-size-medium text-left\">\n\n\t\t\t\n\t\t\t<div class=\"liner-continer\">\n\t\t\t\t<h4 class=\"woodmart-title-container title wd-fontsize-xl\">Welche Informationen geben wir an andere Personen weiter?<\/h4> \n\t\t\t\t\t\t\t<\/div>\n\n\t\t\t\t\t\t\t<div class=\"title-after_title set-cont-mb-s reset-last-child wd-fontsize-s\">\n\t\t\t\t\t<p>Zur \u00dcberpr\u00fcfung geben wir begrenzte Rechnungsinformationen weiter, die uns von unserem Zahlungsanbieter \u00fcbermittelt werden. Diese Informationen k\u00f6nnen Ihre E-Mail-Adresse, Rechnungsadresse und Ihren Namen enthalten.<\/p>\t\t\t\t<\/div>\n\t\t\t\t\t<\/div>\n\t\t\t\t<\/div>\n\t\t\t\t<\/div>\n\t\t\t\t<\/div>\n\t\t<div class=\"elementor-element elementor-element-7cf7528 e-con-full e-flex e-con e-parent\" data-id=\"7cf7528\" data-element_type=\"container\" data-core-v316-plus=\"true\">\n\t\t\t\t<div class=\"elementor-element elementor-element-84e6d81 wd-width-100 elementor-widget elementor-widget-wd_title\" data-id=\"84e6d81\" data-element_type=\"widget\" data-widget_type=\"wd_title.default\">\n\t\t\t\t<div class=\"elementor-widget-container\">\n\t\t\t\t\t<div class=\"title-wrapper set-mb-s reset-last-child wd-title-color-default wd-title-style-default wd-title-size-medium text-left\">\n\n\t\t\t\n\t\t\t<div class=\"liner-continer\">\n\t\t\t\t<h4 class=\"woodmart-title-container title wd-fontsize-xl\">Warum erfassen wir diese Informationen? <\/h4> \n\t\t\t\t\t\t\t<\/div>\n\n\t\t\t\t\t\t\t<div class=\"title-after_title set-cont-mb-s reset-last-child wd-fontsize-s\">\n\t\t\t\t\t<p>Wir erfassen Ihre Daten, weil diese f\u00fcr die Durchf\u00fchrung eines Vertrags mit Ihnen und die Abwicklung eines solchen Vertrags erforderlich sind. Dies gilt auch f\u00fcr Informationen wie Erstanfragen, Profilinformationen, Kontaktdaten und Transaktionsinformationen.<\/p><p>Wir k\u00f6nnen diese Informationen auch sammeln, weil es in unserem berechtigten Interesse liegt, potenziellen Kunden Marketing-Mitteilungen \u00fcber andere Produkte zu senden, an denen sie interessiert sein k\u00f6nnten. Wir tun dies auch, um unseren Service zu verwalten und zu verbessern, indem wir Nutzungsmuster f\u00fcr den Verkauf verfolgen. Wir tun dies auch, um Betrug oder Missbrauch unserer Dienste aufzudecken. Wir sammeln Informationen wie Kontaktdaten, automatisiertes Feedback zu Nutzungsdaten und Service, um dies zu erreichen.<\/p><p>Wir erfassen diese Informationen auch, weil Sie ausdr\u00fccklich zugestimmt haben, Ihre Daten zu verzehren. Sie haben jedoch weiterhin die Kontrolle \u00fcber Ihre Zustimmung. Senden Sie uns also jederzeit eine E-Mail mit Ihrer Absicht, Ihre Zustimmung zu widerrufen.<\/p>\t\t\t\t<\/div>\n\t\t\t\t\t<\/div>\n\t\t\t\t<\/div>\n\t\t\t\t<\/div>\n\t\t\t\t<\/div>\n\t\t<div class=\"elementor-element elementor-element-8d80555 e-con-full e-flex e-con e-parent\" data-id=\"8d80555\" data-element_type=\"container\" data-core-v316-plus=\"true\">\n\t\t\t\t<div class=\"elementor-element elementor-element-37f82a3 wd-width-100 elementor-widget elementor-widget-wd_title\" data-id=\"37f82a3\" data-element_type=\"widget\" data-widget_type=\"wd_title.default\">\n\t\t\t\t<div class=\"elementor-widget-container\">\n\t\t\t\t\t<div class=\"title-wrapper set-mb-s reset-last-child wd-title-color-default wd-title-style-default wd-title-size-medium text-left\">\n\n\t\t\t\n\t\t\t<div class=\"liner-continer\">\n\t\t\t\t<h4 class=\"woodmart-title-container title wd-fontsize-xl\">Wie lange speichert hoxdoll.com Ihre Daten?<\/h4> \n\t\t\t\t\t\t\t<\/div>\n\n\t\t\t\t\t\t\t<div class=\"title-after_title set-cont-mb-s reset-last-child wd-fontsize-s\">\n\t\t\t\t\t<p>Wir bewahren Ihre beruflichen Daten so lange auf, bis Sie uns ausdr\u00fccklich zur L\u00f6schung auffordern oder bis der Vertrag mit Ihnen endet.<\/p><p>Aus berechtigten rechtlichen Gr\u00fcnden k\u00f6nnen wir jedoch einige Ihrer Daten l\u00e4nger aufbewahren. Einige Informationen sind aus regulatorischen oder steuerlichen Gr\u00fcnden sowie zur Betrugs- und Missbrauchspr\u00e4vention erforderlich. Aus diesen Gr\u00fcnden k\u00f6nnen wir Ihre Daten in der Regel bis zu 6 Jahre lang aufbewahren.<\/p><p>Wir halten Ihre Daten auch f\u00fcr Newsletter und andere Marketingkampagnen bereit, bis Sie uns mitteilen, dass Sie nicht mehr mit unseren Werbeangeboten kontaktiert werden m\u00f6chten.<\/p><p>Wir speichern automatisierte Browsing-Informationen im Allgemeinen bis zu 26 Monate lang. Dies erm\u00f6glicht es uns, relevante Informationen im Falle eines Missbrauchs von Diensten oder Betrugs aufzubewahren.<\/p>\t\t\t\t<\/div>\n\t\t\t\t\t<\/div>\n\t\t\t\t<\/div>\n\t\t\t\t<\/div>\n\t\t\t\t<\/div>\n\t\t<div class=\"elementor-element elementor-element-d8a088d e-con-full e-flex e-con e-parent\" data-id=\"d8a088d\" data-element_type=\"container\" data-core-v316-plus=\"true\">\n\t\t\t\t<div class=\"elementor-element elementor-element-5216bc1 wd-width-100 elementor-widget elementor-widget-wd_title\" data-id=\"5216bc1\" data-element_type=\"widget\" data-widget_type=\"wd_title.default\">\n\t\t\t\t<div class=\"elementor-widget-container\">\n\t\t\t\t\t<div class=\"title-wrapper set-mb-s reset-last-child wd-title-color-default wd-title-style-default wd-title-size-medium text-left\">\n\n\t\t\t\n\t\t\t<div class=\"liner-continer\">\n\t\t\t\t<h4 class=\"woodmart-title-container title wd-fontsize-xl\">An welche Organisationen geben wir Ihre personenbezogenen Daten weiter?<\/h4> \n\t\t\t\t\t\t\t<\/div>\n\n\t\t\t\t\t\t\t<div class=\"title-after_title set-cont-mb-s reset-last-child wd-fontsize-s\">\n\t\t\t\t\t<p>Wir k\u00f6nnen Ihre Informationen an Unternehmen weitergeben, die f\u00fcr uns Dienstleistungen wie Kurierdienste, Websiteverwaltung und Hostingdienste, Kundendienst, Zahlungsdienste, E-Commerce-Dienste, Bewertungsverwaltungsdienste, Analysedienste, E-Mail-Versanddienste und Life-Chat-Dienste bereitstellen, sowie an eine Reihe anderer relevanter Unternehmen.<\/p><p>Wir k\u00f6nnen Ihre personenbezogenen Daten auch an Strafverfolgungsbeh\u00f6rden und andere offizielle Beh\u00f6rden weitergeben, wenn dies erforderlich ist. Auf diese Weise k\u00f6nnen sie Betrugsmissbrauch bek\u00e4mpfen und die Einhaltung gesetzlicher Anforderungen gew\u00e4hrleisten.<\/p><p>Wir geben Ihre Daten an Sachverst\u00e4ndige und professionelle Berater weiter, die einen relevanten Bezug zu unserem Versicherungsschutz haben. Dies erm\u00f6glicht uns die Bearbeitung von Rechtsanspr\u00fcchen.<\/p><p>Wir geben Ihre personenbezogenen Daten an potenzielle K\u00e4ufer weiter, sofern im Falle eines tats\u00e4chlichen oder geplanten Verkaufs oder einer Fusion unseres Unternehmens, bei dem bzw. der relevante Aspekte unseres Unternehmens betroffen sein k\u00f6nnten, eine angemessene Begr\u00fcndung vorliegt.<\/p>\t\t\t\t<\/div>\n\t\t\t\t\t<\/div>\n\t\t\t\t<\/div>\n\t\t\t\t<\/div>\n\t\t\t\t<\/div>\n\t\t<div class=\"elementor-element elementor-element-92a7b81 e-con-full e-flex e-con e-parent\" data-id=\"92a7b81\" data-element_type=\"container\" data-core-v316-plus=\"true\">\n\t\t\t\t<div class=\"elementor-element elementor-element-4240f63 wd-width-100 elementor-widget elementor-widget-wd_title\" data-id=\"4240f63\" data-element_type=\"widget\" data-widget_type=\"wd_title.default\">\n\t\t\t\t<div class=\"elementor-widget-container\">\n\t\t\t\t\t<div class=\"title-wrapper set-mb-s reset-last-child wd-title-color-default wd-title-style-default wd-title-size-medium text-left\">\n\n\t\t\t\n\t\t\t<div class=\"liner-continer\">\n\t\t\t\t<h4 class=\"woodmart-title-container title wd-fontsize-xl\">Senden wir Ihre Informationen an Standorte \u00fcber internationale Grenzen hinweg?<\/h4> \n\t\t\t\t\t\t\t<\/div>\n\n\t\t\t\t\t\t\t<div class=\"title-after_title set-cont-mb-s reset-last-child wd-fontsize-s\">\n\t\t\t\t\t<p>Unser Unternehmen hat Niederlassungen in mehreren L\u00e4ndern, unser Hauptsitz befindet sich in China. Wir arbeiten auch mit internationalen Kurierdiensten wie DHL und FedEx zusammen. Die Art unserer Dienstleistungen erfordert daher, dass wir bestimmte Informationen \u00fcber internationale Grenzen hinweg weitergeben.<\/p><p>Wir k\u00f6nnen Ihre relevanten biografischen Daten wie Ihren Namen sowie Kontaktdaten, IP-Adresse, Browserinformationen usw. au\u00dferhalb Ihres Landes weitergeben. Diese Informationen werden an Unternehmen weitergegeben, die uns Hosting-Dienste, Analysen, E-Commerce, E-Mail-Versand und andere relevante Dienste bereitstellen.<\/p><p>Wir versichern Ihnen jedoch, dass jeder Fall, in dem wir Ihre Informationen weitergeben, v\u00f6llig legal und gerechtfertigt ist. Dar\u00fcber hinaus wird jede Informations\u00fcbermittlung von der Information Commission genehmigt, um einen angemessenen Schutz Ihrer pers\u00f6nlichen Informationen zu gew\u00e4hrleisten.<\/p><p>M\u00f6glicherweise m\u00fcssen wir Ihre Kontaktdaten auch an Lieferdienste in Ihrem Land weitergeben. Nur so kann Ihre Bestellung zugestellt werden.<\/p><h4>Welche Rechte haben Sie als Hox Doll-Kunde?<\/h4><p>Sobald Sie bestimmte gesetzliche Voraussetzungen erf\u00fcllt haben, stehen Ihnen folgende Rechte zu.<\/p><ul><li>Das Recht, uns um Zugriff auf Ihre pers\u00f6nlichen Daten zu bitten, entweder zur Berichtigung, L\u00f6schung oder vollst\u00e4ndigen Einschr\u00e4nkung der Verarbeitung unter bestimmten Umst\u00e4nden. Sie haben jederzeit das Recht, Ihre Einwilligung zu Marketingzwecken zu widerrufen.<\/li><li>Sie haben in bestimmten F\u00e4llen das Recht, der Nutzung Ihrer personenbezogenen Daten zu widersprechen.<\/li><li>Wenn Sie Probleme oder Einw\u00e4nde hinsichtlich der Art und Weise haben, wie wir mit Ihren pers\u00f6nlichen Daten umgehen, kontaktieren Sie die E-Mail-Adresse auf der Seite \u201e\u00dcber uns\u201c.<\/li><\/ul><p>Weitere Informationen zu all Ihren Rechten finden Sie auf der offiziellen ICO-Website.<\/p><h4>Was ist mit Cookies?<\/h4><p>hoxdoll.com verwendet wie andere Sexpuppenunternehmen Cookies sowie andere Tracking-Technologien und unsere Website. Diese Datei wird h\u00e4ufig verwendet, um den Betrieb unserer Website effizienter zu gestalten. Sie liefert uns Informationen \u00fcber Ihren Browserverlauf und erm\u00f6glicht es unserer Website, in Ihrem Browser besser zu funktionieren. Einige Cookies sind tempor\u00e4r und verbleiben nur so lange auf Ihrem Computer, bis Sie Ihren aktiven Browser schlie\u00dfen. Andere Cookies sind dauerhafter und verbleiben l\u00e4nger auf Ihrem Computer. Denken Sie daran, dass Sie Ihren Browser so konfigurieren k\u00f6nnen, dass er Cookies ablehnt. Die Funktionalit\u00e4t unserer Website ist jedoch eingeschr\u00e4nkt, wenn Sie Ihren Browser so einstellen, dass er keine Cookies akzeptiert.<\/p>\t\t\t\t<\/div>\n\t\t\t\t\t<\/div>\n\t\t\t\t<\/div>\n\t\t\t\t<\/div>\n\t\t\t\t<\/div>\n\t\t\t\t<\/div>","protected":false},"excerpt":{"rendered":"<p>Wer sind wir? Hoxdoll.com ist Eigentum der HoxDoll Company und wird von ihr betrieben. Weitere Informationen und unsere Kontaktdaten finden Sie auf unserer<\/p>","protected":false},"author":2,"featured_media":0,"parent":0,"menu_order":0,"comment_status":"closed","ping_status":"closed","template":"","meta":{"rank_math_lock_modified_date":false,"footnotes":""},"class_list":["post-3","page","type-page","status-publish","hentry"],"_links":{"self":[{"href":"https:\/\/hoxdoll.com\/de\/wp-json\/wp\/v2\/pages\/3","targetHints":{"allow":["GET"]}}],"collection":[{"href":"https:\/\/hoxdoll.com\/de\/wp-json\/wp\/v2\/pages"}],"about":[{"href":"https:\/\/hoxdoll.com\/de\/wp-json\/wp\/v2\/types\/page"}],"author":[{"embeddable":true,"href":"https:\/\/hoxdoll.com\/de\/wp-json\/wp\/v2\/users\/2"}],"replies":[{"embeddable":true,"href":"https:\/\/hoxdoll.com\/de\/wp-json\/wp\/v2\/comments?post=3"}],"version-history":[{"count":6,"href":"https:\/\/hoxdoll.com\/de\/wp-json\/wp\/v2\/pages\/3\/revisions"}],"predecessor-version":[{"id":51576,"href":"https:\/\/hoxdoll.com\/de\/wp-json\/wp\/v2\/pages\/3\/revisions\/51576"}],"wp:attachment":[{"href":"https:\/\/hoxdoll.com\/de\/wp-json\/wp\/v2\/media?parent=3"}],"curies":[{"name":"wp","href":"https:\/\/api.w.org\/{rel}","templated":true}]}}